{"id":9954,"date":"2024-04-23T16:12:45","date_gmt":"2024-04-23T16:12:45","guid":{"rendered":"https:\/\/hotelbernatcalella.com\/politique-de-confidentialite\/"},"modified":"2026-02-02T15:01:57","modified_gmt":"2026-02-02T15:01:57","slug":"politique-de-confidentialite","status":"publish","type":"page","link":"https:\/\/hotelbernatcalella.com\/fr\/politique-de-confidentialite\/","title":{"rendered":"Politique de confidentialit\u00e9"},"content":{"rendered":"\t\t<div data-elementor-type=\"wp-page\" data-elementor-id=\"9954\" class=\"elementor elementor-9954 elementor-3\" data-elementor-post-type=\"page\">\n\t\t\t\t<div class=\"elementor-element elementor-element-6a4c36da e-flex e-con-boxed e-con e-parent\" data-id=\"6a4c36da\" data-element_type=\"container\" data-e-type=\"container\">\n\t\t\t\t\t<div class=\"e-con-inner\">\n\t\t\t\t<div class=\"elementor-element elementor-element-4231a5b5 elementor-widget elementor-widget-text-editor\" data-id=\"4231a5b5\" data-element_type=\"widget\" data-e-type=\"widget\" data-widget_type=\"text-editor.default\">\n\t\t\t\t\t\t\t\t\t<h1><strong>Politique de confidentialit\u00e9<\/strong><\/h1><p><span data-contrast=\"auto\">Conform\u00e9ment au R\u00e8glement (UE) 2016\/679 et \u00e0 la Loi Organique 3\/2018 du 5 d\u00e9cembre sur la protection des donn\u00e9es personnelles et la garantie des droits num\u00e9riques (LOPDGDD), en tant que Responsable du traitement, nous vous fournissons les informations suivantes :<\/span><span data-ccp-props=\"{}\"> <\/span><\/p><p><b><span data-contrast=\"auto\">Responsable du traitement:<\/span><\/b> <br><span data-contrast=\"auto\">Raison sociale: VALOM, S.L.<\/span> <br><span data-contrast=\"auto\">NIF: B08815904<\/span> <br><span data-contrast=\"auto\">Adresse: Avinguda del Turisme, 42-44, 08370 Calella (Barcelona)<\/span> <br><span data-contrast=\"auto\">E-mail: <\/span><a href=\"mailto:rgpd@hotelbernat.com\"><span data-contrast=\"none\">rgpd@hotelbernat.com<\/span><\/a><span data-ccp-props=\"{}\"> <\/span><\/p><p><b><span data-contrast=\"auto\">Finalit\u00e9 et l\u00e9gitimation: <\/span><\/b><br>Nous traitons les donn\u00e9es personnelles pour :<span data-ccp-props=\"{}\"> <\/span><\/p><ul><li aria-setsize=\"-1\" data-leveltext=\"\uf0b7\" data-font=\"Symbol\" data-listid=\"4\" data-list-defn-props=\"{\"335552541\":1,\"335559685\":720,\"335559991\":360,\"469769226\":\"Symbol\",\"469769242\":[8226],\"469777803\":\"left\",\"469777804\":\"\uf0b7\",\"469777815\":\"multilevel\"}\" data-aria-posinset=\"1\" data-aria-level=\"1\"><span data-contrast=\"auto\">Enregistrer l\u2019arriv\u00e9e \u00e0 l\u2019h\u00f4tel. <\/span><span data-ccp-props=\"{}\"> <\/span><\/li><\/ul><ul><li aria-setsize=\"-1\" data-leveltext=\"\uf0b7\" data-font=\"Symbol\" data-listid=\"4\" data-list-defn-props=\"{\"335552541\":1,\"335559685\":720,\"335559991\":360,\"469769226\":\"Symbol\",\"469769242\":[8226],\"469777803\":\"left\",\"469777804\":\"\uf0b7\",\"469777815\":\"multilevel\"}\" data-aria-posinset=\"2\" data-aria-level=\"1\"><span data-contrast=\"auto\">Appliquer des remises sur de futures r\u00e9servations. <\/span><span data-ccp-props=\"{}\"> <\/span><\/li><\/ul><ul><li aria-setsize=\"-1\" data-leveltext=\"\uf0b7\" data-font=\"Symbol\" data-listid=\"4\" data-list-defn-props=\"{\"335552541\":1,\"335559685\":720,\"335559991\":360,\"469769226\":\"Symbol\",\"469769242\":[8226],\"469777803\":\"left\",\"469777804\":\"\uf0b7\",\"469777815\":\"multilevel\"}\" data-aria-posinset=\"3\" data-aria-level=\"1\"><span data-contrast=\"auto\">Envoyer des enqu\u00eates de satisfaction.<\/span><span data-ccp-props=\"{}\"> <\/span><\/li><\/ul><p><b><span data-contrast=\"auto\">Dur\u00e9e de conservation :<\/span><\/b> <br><span data-contrast=\"auto\">Les donn\u00e9es seront conserv\u00e9es tant qu\u2019elles seront n\u00e9cessaires, sauf obligation l\u00e9gale. <\/span><br><span data-contrast=\"auto\">Les e-mails seront conserv\u00e9s tant que l\u2019utilisateur ne retire pas son consentement ou n\u2019en demande la suppression.<\/span><span data-ccp-props=\"{}\"> <\/span><\/p><p><b><span data-contrast=\"auto\">Destinataires : <\/span><\/b><br><span data-contrast=\"auto\">Les donn\u00e9es peuvent \u00eatre communiqu\u00e9es \u00e0 :<\/span><span data-ccp-props=\"{}\"> <\/span><\/p><ul><li aria-setsize=\"-1\" data-leveltext=\"\uf0b7\" data-font=\"Symbol\" data-listid=\"5\" data-list-defn-props=\"{\"335552541\":1,\"335559685\":720,\"335559991\":360,\"469769226\":\"Symbol\",\"469769242\":[8226],\"469777803\":\"left\",\"469777804\":\"\uf0b7\",\"469777815\":\"multilevel\"}\" data-aria-posinset=\"1\" data-aria-level=\"1\"><span data-contrast=\"auto\">Les forces de s\u00e9curit\u00e9, en application de la Loi Organique 4\/2015.<\/span><span data-ccp-props=\"{}\"> <\/span><\/li><\/ul><ul><li aria-setsize=\"-1\" data-leveltext=\"\uf0b7\" data-font=\"Symbol\" data-listid=\"5\" data-list-defn-props=\"{\"335552541\":1,\"335559685\":720,\"335559991\":360,\"469769226\":\"Symbol\",\"469769242\":[8226],\"469777803\":\"left\",\"469777804\":\"\uf0b7\",\"469777815\":\"multilevel\"}\" data-aria-posinset=\"2\" data-aria-level=\"1\"><span data-contrast=\"auto\">D\u2019autres h\u00f4tels du groupe (Hotel Augustus, C\u00e9sar Augustus, Tuc Blanc) ou entreprises partenaires, avec consentement ou obligation l\u00e9gale.<\/span><span data-ccp-props=\"{}\"> <\/span><\/li><\/ul><p><b><span data-contrast=\"auto\">Transferts internationaux : <\/span><\/b><br><span data-contrast=\"auto\">Aucun transfert de donn\u00e9es n\u2019est effectu\u00e9 hors de l\u2019Union Europ\u00e9enne. <\/span><span data-ccp-props=\"{}\"> <\/span><\/p><p><b><span data-contrast=\"auto\">Mesures de s\u00e9curit\u00e9 : <\/span><\/b><br><span data-contrast=\"auto\">VALOM, S.L. applique des mesures techniques et organisationnelles pour garantir la s\u00e9curit\u00e9 des donn\u00e9es personnelles. <\/span><span data-ccp-props=\"{}\"> <\/span><\/p><p><b><span data-contrast=\"auto\">Droits de l\u2019int\u00e9ress\u00e9 :<\/span><\/b><span data-ccp-props=\"{}\"> <\/span><\/p><ul><li aria-setsize=\"-1\" data-leveltext=\"\uf0b7\" data-font=\"Symbol\" data-listid=\"6\" data-list-defn-props=\"{\"335552541\":1,\"335559685\":720,\"335559991\":360,\"469769226\":\"Symbol\",\"469769242\":[8226],\"469777803\":\"left\",\"469777804\":\"\uf0b7\",\"469777815\":\"multilevel\"}\" data-aria-posinset=\"1\" data-aria-level=\"1\"><span data-contrast=\"auto\">Acc\u00e9der, rectifier ou supprimer les donn\u00e9es.<\/span><span data-ccp-props=\"{}\"> <\/span><\/li><\/ul><ul><li aria-setsize=\"-1\" data-leveltext=\"\uf0b7\" data-font=\"Symbol\" data-listid=\"6\" data-list-defn-props=\"{\"335552541\":1,\"335559685\":720,\"335559991\":360,\"469769226\":\"Symbol\",\"469769242\":[8226],\"469777803\":\"left\",\"469777804\":\"\uf0b7\",\"469777815\":\"multilevel\"}\" data-aria-posinset=\"2\" data-aria-level=\"1\"><span data-contrast=\"auto\">Limiter ou s\u2019opposer au traitement.<\/span><span data-ccp-props=\"{}\"> <\/span><\/li><\/ul><ul><li aria-setsize=\"-1\" data-leveltext=\"\uf0b7\" data-font=\"Symbol\" data-listid=\"6\" data-list-defn-props=\"{\"335552541\":1,\"335559685\":720,\"335559991\":360,\"469769226\":\"Symbol\",\"469769242\":[8226],\"469777803\":\"left\",\"469777804\":\"\uf0b7\",\"469777815\":\"multilevel\"}\" data-aria-posinset=\"3\" data-aria-level=\"1\"><span data-contrast=\"auto\">Demander la portabilit\u00e9 des donn\u00e9es.<\/span><span data-ccp-props=\"{}\"> <\/span><\/li><\/ul><ul><li aria-setsize=\"-1\" data-leveltext=\"\uf0b7\" data-font=\"Symbol\" data-listid=\"6\" data-list-defn-props=\"{\"335552541\":1,\"335559685\":720,\"335559991\":360,\"469769226\":\"Symbol\",\"469769242\":[8226],\"469777803\":\"left\",\"469777804\":\"\uf0b7\",\"469777815\":\"multilevel\"}\" data-aria-posinset=\"4\" data-aria-level=\"1\"><span data-contrast=\"auto\">Retirer le consentement \u00e0 tout moment.<\/span><span data-ccp-props=\"{}\"> <\/span><\/li><\/ul><p><span data-contrast=\"auto\">Exercice des droits:<\/span> <br><span data-contrast=\"auto\">Adresse postale: Avinguda del Turisme, 42-44, 08370 Calella (Barcelona)<\/span> <br><span data-contrast=\"auto\">E-mail: <\/span><a href=\"mailto:rgpd@hotelbernat.com\"><span data-contrast=\"none\">rgpd@hotelbernat.com<\/span><\/a><span data-ccp-props=\"{}\"> <\/span><\/p><p><span data-contrast=\"auto\">R\u00e9clamation: <\/span><a href=\"https:\/\/url.avanan.click\/v2\/r02\/___http:\/\/www.sedeagpd.gob.es___.YXAxZTp0YXJpbmFzMTphOm86NGZjMDFlZjAwY2Y3MmNmNzJlMTZiMjYyOGIwMDJhYjI6Nzo1ZmY3OjhiZDJmOTQzZDVmZmFmZmRhOGFhYmJjYzRiM2VjM2FiNjhmYWVhNjI2M2ZhNDZkNDViZDUzNmI2NWFkYjNkMmY6cDpUOkY\"><span data-contrast=\"none\">www.sedeagpd.gob.es<\/span><\/a><span data-contrast=\"auto\"> o C\/ Jorge Juan, 6, 28001 Madrid.<\/span><span data-ccp-props=\"{}\"> <\/span><\/p><p><b><span data-contrast=\"auto\">Informations compl\u00e9mentaires:<\/span><\/b><span data-contrast=\"auto\"> <\/span><a href=\"https:\/\/url.avanan.click\/v2\/r02\/___http:\/\/www.hotelbernatcalella.com___.YXAxZTp0YXJpbmFzMTphOm86NGZjMDFlZjAwY2Y3MmNmNzJlMTZiMjYyOGIwMDJhYjI6NzplZDQ5OmUyMjg2OWQxMTQ3YTQ3MDA2NzUxNjk2MGIxMjRlNjY0OTcyYzVjMmJmZWMyM2E4MzE3ZTY2OGYyMmNiYTBmMDc6cDpUOkY\"><span data-contrast=\"none\">www.hotelbernatcalella.com<\/span><\/a><span data-ccp-props=\"{}\"> <\/span><\/p><p><span data-ccp-props=\"{}\"> <\/span><\/p><p><b><span data-contrast=\"auto\">CONDITIONS DE PARKING<\/span><\/b><span data-ccp-props=\"{}\"> <\/span><\/p><p><span data-contrast=\"auto\">L\u2019h\u00f4tel d\u00e9cline toute responsabilit\u00e9 en cas de dommage mat\u00e9riel au v\u00e9hicule ou \u00e0 son contenu, y compris vol, tentative de vol ou acte de vandalisme.<\/span><span data-ccp-props=\"{}\"> <\/span><\/p><p><span data-ccp-props=\"{}\"> <\/span><\/p><p><b><span data-contrast=\"auto\">CONDITIONS DU COFFRE-FORT<\/span><\/b><span data-ccp-props=\"{}\"> <\/span><\/p><p><span data-contrast=\"auto\">L\u2019h\u00f4tel ne r\u00e9pond que de l\u2019argent liquide, des bijoux ou objets de valeur d\u00e9pos\u00e9s dans les coffres-forts des chambres, jusqu\u2019\u00e0 un montant de 1.500 EUR.<\/span><span data-ccp-props=\"{}\"> <\/span><\/p>\t\t\t\t\t\t\t\t<\/div>\n\t\t\t\t\t<\/div>\n\t\t\t\t<\/div>\n\t\t\t\t<\/div>\n\t\t","protected":false},"excerpt":{"rendered":"<p>Politique de confidentialit\u00e9 Conform\u00e9ment au R\u00e8glement (UE) 2016\/679 et \u00e0 la Loi Organique 3\/2018 du 5 d\u00e9cembre sur la protection des donn\u00e9es personnelles et la garantie des droits num\u00e9riques (LOPDGDD), en tant que Responsable du traitement, nous vous fournissons les informations suivantes : Responsable du traitement: Raison sociale: VALOM, S.L. NIF: B08815904 Adresse: Avinguda del &#8230;<\/p>\n","protected":false},"author":1,"featured_media":15430,"parent":0,"menu_order":0,"comment_status":"closed","ping_status":"open","template":"elementor_theme","meta":{"cozystay_single_page_hide_site_header":"","cozystay_single_page_site_header_source":"","cozystay_single_page_custom_site_header":"0","cozystay_single_page_custom_sticky_site_header":"0","cozystay_single_page_hide_page_title":"","cozystay_single_page_header_section_size":"","cozystay_single_page_header_background_color":"","cozystay_single_page_header_background_position_x":"center","cozystay_single_page_header_background_position_y":"center","cozystay_single_page_header_background_size":"cover","cozystay_single_page_header_background_repeat":"off","cozystay_single_page_header_background_scroll":"on","cozystay_single_page_header_text_color":"","cozystay_single_page_header_show_breadcrumb":"","cozystay_single_page_site_footer_hide_main":"","cozystay_single_custom_site_footer_main_source":"","cozystay_single_custom_site_footer_main":"0","cozystay_single_page_site_footer_hide_above":"","cozystay_single_custom_site_footer_above_source":"","cozystay_single_custom_site_footer_above":"0","cozystay_single_page_site_footer_hide_instagram":"","cozystay_single_page_site_footer_hide_bottom":"","cozystay_single_custom_mobile_menu_source":"","cozystay_single_custom_mobile_menu":"0","cozystay_single_custom_mobile_menu_animation":"","cozystay_single_custom_mobile_menu_width":"","cozystay_single_custom_mobile_menu_custom_width":375,"footnotes":""},"class_list":["post-9954","page","type-page","status-publish","has-post-thumbnail","hentry"],"yoast_head":"<!-- This site is optimized with the Yoast SEO plugin v27.1.1 - https:\/\/yoast.com\/product\/yoast-seo-wordpress\/ -->\n<title>Politique de confidentialit\u00e9 | Hotel Bernat II<\/title>\n<meta name=\"robots\" content=\"index, follow, max-snippet:-1, max-image-preview:large, max-video-preview:-1\" \/>\n<link rel=\"canonical\" href=\"https:\/\/hotelbernatcalella.com\/fr\/politique-de-confidentialite\/\" \/>\n<meta property=\"og:locale\" content=\"fr_FR\" \/>\n<meta property=\"og:type\" content=\"article\" \/>\n<meta property=\"og:title\" content=\"Politique de confidentialit\u00e9 | Hotel Bernat II\" \/>\n<meta property=\"og:description\" content=\"Politique de confidentialit\u00e9 Conform\u00e9ment au R\u00e8glement (UE) 2016\/679 et \u00e0 la Loi Organique 3\/2018 du 5 d\u00e9cembre sur la protection des donn\u00e9es personnelles et la garantie des droits num\u00e9riques (LOPDGDD), en tant que Responsable du traitement, nous vous fournissons les informations suivantes : Responsable du traitement: Raison sociale: VALOM, S.L. NIF: B08815904 Adresse: Avinguda del ...\" \/>\n<meta property=\"og:url\" content=\"https:\/\/hotelbernatcalella.com\/fr\/politique-de-confidentialite\/\" \/>\n<meta property=\"og:site_name\" content=\"Hotel Bernat II\" \/>\n<meta property=\"article:modified_time\" content=\"2026-02-02T15:01:57+00:00\" \/>\n<meta property=\"og:image\" content=\"https:\/\/www.hotelbernatcalella.com\/wp-content\/uploads\/2025\/06\/recepcion-hotel-bernat-2.webp\" \/>\n\t<meta property=\"og:image:width\" content=\"1024\" \/>\n\t<meta property=\"og:image:height\" content=\"768\" \/>\n\t<meta property=\"og:image:type\" content=\"image\/webp\" \/>\n<meta name=\"twitter:card\" content=\"summary_large_image\" \/>\n<meta name=\"twitter:label1\" content=\"Dur\u00e9e de lecture estim\u00e9e\" \/>\n\t<meta name=\"twitter:data1\" content=\"2 minutes\" \/>\n<script type=\"application\/ld+json\" class=\"yoast-schema-graph\">{\"@context\":\"https:\/\/schema.org\",\"@graph\":[{\"@type\":\"WebPage\",\"@id\":\"https:\/\/hotelbernatcalella.com\/fr\/politique-de-confidentialite\/\",\"url\":\"https:\/\/hotelbernatcalella.com\/fr\/politique-de-confidentialite\/\",\"name\":\"Politique de confidentialit\u00e9 | Hotel Bernat II\",\"isPartOf\":{\"@id\":\"https:\/\/www.hotelbernatcalella.com\/fr\/#website\"},\"primaryImageOfPage\":{\"@id\":\"https:\/\/hotelbernatcalella.com\/fr\/politique-de-confidentialite\/#primaryimage\"},\"image\":{\"@id\":\"https:\/\/hotelbernatcalella.com\/fr\/politique-de-confidentialite\/#primaryimage\"},\"thumbnailUrl\":\"https:\/\/hotelbernatcalella.com\/wp-content\/uploads\/2025\/06\/recepcion-hotel-bernat-2.webp\",\"datePublished\":\"2024-04-23T16:12:45+00:00\",\"dateModified\":\"2026-02-02T15:01:57+00:00\",\"breadcrumb\":{\"@id\":\"https:\/\/hotelbernatcalella.com\/fr\/politique-de-confidentialite\/#breadcrumb\"},\"inLanguage\":\"fr-FR\",\"potentialAction\":[{\"@type\":\"ReadAction\",\"target\":[\"https:\/\/hotelbernatcalella.com\/fr\/politique-de-confidentialite\/\"]}]},{\"@type\":\"ImageObject\",\"inLanguage\":\"fr-FR\",\"@id\":\"https:\/\/hotelbernatcalella.com\/fr\/politique-de-confidentialite\/#primaryimage\",\"url\":\"https:\/\/hotelbernatcalella.com\/wp-content\/uploads\/2025\/06\/recepcion-hotel-bernat-2.webp\",\"contentUrl\":\"https:\/\/hotelbernatcalella.com\/wp-content\/uploads\/2025\/06\/recepcion-hotel-bernat-2.webp\",\"width\":1024,\"height\":768,\"caption\":\"recepcion-hotel-bernat-2\"},{\"@type\":\"BreadcrumbList\",\"@id\":\"https:\/\/hotelbernatcalella.com\/fr\/politique-de-confidentialite\/#breadcrumb\",\"itemListElement\":[{\"@type\":\"ListItem\",\"position\":1,\"name\":\"Portada\",\"item\":\"https:\/\/www.hotelbernatcalella.com\/fr\/\"},{\"@type\":\"ListItem\",\"position\":2,\"name\":\"Politique de confidentialit\u00e9\"}]},{\"@type\":\"WebSite\",\"@id\":\"https:\/\/www.hotelbernatcalella.com\/fr\/#website\",\"url\":\"https:\/\/www.hotelbernatcalella.com\/fr\/\",\"name\":\"Hotel Bernat II & Spa Calella\",\"description\":\"H\u00f4tel \u00e0 Calella\",\"alternateName\":\"Hotel Bernat II & Spa\",\"potentialAction\":[{\"@type\":\"SearchAction\",\"target\":{\"@type\":\"EntryPoint\",\"urlTemplate\":\"https:\/\/www.hotelbernatcalella.com\/fr\/?s={search_term_string}\"},\"query-input\":{\"@type\":\"PropertyValueSpecification\",\"valueRequired\":true,\"valueName\":\"search_term_string\"}}],\"inLanguage\":\"fr-FR\"}]}<\/script>\n<!-- \/ Yoast SEO plugin. -->","yoast_head_json":{"title":"Politique de confidentialit\u00e9 | Hotel Bernat II","robots":{"index":"index","follow":"follow","max-snippet":"max-snippet:-1","max-image-preview":"max-image-preview:large","max-video-preview":"max-video-preview:-1"},"canonical":"https:\/\/hotelbernatcalella.com\/fr\/politique-de-confidentialite\/","og_locale":"fr_FR","og_type":"article","og_title":"Politique de confidentialit\u00e9 | Hotel Bernat II","og_description":"Politique de confidentialit\u00e9 Conform\u00e9ment au R\u00e8glement (UE) 2016\/679 et \u00e0 la Loi Organique 3\/2018 du 5 d\u00e9cembre sur la protection des donn\u00e9es personnelles et la garantie des droits num\u00e9riques (LOPDGDD), en tant que Responsable du traitement, nous vous fournissons les informations suivantes : Responsable du traitement: Raison sociale: VALOM, S.L. NIF: B08815904 Adresse: Avinguda del ...","og_url":"https:\/\/hotelbernatcalella.com\/fr\/politique-de-confidentialite\/","og_site_name":"Hotel Bernat II","article_modified_time":"2026-02-02T15:01:57+00:00","og_image":[{"width":1024,"height":768,"url":"https:\/\/www.hotelbernatcalella.com\/wp-content\/uploads\/2025\/06\/recepcion-hotel-bernat-2.webp","type":"image\/webp"}],"twitter_card":"summary_large_image","twitter_misc":{"Dur\u00e9e de lecture estim\u00e9e":"2 minutes"},"schema":{"@context":"https:\/\/schema.org","@graph":[{"@type":"WebPage","@id":"https:\/\/hotelbernatcalella.com\/fr\/politique-de-confidentialite\/","url":"https:\/\/hotelbernatcalella.com\/fr\/politique-de-confidentialite\/","name":"Politique de confidentialit\u00e9 | Hotel Bernat II","isPartOf":{"@id":"https:\/\/www.hotelbernatcalella.com\/fr\/#website"},"primaryImageOfPage":{"@id":"https:\/\/hotelbernatcalella.com\/fr\/politique-de-confidentialite\/#primaryimage"},"image":{"@id":"https:\/\/hotelbernatcalella.com\/fr\/politique-de-confidentialite\/#primaryimage"},"thumbnailUrl":"https:\/\/hotelbernatcalella.com\/wp-content\/uploads\/2025\/06\/recepcion-hotel-bernat-2.webp","datePublished":"2024-04-23T16:12:45+00:00","dateModified":"2026-02-02T15:01:57+00:00","breadcrumb":{"@id":"https:\/\/hotelbernatcalella.com\/fr\/politique-de-confidentialite\/#breadcrumb"},"inLanguage":"fr-FR","potentialAction":[{"@type":"ReadAction","target":["https:\/\/hotelbernatcalella.com\/fr\/politique-de-confidentialite\/"]}]},{"@type":"ImageObject","inLanguage":"fr-FR","@id":"https:\/\/hotelbernatcalella.com\/fr\/politique-de-confidentialite\/#primaryimage","url":"https:\/\/hotelbernatcalella.com\/wp-content\/uploads\/2025\/06\/recepcion-hotel-bernat-2.webp","contentUrl":"https:\/\/hotelbernatcalella.com\/wp-content\/uploads\/2025\/06\/recepcion-hotel-bernat-2.webp","width":1024,"height":768,"caption":"recepcion-hotel-bernat-2"},{"@type":"BreadcrumbList","@id":"https:\/\/hotelbernatcalella.com\/fr\/politique-de-confidentialite\/#breadcrumb","itemListElement":[{"@type":"ListItem","position":1,"name":"Portada","item":"https:\/\/www.hotelbernatcalella.com\/fr\/"},{"@type":"ListItem","position":2,"name":"Politique de confidentialit\u00e9"}]},{"@type":"WebSite","@id":"https:\/\/www.hotelbernatcalella.com\/fr\/#website","url":"https:\/\/www.hotelbernatcalella.com\/fr\/","name":"Hotel Bernat II & Spa Calella","description":"H\u00f4tel \u00e0 Calella","alternateName":"Hotel Bernat II & Spa","potentialAction":[{"@type":"SearchAction","target":{"@type":"EntryPoint","urlTemplate":"https:\/\/www.hotelbernatcalella.com\/fr\/?s={search_term_string}"},"query-input":{"@type":"PropertyValueSpecification","valueRequired":true,"valueName":"search_term_string"}}],"inLanguage":"fr-FR"}]}},"_links":{"self":[{"href":"https:\/\/hotelbernatcalella.com\/fr\/wp-json\/wp\/v2\/pages\/9954","targetHints":{"allow":["GET"]}}],"collection":[{"href":"https:\/\/hotelbernatcalella.com\/fr\/wp-json\/wp\/v2\/pages"}],"about":[{"href":"https:\/\/hotelbernatcalella.com\/fr\/wp-json\/wp\/v2\/types\/page"}],"author":[{"embeddable":true,"href":"https:\/\/hotelbernatcalella.com\/fr\/wp-json\/wp\/v2\/users\/1"}],"replies":[{"embeddable":true,"href":"https:\/\/hotelbernatcalella.com\/fr\/wp-json\/wp\/v2\/comments?post=9954"}],"version-history":[{"count":2,"href":"https:\/\/hotelbernatcalella.com\/fr\/wp-json\/wp\/v2\/pages\/9954\/revisions"}],"predecessor-version":[{"id":19666,"href":"https:\/\/hotelbernatcalella.com\/fr\/wp-json\/wp\/v2\/pages\/9954\/revisions\/19666"}],"wp:featuredmedia":[{"embeddable":true,"href":"https:\/\/hotelbernatcalella.com\/fr\/wp-json\/wp\/v2\/media\/15430"}],"wp:attachment":[{"href":"https:\/\/hotelbernatcalella.com\/fr\/wp-json\/wp\/v2\/media?parent=9954"}],"curies":[{"name":"wp","href":"https:\/\/api.w.org\/{rel}","templated":true}]}}