{"id":9935,"date":"2024-08-30T11:22:39","date_gmt":"2024-08-30T11:22:39","guid":{"rendered":"https:\/\/hotelbernatcalella.com\/politique-en-matiere-de-cookies\/"},"modified":"2025-08-13T10:36:34","modified_gmt":"2025-08-13T10:36:34","slug":"politique-en-matiere-de-cookies","status":"publish","type":"page","link":"https:\/\/hotelbernatcalella.com\/fr\/politique-en-matiere-de-cookies\/","title":{"rendered":"Politique en mati\u00e8re de cookies"},"content":{"rendered":"\t\t<div data-elementor-type=\"wp-page\" data-elementor-id=\"9935\" class=\"elementor elementor-9935\" data-elementor-post-type=\"page\">\n\t\t\t\t<div class=\"elementor-element elementor-element-45d9533 e-flex e-con-boxed e-con e-parent\" data-id=\"45d9533\" data-element_type=\"container\" data-e-type=\"container\">\n\t\t\t\t\t<div class=\"e-con-inner\">\n\t\t\t\t<div class=\"elementor-element elementor-element-41287b4 elementor-widget elementor-widget-cs_title\" data-id=\"41287b4\" data-element_type=\"widget\" data-e-type=\"widget\" data-widget_type=\"cs_title.default\">\n\t\t\t\t<div class=\"elementor-widget-container\">\n\t\t\t\t\t\n        <div class=\"cs-title-wrap text-center\">\t            <h4 class=\"cs-title\">\n\t                Politique en mati\u00e8re de cookies\t            <\/h4>        <\/div>\t\t\t\t<\/div>\n\t\t\t\t<\/div>\n\t\t\t\t<div class=\"elementor-element elementor-element-e87135c elementor-widget elementor-widget-text-editor\" data-id=\"e87135c\" data-element_type=\"widget\" data-e-type=\"widget\" data-widget_type=\"text-editor.default\">\n\t\t\t\t\t\t\t\t\t<ol><li style=\"text-align: left;\"><strong> Que sont les cookies et pourquoi les utilisons-nous sur le site ?<\/strong><\/li><\/ol><p style=\"text-align: left;\">Un cookie est un fichier t\u00e9l\u00e9charg\u00e9 sur l\u2019appareil de l\u2019utilisateur pour acc\u00e9der \u00e0 un certain site Web afin de stocker et de r\u00e9cup\u00e9rer des informations sur la navigation effectu\u00e9e sur l\u2019ordinateur.<\/p><p style=\"text-align: left;\">Les cookies permettent, entre autres, \u00e0 ce site Web de stocker et de r\u00e9cup\u00e9rer des informations sur les options et les habitudes de l\u2019utilisateur. Sur ce site, les cookies qui existent sont n\u00e9cessaires \u00e0 son fonctionnement. <\/p><p style=\"text-align: left;\">Il est important de noter que l\u2019utilisation de cookies ne fournit pas de donn\u00e9es personnelles de l\u2019utilisateur.<\/p><ol style=\"text-align: left;\" start=\"2\"><li><strong>Quels types de cookies existe-t-il ?<\/strong><\/li><\/ol><p style=\"text-align: left;\">Les cookies, selon la dur\u00e9e pendant laquelle ils restent activ\u00e9s, peuvent \u00eatre divis\u00e9s en cookies de session ou permanents:<\/p><ul style=\"text-align: left;\"><li><strong>Cookies de session <\/strong>: Les donn\u00e9es collect\u00e9es et stock\u00e9es par ces cookies sont collect\u00e9es pendant que l\u2019utilisateur navigue sur la page Web, et sont \u00e9limin\u00e9es lorsque le navigateur est ferm\u00e9. Ils sont g\u00e9n\u00e9ralement utilis\u00e9s pour stocker des informations qu\u2019il est int\u00e9ressant de conserver pour la fourniture du service demand\u00e9 par l\u2019utilisateur en une seule fois. <\/li><li><strong>Cookies persistants<\/strong>: Gr\u00e2ce \u00e0 ces cookies, les donn\u00e9es continuent d\u2019\u00eatre stock\u00e9es dans le terminal pendant un certain temps, facilitant ainsi le contr\u00f4le des pr\u00e9f\u00e9rences choisies sans avoir \u00e0 r\u00e9p\u00e9ter certains param\u00e8tres \u00e0 chaque fois que le l\u2019utilisateur visite le site. site web.<\/li><\/ul><p style=\"text-align: left;\">De plus, selon l\u2019entit\u00e9 qui les g\u00e8re, les cookies peuvent \u00eatre class\u00e9s comme propres ou tiers:<\/p><ul style=\"text-align: left;\"><li><strong>Cookies propres<\/strong>: Ces cookies sont envoy\u00e9s \u00e0 l\u2019\u00e9quipement terminal de l\u2019utilisateur \u00e0 partir d\u2019un ordinateur ou d\u2019un domaine g\u00e9r\u00e9 par l\u2019\u00e9diteur lui-m\u00eame et \u00e0 partir duquel le service demand\u00e9 par l\u2019utilisateur est fourni.<\/li><li><strong>Cookies tiers<\/strong>: Ces cookies sont envoy\u00e9s \u00e0 l\u2019\u00e9quipement terminal de l\u2019utilisateur \u00e0 partir d\u2019un ordinateur ou d\u2019un domaine qui n\u2019est pas g\u00e9r\u00e9 par l\u2019\u00e9diteur, mais par une autre entit\u00e9 qui traite les donn\u00e9es obtenues gr\u00e2ce aux cookies.<\/li><\/ul><p style=\"text-align: left;\"><strong><br><\/strong>En ce qui concerne la finalit\u00e9, les cookies peuvent \u00eatre:<\/p><ul style=\"text-align: left;\"><li style=\"list-style-type: none;\"><ul><li><strong>Cookies techniques<\/strong>: Ces cookies permettent de contr\u00f4ler le trafic et la communication des donn\u00e9es.<\/li><li><strong>Cookies de personnalisation<\/strong>: Ces cookies permettent aux utilisateurs d\u2019acc\u00e9der en fonction de certaines de leurs propres caract\u00e9ristiques qui sont collect\u00e9es (navigateur, langue, etc.).<\/li><li><strong>Cookies d\u2019analyse<\/strong>: Ces cookies permettent \u00e0 la personne qui en est responsable de surveiller et d\u2019analyser le comportement des utilisateurs du site Web et permettent la cr\u00e9ation d\u2019un profil d\u2019utilisateur.<\/li><li><strong>Cookies publicitaires<\/strong>: ces cookies collectent des donn\u00e9es sur la gestion des espaces publicitaires.<\/li><\/ul><\/li><\/ul><ol style=\"text-align: left;\" start=\"3\"><li><strong> Quel type de cookies le site Web utilise-t-il ?<\/strong><\/li><\/ol><table class=\" alignleft\" width=\"574\"><thead><tr><td width=\"157\"><strong>Nom<\/strong><\/td><td width=\"155\"><strong>Domaine<\/strong><\/td><td width=\"174\"><strong>Objectif<\/strong><\/td><td width=\"88\"><strong>Expiration<\/strong><\/td><\/tr><\/thead><tbody><tr><td width=\"157\">_GRECAPTCHA<\/td><td width=\"155\">.google.com<\/td><td width=\"174\">Google d\u00e9finit ce cookie. En plus de certains cookies standards de Google, reCAPTCHA place un cookie n\u00e9cessaire (_GRECAPTCHA) lors de son ex\u00e9cution afin de fournir son analyse de risque. <\/td><td width=\"88\">5 mois 27 jours<\/td><\/tr><tr><td width=\"157\">PHPSESSID<\/td><td width=\"155\"> <\/td><td width=\"174\">Cookie g\u00e9n\u00e9r\u00e9 par des applications bas\u00e9es sur le langage PHP. Il s\u2019agit d\u2019un identifiant \u00e0 usage g\u00e9n\u00e9ral utilis\u00e9 pour contenir les variables de session utilisateur <\/td><td width=\"88\">Session<\/td><\/tr><tr><td width=\"157\">_ga<\/td><td width=\"155\">.hotelbernatcalella.com<\/td><td width=\"174\">Cookie Google utilis\u00e9 pour distinguer les utilisateurs.<\/td><td width=\"88\">2 ans<\/td><\/tr><tr><td width=\"157\">_ga<\/td><td width=\"155\">.alojapro.com<\/td><td width=\"174\">Cookie Google utilis\u00e9 pour distinguer les utilisateurs.<\/td><td width=\"88\">2 ans<\/td><\/tr><tr><td width=\"157\">_gat<\/td><td width=\"155\">.google.com<\/td><td width=\"174\">Cookies de Google. Il est utilis\u00e9 pour diff\u00e9rencier les diff\u00e9rents objets de suivi cr\u00e9\u00e9s dans la session. Le cookie est cr\u00e9\u00e9 lors du chargement de la biblioth\u00e8que javascript et il n\u2019y a pas de version pr\u00e9c\u00e9dente du cookie _gat. Le cookie est mis \u00e0 jour chaque fois que vous envoyez des donn\u00e9es \u00e0 Google Analytics.   <\/td><td width=\"88\">10 minutes<\/td><\/tr><tr><td width=\"157\">_gid<\/td><td width=\"155\">.hotelbernatcalella.com<\/td><td width=\"174\">Cookie Google utilis\u00e9 pour distinguer les utilisateurs. <\/td><td width=\"88\">24 heures<\/td><\/tr><tr><td width=\"157\">_gid<\/td><td width=\"155\">.alojapro.com<\/td><td width=\"174\">Cookie Google utilis\u00e9 pour distinguer les utilisateurs. <\/td><td width=\"88\">24 heures<\/td><\/tr><tr><td width=\"157\">snp_snppopup-welcome<\/td><td width=\"155\">.hotelbernatcalella.com<\/td><td width=\"174\">Cookie pour aider \u00e0 g\u00e9rer les pop-ups.<\/td><td width=\"88\">1 an<\/td><\/tr><tr><td width=\"157\">qtrans_cookie_test<\/td><td width=\"155\">.esedsl.com<\/td><td width=\"174\">Cookie technique pour d\u00e9finir la langue.<\/td><td width=\"88\">Permanent<\/td><\/tr><tr><td width=\"157\">NID<\/td><td width=\"155\">.google.com<\/td><td width=\"174\">Le cookie NID contient un identifiant unique que Google utilise pour m\u00e9moriser vos pr\u00e9f\u00e9rences. Pour plus d\u2019informations, vous pouvez cliquer <a href=\"https:\/\/policies.google.com\/technologies\/types?hl=es\">ici<\/a> <\/td><td width=\"88\">6 mois<\/td><\/tr><tr><td width=\"157\">CONSENT<\/td><td width=\"155\">.google.com<\/td><td width=\"174\">Mettre en oeuvre certains utilitaires Google et peut stocker certaines pr\u00e9f\u00e9rences<\/td><td width=\"88\">20 ans<\/td><\/tr><tr><td width=\"157\">1P_JAR<\/td><td width=\"155\">.google.es<\/td><td width=\"174\">Utilis\u00e9 pour afficher la publicit\u00e9 la plus attrayante<\/td><td width=\"88\">1 semaine<\/td><\/tr><tr><td width=\"157\">_fbp<\/td><td width=\"155\">.facebook.com<\/td><td width=\"174\">Utilis\u00e9 par Favebook pour proposer un certain nombre de produits publicitaires, tels que les ench\u00e8res en temps r\u00e9el d&rsquo;announceurs tiers.<\/td><td width=\"88\">1 jour<\/td><\/tr><tr><td width=\"157\">wp-wpml_current_language<\/td><td width=\"155\">.hotelbernatcalella.com<\/td><td width=\"174\">Ce cookie est d\u00e9fini par le plugin WPML. Le cookie est utilis\u00e9 pour stocker la langue actuelle de la zone d\u2019administration de WordPress. Plus d\u2019informations ici : <a href=\"https:\/\/wpml.org\/documentation\/support\/browser-cookies-stored-wpml\/\">https:\/\/wpml.org\/documentation\/support\/browser-cookies-stored-wpml<\/a>  <\/td><td width=\"88\">1 jour<\/td><\/tr><tr><td width=\"157\">move_gdpr_popup<\/td><td width=\"155\">.hotelbernatcalella.com<\/td><td width=\"174\">Utilis\u00e9 pour enregistrer les pr\u00e9ferences en mati\u00e8re de cookies<\/td><td width=\"88\">session<\/td><\/tr><tr><td width=\"157\">DV<\/td><td width=\"155\">.google.com<\/td><td width=\"174\">It est utilis\u00e9 par Google pour fournir des services et extraire des informations anonymes sur la navigation.<\/td><td width=\"88\">1 jour<\/td><\/tr><tr><td width=\"157\">RUL<\/td><td width=\"155\">.doubleclick.net<\/td><td width=\"174\">Cookie n\u00e9cessaire \u00e0 l&rsquo;utilisation des options et services du site<\/td><td width=\"88\">1 an<\/td><\/tr><tr><td width=\"157\">IDE<\/td><td width=\"155\">.doubleclick.net<\/td><td width=\"174\">Ce cookie est utilis\u00e9 pour le ciblage, l&rsquo;analyse et l&rsquo;optimisation des campagnes publicitaires dans DoubleClick \/ Google Marketing Suite<\/td><td width=\"88\">1 an<\/td><\/tr><\/tbody><\/table><p style=\"text-align: left;\"><strong>Cookies Google<\/strong><\/p><p style=\"text-align: left;\">Ce site Web utilise Google Analytics, un service d\u2019analyse Web fourni par Google, Inc., dont le si\u00e8ge social est situ\u00e9 au 1600 Amphitheatre Parkway, Mountain View (Californie), CA 94043, \u00c9tats-Unis (\u00ab Google \u00bb).<\/p><p style=\"text-align: left;\">Google Analytics utilise des \u00ab cookies \u00bb, qui sont des fichiers texte plac\u00e9s sur votre ordinateur, pour aider le site Web \u00e0 analyser la fa\u00e7on dont les utilisateurs utilisent le site Web.<\/p><p style=\"text-align: left;\">Les informations g\u00e9n\u00e9r\u00e9es par le cookie concernant votre utilisation du site Web (y compris votre adresse IP) seront directement transmises et stock\u00e9es par Google sur des serveurs aux \u00c9tats-Unis.<\/p><p style=\"text-align: left;\">Google utilisera ces informations en notre nom dans le but de suivre votre utilisation du site Web, de compiler des rapports sur l\u2019activit\u00e9 du site Web et de fournir d\u2019autres services li\u00e9s \u00e0 l\u2019activit\u00e9 du site Web et \u00e0 l\u2019utilisation d\u2019Internet.<\/p><p style=\"text-align: left;\">Google peut transmettre ces informations \u00e0 des tiers lorsque la loi l\u2019exige ou lorsque ces tiers traitent les informations pour le compte de Google.<\/p><p style=\"text-align: left;\">Google n\u2019associera pas votre adresse IP \u00e0 d\u2019autres donn\u00e9es d\u00e9tenues par Google.<\/p><p style=\"text-align: left;\">Pour plus d\u2019informations sur les cookies de Google, cliquez sur ce lien : <a href=\"https:\/\/www.google.es\/intl\/es\/policies\/technologies\/types\/\">https:\/\/www.google.es\/intl\/ en\/ politiques\/technologies\/types\/<\/a><\/p><p style=\"text-align: left;\"><strong> <\/strong><\/p><p style=\"text-align: left;\"><strong>Cookies de r\u00e9seaux sociaux<\/strong><\/p><p style=\"text-align: left;\">Certaines pages de nos sites Internet vous permettent de partager nos contenus sur des r\u00e9seaux sociaux tels que Facebook, Twitter, Google, etc. Parfois, nous t\u00e9l\u00e9chargeons des vid\u00e9os \u00e0 partir de sites comme YouTube. Ces sites d\u00e9posent leurs propres cookies, que nous ne contr\u00f4lons pas. Vous pouvez consulter leurs sites Web pour en savoir plus sur leur politique en mati\u00e8re de cookies.   <\/p><p style=\"text-align: left;\"><strong> <\/strong>Plus d\u2019informations sur les cookies de r\u00e9seaux sociaux:<\/p><p style=\"text-align: left;\"><a href=\"https:\/\/es-es.facebook.com\/about\/privacy\/cookies\">https:\/\/es-es.facebook.com\/about\/privacy\/cookies<\/a><\/p><p style=\"text-align: left;\"><a href=\"https:\/\/help.instagram.com\/155833707900388\">https:\/\/help.instagram.com\/155833707900388<\/a><\/p><p style=\"text-align: left;\"><strong> <\/strong><\/p><ol style=\"text-align: left;\" start=\"4\"><li><strong> Comment d\u00e9sactiver les cookies dans votre navigateur?<\/strong><\/li><\/ol><p style=\"text-align: left;\">L\u2019utilisateur peut autoriser, bloquer ou supprimer les cookies install\u00e9s sur son ordinateur en configurant les options na.navigateur install\u00e9 sur votre ordinateur. Veuillez lire attentivement la section d\u2019aide de votre navigateur pour en savoir plus sur la fa\u00e7on d\u2019activer le \u00ab mode priv\u00e9 \u00bb ou de d\u00e9bloquer certains cookies. <\/p><ul style=\"text-align: left;\"><li>Informations sur les cookies pour <a href=\"https:\/\/support.microsoft.com\/es-es\/help\/17442\/windows-internet-explorer-delete-manage-cookies\">Internet Explorer<\/a>.<\/li><li>Informations sur les cookies pour <a href=\"https:\/\/support.mozilla.org\/es\/kb\/habilitar-y-deshabilitar-cookies-que-los-sitios-we\">Mozilla Firefox<\/a>.<\/li><li>Informations sur les cookies pour <a href=\"https:\/\/help.opera.com\/Windows\/11.50\/es-ES\/cookies.html\">Opera<\/a>.<\/li><li>Informations sur les cookies pour <a href=\"https:\/\/support.google.com\/accounts\/answer\/61416?hl=es\">Google Chrome<\/a>.<\/li><li>Informations sur les cookies pour <a href=\"https:\/\/support.apple.com\/es-es\/HT201265\">Safari<\/a>.<\/li><\/ul><p style=\"text-align: left;\"><strong>Informations suppl\u00e9mentaires<\/strong><\/p><p style=\"text-align: left;\">Pour plus d\u2019informations sur l\u2019utilisation des cookies et comment les bloquer, rendez-vous sur www.allaboutcookies.org, www.youronlinechoices.eu. Si vous avez des questions ou des commentaires sur notre utilisation des cookies, veuillez nous contacter \u00e0 <a href=\"mailto:rgpd@hotelbernat.com\">rgpd@hotelbernat.com<\/a> <\/p>\t\t\t\t\t\t\t\t<\/div>\n\t\t\t\t\t<\/div>\n\t\t\t\t<\/div>\n\t\t\t\t<\/div>\n\t\t","protected":false},"excerpt":{"rendered":"<p>Politique en mati\u00e8re de cookies Que sont les cookies et pourquoi les utilisons-nous sur le site ? Un cookie est un fichier t\u00e9l\u00e9charg\u00e9 sur l\u2019appareil de l\u2019utilisateur pour acc\u00e9der \u00e0 un certain site Web afin de stocker et de r\u00e9cup\u00e9rer des informations sur la navigation effectu\u00e9e sur l\u2019ordinateur. Les cookies permettent, entre autres, \u00e0 ce &#8230;<\/p>\n","protected":false},"author":1,"featured_media":14233,"parent":0,"menu_order":0,"comment_status":"closed","ping_status":"closed","template":"","meta":{"cozystay_single_page_hide_site_header":"","cozystay_single_page_site_header_source":"","cozystay_single_page_custom_site_header":"0","cozystay_single_page_custom_sticky_site_header":"0","cozystay_single_page_hide_page_title":"","cozystay_single_page_header_section_size":"","cozystay_single_page_header_background_color":"","cozystay_single_page_header_background_position_x":"center","cozystay_single_page_header_background_position_y":"center","cozystay_single_page_header_background_size":"cover","cozystay_single_page_header_background_repeat":"off","cozystay_single_page_header_background_scroll":"on","cozystay_single_page_header_text_color":"","cozystay_single_page_header_show_breadcrumb":"","cozystay_single_page_site_footer_hide_main":"","cozystay_single_custom_site_footer_main_source":"","cozystay_single_custom_site_footer_main":"0","cozystay_single_page_site_footer_hide_above":"","cozystay_single_custom_site_footer_above_source":"","cozystay_single_custom_site_footer_above":"0","cozystay_single_page_site_footer_hide_instagram":"","cozystay_single_page_site_footer_hide_bottom":"","cozystay_single_custom_mobile_menu_source":"","cozystay_single_custom_mobile_menu":"0","cozystay_single_custom_mobile_menu_animation":"","cozystay_single_custom_mobile_menu_width":"","cozystay_single_custom_mobile_menu_custom_width":375,"footnotes":""},"class_list":["post-9935","page","type-page","status-publish","has-post-thumbnail","hentry"],"yoast_head":"<!-- This site is optimized with the Yoast SEO plugin v27.1.1 - https:\/\/yoast.com\/product\/yoast-seo-wordpress\/ -->\n<title>Politique en mati\u00e8re de cookies | Hotel Bernat II<\/title>\n<meta name=\"robots\" content=\"index, follow, max-snippet:-1, max-image-preview:large, max-video-preview:-1\" \/>\n<link rel=\"canonical\" href=\"https:\/\/hotelbernatcalella.com\/fr\/politique-en-matiere-de-cookies\/\" \/>\n<meta property=\"og:locale\" content=\"fr_FR\" \/>\n<meta property=\"og:type\" content=\"article\" \/>\n<meta property=\"og:title\" content=\"Politique en mati\u00e8re de cookies | Hotel Bernat II\" \/>\n<meta property=\"og:description\" content=\"Politique en mati\u00e8re de cookies Que sont les cookies et pourquoi les utilisons-nous sur le site ? Un cookie est un fichier t\u00e9l\u00e9charg\u00e9 sur l\u2019appareil de l\u2019utilisateur pour acc\u00e9der \u00e0 un certain site Web afin de stocker et de r\u00e9cup\u00e9rer des informations sur la navigation effectu\u00e9e sur l\u2019ordinateur. Les cookies permettent, entre autres, \u00e0 ce ...\" \/>\n<meta property=\"og:url\" content=\"https:\/\/hotelbernatcalella.com\/fr\/politique-en-matiere-de-cookies\/\" \/>\n<meta property=\"og:site_name\" content=\"Hotel Bernat II\" \/>\n<meta property=\"article:modified_time\" content=\"2025-08-13T10:36:34+00:00\" \/>\n<meta property=\"og:image\" content=\"https:\/\/www.hotelbernatcalella.com\/wp-content\/uploads\/2025\/06\/habitacion-premium-3.webp.webp\" \/>\n\t<meta property=\"og:image:width\" content=\"2560\" \/>\n\t<meta property=\"og:image:height\" content=\"1707\" \/>\n\t<meta property=\"og:image:type\" content=\"image\/webp\" \/>\n<meta name=\"twitter:card\" content=\"summary_large_image\" \/>\n<meta name=\"twitter:label1\" content=\"Dur\u00e9e de lecture estim\u00e9e\" \/>\n\t<meta name=\"twitter:data1\" content=\"6 minutes\" \/>\n<script type=\"application\/ld+json\" class=\"yoast-schema-graph\">{\"@context\":\"https:\/\/schema.org\",\"@graph\":[{\"@type\":\"WebPage\",\"@id\":\"https:\/\/hotelbernatcalella.com\/fr\/politique-en-matiere-de-cookies\/\",\"url\":\"https:\/\/hotelbernatcalella.com\/fr\/politique-en-matiere-de-cookies\/\",\"name\":\"Politique en mati\u00e8re de cookies | Hotel Bernat II\",\"isPartOf\":{\"@id\":\"https:\/\/hotelbernatcalella.com\/fr\/#website\"},\"primaryImageOfPage\":{\"@id\":\"https:\/\/hotelbernatcalella.com\/fr\/politique-en-matiere-de-cookies\/#primaryimage\"},\"image\":{\"@id\":\"https:\/\/hotelbernatcalella.com\/fr\/politique-en-matiere-de-cookies\/#primaryimage\"},\"thumbnailUrl\":\"https:\/\/hotelbernatcalella.com\/wp-content\/uploads\/2025\/06\/habitacion-premium-3.webp.webp\",\"datePublished\":\"2024-08-30T11:22:39+00:00\",\"dateModified\":\"2025-08-13T10:36:34+00:00\",\"breadcrumb\":{\"@id\":\"https:\/\/hotelbernatcalella.com\/fr\/politique-en-matiere-de-cookies\/#breadcrumb\"},\"inLanguage\":\"fr-FR\",\"potentialAction\":[{\"@type\":\"ReadAction\",\"target\":[\"https:\/\/hotelbernatcalella.com\/fr\/politique-en-matiere-de-cookies\/\"]}]},{\"@type\":\"ImageObject\",\"inLanguage\":\"fr-FR\",\"@id\":\"https:\/\/hotelbernatcalella.com\/fr\/politique-en-matiere-de-cookies\/#primaryimage\",\"url\":\"https:\/\/hotelbernatcalella.com\/wp-content\/uploads\/2025\/06\/habitacion-premium-3.webp.webp\",\"contentUrl\":\"https:\/\/hotelbernatcalella.com\/wp-content\/uploads\/2025\/06\/habitacion-premium-3.webp.webp\",\"width\":2560,\"height\":1707,\"caption\":\"chambres hotel bernat\"},{\"@type\":\"BreadcrumbList\",\"@id\":\"https:\/\/hotelbernatcalella.com\/fr\/politique-en-matiere-de-cookies\/#breadcrumb\",\"itemListElement\":[{\"@type\":\"ListItem\",\"position\":1,\"name\":\"Portada\",\"item\":\"https:\/\/hotelbernatcalella.com\/fr\/\"},{\"@type\":\"ListItem\",\"position\":2,\"name\":\"Politique en mati\u00e8re de cookies\"}]},{\"@type\":\"WebSite\",\"@id\":\"https:\/\/hotelbernatcalella.com\/fr\/#website\",\"url\":\"https:\/\/hotelbernatcalella.com\/fr\/\",\"name\":\"Hotel Bernat II & Spa Calella\",\"description\":\"H\u00f4tel \u00e0 Calella\",\"alternateName\":\"Hotel Bernat II & Spa\",\"potentialAction\":[{\"@type\":\"SearchAction\",\"target\":{\"@type\":\"EntryPoint\",\"urlTemplate\":\"https:\/\/hotelbernatcalella.com\/fr\/?s={search_term_string}\"},\"query-input\":{\"@type\":\"PropertyValueSpecification\",\"valueRequired\":true,\"valueName\":\"search_term_string\"}}],\"inLanguage\":\"fr-FR\"}]}<\/script>\n<!-- \/ Yoast SEO plugin. -->","yoast_head_json":{"title":"Politique en mati\u00e8re de cookies | Hotel Bernat II","robots":{"index":"index","follow":"follow","max-snippet":"max-snippet:-1","max-image-preview":"max-image-preview:large","max-video-preview":"max-video-preview:-1"},"canonical":"https:\/\/hotelbernatcalella.com\/fr\/politique-en-matiere-de-cookies\/","og_locale":"fr_FR","og_type":"article","og_title":"Politique en mati\u00e8re de cookies | Hotel Bernat II","og_description":"Politique en mati\u00e8re de cookies Que sont les cookies et pourquoi les utilisons-nous sur le site ? Un cookie est un fichier t\u00e9l\u00e9charg\u00e9 sur l\u2019appareil de l\u2019utilisateur pour acc\u00e9der \u00e0 un certain site Web afin de stocker et de r\u00e9cup\u00e9rer des informations sur la navigation effectu\u00e9e sur l\u2019ordinateur. Les cookies permettent, entre autres, \u00e0 ce ...","og_url":"https:\/\/hotelbernatcalella.com\/fr\/politique-en-matiere-de-cookies\/","og_site_name":"Hotel Bernat II","article_modified_time":"2025-08-13T10:36:34+00:00","og_image":[{"width":2560,"height":1707,"url":"https:\/\/www.hotelbernatcalella.com\/wp-content\/uploads\/2025\/06\/habitacion-premium-3.webp.webp","type":"image\/webp"}],"twitter_card":"summary_large_image","twitter_misc":{"Dur\u00e9e de lecture estim\u00e9e":"6 minutes"},"schema":{"@context":"https:\/\/schema.org","@graph":[{"@type":"WebPage","@id":"https:\/\/hotelbernatcalella.com\/fr\/politique-en-matiere-de-cookies\/","url":"https:\/\/hotelbernatcalella.com\/fr\/politique-en-matiere-de-cookies\/","name":"Politique en mati\u00e8re de cookies | Hotel Bernat II","isPartOf":{"@id":"https:\/\/hotelbernatcalella.com\/fr\/#website"},"primaryImageOfPage":{"@id":"https:\/\/hotelbernatcalella.com\/fr\/politique-en-matiere-de-cookies\/#primaryimage"},"image":{"@id":"https:\/\/hotelbernatcalella.com\/fr\/politique-en-matiere-de-cookies\/#primaryimage"},"thumbnailUrl":"https:\/\/hotelbernatcalella.com\/wp-content\/uploads\/2025\/06\/habitacion-premium-3.webp.webp","datePublished":"2024-08-30T11:22:39+00:00","dateModified":"2025-08-13T10:36:34+00:00","breadcrumb":{"@id":"https:\/\/hotelbernatcalella.com\/fr\/politique-en-matiere-de-cookies\/#breadcrumb"},"inLanguage":"fr-FR","potentialAction":[{"@type":"ReadAction","target":["https:\/\/hotelbernatcalella.com\/fr\/politique-en-matiere-de-cookies\/"]}]},{"@type":"ImageObject","inLanguage":"fr-FR","@id":"https:\/\/hotelbernatcalella.com\/fr\/politique-en-matiere-de-cookies\/#primaryimage","url":"https:\/\/hotelbernatcalella.com\/wp-content\/uploads\/2025\/06\/habitacion-premium-3.webp.webp","contentUrl":"https:\/\/hotelbernatcalella.com\/wp-content\/uploads\/2025\/06\/habitacion-premium-3.webp.webp","width":2560,"height":1707,"caption":"chambres hotel bernat"},{"@type":"BreadcrumbList","@id":"https:\/\/hotelbernatcalella.com\/fr\/politique-en-matiere-de-cookies\/#breadcrumb","itemListElement":[{"@type":"ListItem","position":1,"name":"Portada","item":"https:\/\/hotelbernatcalella.com\/fr\/"},{"@type":"ListItem","position":2,"name":"Politique en mati\u00e8re de cookies"}]},{"@type":"WebSite","@id":"https:\/\/hotelbernatcalella.com\/fr\/#website","url":"https:\/\/hotelbernatcalella.com\/fr\/","name":"Hotel Bernat II & Spa Calella","description":"H\u00f4tel \u00e0 Calella","alternateName":"Hotel Bernat II & Spa","potentialAction":[{"@type":"SearchAction","target":{"@type":"EntryPoint","urlTemplate":"https:\/\/hotelbernatcalella.com\/fr\/?s={search_term_string}"},"query-input":{"@type":"PropertyValueSpecification","valueRequired":true,"valueName":"search_term_string"}}],"inLanguage":"fr-FR"}]}},"_links":{"self":[{"href":"https:\/\/hotelbernatcalella.com\/fr\/wp-json\/wp\/v2\/pages\/9935","targetHints":{"allow":["GET"]}}],"collection":[{"href":"https:\/\/hotelbernatcalella.com\/fr\/wp-json\/wp\/v2\/pages"}],"about":[{"href":"https:\/\/hotelbernatcalella.com\/fr\/wp-json\/wp\/v2\/types\/page"}],"author":[{"embeddable":true,"href":"https:\/\/hotelbernatcalella.com\/fr\/wp-json\/wp\/v2\/users\/1"}],"replies":[{"embeddable":true,"href":"https:\/\/hotelbernatcalella.com\/fr\/wp-json\/wp\/v2\/comments?post=9935"}],"version-history":[{"count":0,"href":"https:\/\/hotelbernatcalella.com\/fr\/wp-json\/wp\/v2\/pages\/9935\/revisions"}],"wp:featuredmedia":[{"embeddable":true,"href":"https:\/\/hotelbernatcalella.com\/fr\/wp-json\/wp\/v2\/media\/14233"}],"wp:attachment":[{"href":"https:\/\/hotelbernatcalella.com\/fr\/wp-json\/wp\/v2\/media?parent=9935"}],"curies":[{"name":"wp","href":"https:\/\/api.w.org\/{rel}","templated":true}]}}