{"id":9447,"date":"2023-03-28T04:35:12","date_gmt":"2023-03-28T04:35:12","guid":{"rendered":"https:\/\/hotelbernatcalella.com\/contact\/"},"modified":"2026-03-17T15:28:09","modified_gmt":"2026-03-17T15:28:09","slug":"contact","status":"publish","type":"page","link":"https:\/\/hotelbernatcalella.com\/fr\/contact\/","title":{"rendered":"Contact"},"content":{"rendered":"\t\t<div data-elementor-type=\"wp-page\" data-elementor-id=\"9447\" class=\"elementor elementor-9447 elementor-206\" data-elementor-post-type=\"page\">\n\t\t\t\t\t\t<section class=\"elementor-section elementor-top-section elementor-element elementor-element-2977c87c elementor-section-height-min-height cs-section-content-fullwidth cs-parallax-on-scroll cs_scroll_y_80 elementor-section-boxed elementor-section-height-default elementor-section-items-middle\" data-id=\"2977c87c\" data-element_type=\"section\" data-e-type=\"section\" data-settings=\"{&quot;background_background&quot;:&quot;classic&quot;}\" data-cs-parallax-y=\"80\" style=\"background-image: none;\" data-cs-background-image=\"https:\/\/www.hotelbernatcalella.com\/wp-content\/uploads\/2025\/06\/playa-en-calella-barcelona.webp\" data-cs-background-image-alt-text=\"playa en calella barcelona\">\n\t\t\t\t\t\t\t<div class=\"elementor-background-overlay\"><\/div>\n\t\t\t\t\t\t\t<div class=\"elementor-container elementor-column-gap-no\">\n\t\t\t\t\t<div class=\"elementor-column elementor-col-100 elementor-top-column elementor-element elementor-element-784d8ad dark-color\" data-id=\"784d8ad\" data-element_type=\"column\" data-e-type=\"column\">\n\t\t\t<div class=\"elementor-widget-wrap elementor-element-populated\">\n\t\t\t\t\t\t<div class=\"elementor-element elementor-element-1a64c3d7 elementor-widget elementor-widget-cs_title\" data-id=\"1a64c3d7\" data-element_type=\"widget\" data-e-type=\"widget\" data-widget_type=\"cs_title.default\">\n\t\t\t\t<div class=\"elementor-widget-container\">\n\t\t\t\t\t\n        <div class=\"cs-title-wrap text-center\">\t            <h1 class=\"cs-title\">\n\t                Contact\t            <\/h1>        <\/div>\t\t\t\t<\/div>\n\t\t\t\t<\/div>\n\t\t\t\t\t<\/div>\n\t\t<\/div>\n\t\t\t\t\t<\/div>\n\t\t<\/section>\n\t\t<div class=\"elementor-element elementor-element-1a6456f e-flex e-con-boxed e-con e-parent\" data-id=\"1a6456f\" data-element_type=\"container\" data-e-type=\"container\">\n\t\t\t\t\t<div class=\"e-con-inner\">\n\t\t\t\t<div class=\"elementor-element elementor-element-61b0981 elementor-widget elementor-widget-spacer\" data-id=\"61b0981\" data-element_type=\"widget\" data-e-type=\"widget\" data-widget_type=\"spacer.default\">\n\t\t\t\t\t\t\t<div class=\"elementor-spacer\">\n\t\t\t<div class=\"elementor-spacer-inner\"><\/div>\n\t\t<\/div>\n\t\t\t\t\t\t<\/div>\n\t\t\t\t<div class=\"elementor-element elementor-element-dad2fc3 elementor-widget elementor-widget-cs_title\" data-id=\"dad2fc3\" data-element_type=\"widget\" data-e-type=\"widget\" data-widget_type=\"cs_title.default\">\n\t\t\t\t<div class=\"elementor-widget-container\">\n\t\t\t\t\t\n        <div class=\"cs-title-wrap text-center\">\t            <h4 class=\"cs-title\">\n\t                Votre premi\u00e8re r\u00e9servation, avec un cadeau !\t            <\/h4>\t            <div class=\"cs-title-text\">\n\t                <p>Inscrivez votre adresse e-mail et b\u00e9n\u00e9ficiez d&rsquo;une <strong>r\u00e9duction de 5 % sur votre premi\u00e8re r\u00e9servation.<\/strong><\/p><p>En vous inscrivant, vous recevrez nos meilleures offres exclusives et toutes les nouveaut\u00e9s avant tout le monde. Pour b\u00e9n\u00e9ficier de la r\u00e9duction sur votre premi\u00e8re r\u00e9servation, vous n&rsquo;avez pas besoin de code : il vous suffit d&rsquo;indiquer votre adresse e-mail lors de la r\u00e9servation et la r\u00e9duction s&rsquo;appliquera automatiquemen <\/p><p>Nous vous aidons \u00e0 faire le premier pas vers un s\u00e9jour inoubliable !<\/p>\t            <\/div>        <\/div>\t\t\t\t<\/div>\n\t\t\t\t<\/div>\n\t\t\t\t<div class=\"elementor-element elementor-element-2a6e7e7 elementor-widget__width-initial elementor-widget elementor-widget-html\" data-id=\"2a6e7e7\" data-element_type=\"widget\" data-e-type=\"widget\" data-widget_type=\"html.default\">\n\t\t\t\t\t<p id=\"popup-msg\" style=\"color: #88DBDF;\"><\/p>\r\n<form class=\"popup-form\" style=\"display: flex; flex-direction: column; gap: 10px;\">\r\n  <input type=\"hidden\" name=\"typeList\" value=\"B\">\r\n  <input type=\"hidden\" name=\"id\" value=\"192\">\r\n\r\n  <input type=\"email\" name=\"mail\" placeholder=\"Email\" required=\"\" style=\"width: 100%; padding: 10px; font-size: 16px;\">\r\n  \r\n   <div style=\"display: flex; flex-direction: column; gap: 10px; margin-bottom:20px;\">\r\n\r\n  <label style=\"display: flex; align-items: center; gap: 5px;\">\r\n    <input type=\"checkbox\" name=\"acceptPolicies\" class=\"acceptPolicies\" required=\"\">\r\n    <span style=\"font-size: 16px;\">\r\n J'ai lu et j'accepte la\r\n<a href=\"https:\/\/www.hotelbernatcalella.com\/fr\/politique-de-confidentialite\/\" target=\"_blank\" style=\"color: #0073aa; text-decoration: underline;\">\r\npolitique de confidentialit\u00e9<br><\/a>\r\n    <\/span>\r\n  <\/label>\r\n<\/div>\r\n\r\n  \r\n\r\n  <!-- Cambiado el type a \"button\" -->\r\n  <input class=\"submit-popup button elementor-button-link cs-btn-outline\" type=\"button\" value=\"Inscrivez-vous et \u00e9conomisez !\" style=\"font-size: 18px;\">\r\n<\/form>\t\t\t\t<\/div>\n\t\t\t\t\t<\/div>\n\t\t\t\t<\/div>\n\t\t\t\t<section class=\"elementor-section elementor-top-section elementor-element elementor-element-02b5c4f elementor-section-content-middle cs-section-content-fullwidth cs-animation-small-offset elementor-reverse-tablet elementor-reverse-mobile elementor-section-boxed elementor-section-height-default elementor-section-height-default elementor-invisible\" data-id=\"02b5c4f\" data-element_type=\"section\" data-e-type=\"section\" data-settings=\"{&quot;background_background&quot;:&quot;classic&quot;,&quot;animation&quot;:&quot;fadeInUp&quot;,&quot;animation_delay&quot;:200}\">\n\t\t\t\t\t\t<div class=\"elementor-container elementor-column-gap-no\">\n\t\t\t\t\t<div class=\"elementor-column elementor-col-66 elementor-top-column elementor-element elementor-element-1e73da8\" data-id=\"1e73da8\" data-element_type=\"column\" data-e-type=\"column\">\n\t\t\t<div class=\"elementor-widget-wrap elementor-element-populated\">\n\t\t\t\t\t\t<div class=\"elementor-element elementor-element-46a0dbd elementor-widget elementor-widget-html\" data-id=\"46a0dbd\" data-element_type=\"widget\" data-e-type=\"widget\" data-widget_type=\"html.default\">\n\t\t\t\t\t<iframe src=\"https:\/\/www.google.com\/maps\/embed?pb=!1m14!1m8!1m3!1d2983.0263443531007!2d2.651392!3d41.611942!3m2!1i1024!2i768!4f13.1!3m3!1m2!1s0x12bb39acdd5cfae5%3A0xa6e633e5ae60a8bd!2sHotel%20Bernat%20II%20%26%20Spa%20Calella!5e0!3m2!1ses!2ses!4v1750345677941!5m2!1ses!2ses\" width=\"600\" height=\"600\" style=\"border:0;\" allowfullscreen=\"\" loading=\"lazy\" referrerpolicy=\"no-referrer-when-downgrade\"><\/iframe>\t\t\t\t<\/div>\n\t\t\t\t\t<\/div>\n\t\t<\/div>\n\t\t\t\t<div class=\"elementor-column elementor-col-33 elementor-top-column elementor-element elementor-element-202bc08\" data-id=\"202bc08\" data-element_type=\"column\" data-e-type=\"column\">\n\t\t\t<div class=\"elementor-widget-wrap elementor-element-populated\">\n\t\t\t\t\t\t<div class=\"elementor-element elementor-element-5cfcfe7c elementor-widget elementor-widget-cs_title\" data-id=\"5cfcfe7c\" data-element_type=\"widget\" data-e-type=\"widget\" data-widget_type=\"cs_title.default\">\n\t\t\t\t<div class=\"elementor-widget-container\">\n\t\t\t\t\t\n        <div class=\"cs-title-wrap text-center\">\t            <div class=\"cs-subtitle-wrap\"><span class=\"cs-subtitle\">H\u00f4tel Bernat II<\/span><\/div>\t            <h6 class=\"cs-title\">\n\t                Adresse\t            <\/h6>\t            <div class=\"cs-title-text\">\n\t                <p>Turisme, 42<br>08370 Calella<br>Barcelona (Espa\u00f1a)<\/p>\t            <\/div>        <\/div>\t\t\t\t<\/div>\n\t\t\t\t<\/div>\n\t\t\t\t<div class=\"elementor-element elementor-element-ff08409 elementor-widget elementor-widget-cs_title\" data-id=\"ff08409\" data-element_type=\"widget\" data-e-type=\"widget\" data-widget_type=\"cs_title.default\">\n\t\t\t\t<div class=\"elementor-widget-container\">\n\t\t\t\t\t\n        <div class=\"cs-title-wrap text-center\">\t            <h6 class=\"cs-title\">\n\t                E-mail\t            <\/h6>\t            <div class=\"cs-title-text\">\n\t                <p><a href=\"mailto:hotelbernat@hotelbernat.com\">hotelbernat@hotelbernat.com<\/a><\/p>\t            <\/div>        <\/div>\t\t\t\t<\/div>\n\t\t\t\t<\/div>\n\t\t\t\t<div class=\"elementor-element elementor-element-8e1dae9 elementor-widget elementor-widget-cs_title\" data-id=\"8e1dae9\" data-element_type=\"widget\" data-e-type=\"widget\" data-widget_type=\"cs_title.default\">\n\t\t\t\t<div class=\"elementor-widget-container\">\n\t\t\t\t\t\n        <div class=\"cs-title-wrap text-center\">\t            <h6 class=\"cs-title\">\n\t                T\u00e9l\u00e9phone\t            <\/h6>\t            <div class=\"cs-title-text\">\n\t                <p><a href=\"tel:+34937665960\">+34 937 665 960<\/a><\/p>\t            <\/div>        <\/div>\t\t\t\t<\/div>\n\t\t\t\t<\/div>\n\t\t\t\t<div class=\"elementor-element elementor-element-8604730 elementor-widget elementor-widget-cs_social\" data-id=\"8604730\" data-element_type=\"widget\" data-e-type=\"widget\" data-widget_type=\"cs_social.default\">\n\t\t\t\t<div class=\"elementor-widget-container\">\n\t\t\t\t\t<nav id=\"8604730-social-menu-container\" class=\"social-navigation\"><ul id=\"8604730-social-menu\" class=\"social-nav menu text-center\"><li class=\"menu-item menu-item-type-custom menu-item-object-custom menu-item-290\"><a href=\"https:\/\/www.facebook.com\/https:\/\/www.facebook.com\/hotelbernatcalella\/?ref=ts&#038;fref=ts\">Facebook<\/a><\/li>\n<li class=\"menu-item menu-item-type-custom menu-item-object-custom menu-item-294\"><a href=\"https:\/\/www.instagram.com\/hotelbernatcalella\/\">Instagram<\/a><\/li>\n<li class=\"menu-item menu-item-type-custom menu-item-object-custom menu-item-20049\"><a href=\"https:\/\/www.tiktok.com\/@hotelbernatcalella\">Tik Tok<\/a><\/li>\n<li class=\"menu-item menu-item-type-custom menu-item-object-custom menu-item-20050\"><a href=\"https:\/\/www.youtube.com\/@hotelbernatcalella\">Youtube<\/a><\/li>\n<\/ul><\/nav>\t\t\t\t<\/div>\n\t\t\t\t<\/div>\n\t\t\t\t\t<\/div>\n\t\t<\/div>\n\t\t\t\t\t<\/div>\n\t\t<\/section>\n\t\t\t\t<section class=\"elementor-section elementor-top-section elementor-element elementor-element-ea82f95 elementor-section-content-middle cs-section-content-fullwidth cs-animation-small-offset elementor-section-boxed elementor-section-height-default elementor-section-height-default elementor-invisible\" data-id=\"ea82f95\" data-element_type=\"section\" data-e-type=\"section\" data-settings=\"{&quot;background_background&quot;:&quot;classic&quot;,&quot;animation&quot;:&quot;fadeInUp&quot;,&quot;animation_delay&quot;:300}\">\n\t\t\t\t\t\t<div class=\"elementor-container elementor-column-gap-no\">\n\t\t\t\t\t<div class=\"elementor-column elementor-col-33 elementor-top-column elementor-element elementor-element-7032069\" data-id=\"7032069\" data-element_type=\"column\" data-e-type=\"column\" data-settings=\"{&quot;background_background&quot;:&quot;classic&quot;}\">\n\t\t\t<div class=\"elementor-widget-wrap elementor-element-populated\">\n\t\t\t\t\t\t<div class=\"elementor-element elementor-element-be2bdf3 elementor-widget elementor-widget-cs_title\" data-id=\"be2bdf3\" data-element_type=\"widget\" data-e-type=\"widget\" data-widget_type=\"cs_title.default\">\n\t\t\t\t<div class=\"elementor-widget-container\">\n\t\t\t\t\t\n        <div class=\"cs-title-wrap text-center\">\t            <h6 class=\"cs-title\">\n\t                Contact\t            <\/h6>        <\/div>\t\t\t\t<\/div>\n\t\t\t\t<\/div>\n\t\t\t\t<div class=\"elementor-element elementor-element-7625b91 elementor-widget__width-initial elementor-widget elementor-widget-cs_form_cf7\" data-id=\"7625b91\" data-element_type=\"widget\" data-e-type=\"widget\" data-widget_type=\"cs_form_cf7.default\">\n\t\t\t\t<div class=\"elementor-widget-container\">\n\t\t\t\t\t            <div class=\"cs-form-cf7 placeholder-normal\">\n                <div class=\"cs-form-cf7-wrap\">\n<div class=\"wpcf7 no-js\" id=\"wpcf7-f10761-o1\" lang=\"fr-FR\" dir=\"ltr\" data-wpcf7-id=\"10761\">\n<div class=\"screen-reader-response\"><p role=\"status\" aria-live=\"polite\" aria-atomic=\"true\"><\/p> <ul><\/ul><\/div>\n<form action=\"\/fr\/wp-json\/wp\/v2\/pages\/9447#wpcf7-f10761-o1\" method=\"post\" class=\"wpcf7-form init\" aria-label=\"Formulaire de contact\" novalidate=\"novalidate\" data-status=\"init\">\n<fieldset class=\"hidden-fields-container\"><input type=\"hidden\" name=\"_wpcf7\" value=\"10761\" \/><input type=\"hidden\" name=\"_wpcf7_version\" value=\"6.1.5\" \/><input type=\"hidden\" name=\"_wpcf7_locale\" value=\"fr_FR\" \/><input type=\"hidden\" name=\"_wpcf7_unit_tag\" value=\"wpcf7-f10761-o1\" \/><input type=\"hidden\" name=\"_wpcf7_container_post\" value=\"0\" \/><input type=\"hidden\" name=\"_wpcf7_posted_data_hash\" value=\"\" \/>\n<\/fieldset>\n<div class=\"wpcf7-turnstile cf-turnstile\" data-sitekey=\"0x4AAAAAAB3F1_AJiK0wmj4E\" data-response-field-name=\"_wpcf7_turnstile_response\"><\/div>\n\n<p><label> Nom<br \/>\n<span class=\"wpcf7-form-control-wrap\" data-name=\"your-name\"><input size=\"40\" maxlength=\"400\" class=\"wpcf7-form-control wpcf7-text wpcf7-validates-as-required\" aria-required=\"true\" aria-invalid=\"false\" value=\"\" type=\"text\" name=\"your-name\" \/><\/span> <\/label>\n<\/p>\n<p><label> Email<br \/>\n<span class=\"wpcf7-form-control-wrap\" data-name=\"your-email\"><input size=\"40\" maxlength=\"400\" class=\"wpcf7-form-control wpcf7-email wpcf7-validates-as-required wpcf7-text wpcf7-validates-as-email\" aria-required=\"true\" aria-invalid=\"false\" value=\"\" type=\"email\" name=\"your-email\" \/><\/span> <\/label>\n<\/p>\n<p><label> Sujet<br \/>\n<span class=\"wpcf7-form-control-wrap\" data-name=\"your-subject\"><input size=\"40\" maxlength=\"400\" class=\"wpcf7-form-control wpcf7-text wpcf7-validates-as-required\" aria-required=\"true\" aria-invalid=\"false\" value=\"\" type=\"text\" name=\"your-subject\" \/><\/span> <\/label>\n<\/p>\n<p><label> Message<br \/>\n<span class=\"wpcf7-form-control-wrap\" data-name=\"your-message\"><textarea cols=\"40\" rows=\"10\" maxlength=\"2000\" class=\"wpcf7-form-control wpcf7-textarea wpcf7-validates-as-required\" aria-required=\"true\" aria-invalid=\"false\" name=\"your-message\"><\/textarea><\/span> <\/label>\n<\/p>\n<p><input class=\"wpcf7-form-control wpcf7-submit has-spinner\" type=\"submit\" value=\"Envoyer\" \/>\n<\/p><div class=\"wpcf7-response-output\" aria-hidden=\"true\"><\/div>\n<\/form>\n<\/div>\n<\/div>\n            <\/div>\t\t\t\t<\/div>\n\t\t\t\t<\/div>\n\t\t\t\t\t<\/div>\n\t\t<\/div>\n\t\t\t\t<div class=\"elementor-column elementor-col-66 elementor-top-column elementor-element elementor-element-7bcdc74\" data-id=\"7bcdc74\" data-element_type=\"column\" data-e-type=\"column\" data-settings=\"{&quot;background_background&quot;:&quot;classic&quot;}\">\n\t\t\t<div class=\"elementor-widget-wrap elementor-element-populated\">\n\t\t\t\t\t\t<div class=\"elementor-element elementor-element-5294c31 elementor-widget elementor-widget-spacer\" data-id=\"5294c31\" data-element_type=\"widget\" data-e-type=\"widget\" data-widget_type=\"spacer.default\">\n\t\t\t\t\t\t\t<div class=\"elementor-spacer\">\n\t\t\t<div class=\"elementor-spacer-inner\"><\/div>\n\t\t<\/div>\n\t\t\t\t\t\t<\/div>\n\t\t\t\t\t<\/div>\n\t\t<\/div>\n\t\t\t\t\t<\/div>\n\t\t<\/section>\n\t\t\t\t<\/div>\n\t\t","protected":false},"excerpt":{"rendered":"<p>Contact Votre premi\u00e8re r\u00e9servation, avec un cadeau ! Inscrivez votre adresse e-mail et b\u00e9n\u00e9ficiez d&rsquo;une r\u00e9duction de 5 % sur votre premi\u00e8re r\u00e9servation. En vous inscrivant, vous recevrez nos meilleures offres exclusives et toutes les nouveaut\u00e9s avant tout le monde. Pour b\u00e9n\u00e9ficier de la r\u00e9duction sur votre premi\u00e8re r\u00e9servation, vous n&rsquo;avez pas besoin de code &#8230;<\/p>\n","protected":false},"author":1,"featured_media":0,"parent":0,"menu_order":0,"comment_status":"closed","ping_status":"closed","template":"template-wide-content.php","meta":{"cozystay_single_page_hide_site_header":"","cozystay_single_page_site_header_source":"","cozystay_single_page_custom_site_header":"0","cozystay_single_page_custom_sticky_site_header":"0","cozystay_single_page_hide_page_title":"","cozystay_single_page_header_section_size":"","cozystay_single_page_header_background_color":"","cozystay_single_page_header_background_position_x":"center","cozystay_single_page_header_background_position_y":"center","cozystay_single_page_header_background_size":"cover","cozystay_single_page_header_background_repeat":"off","cozystay_single_page_header_background_scroll":"on","cozystay_single_page_header_text_color":"","cozystay_single_page_header_show_breadcrumb":"","cozystay_single_page_site_footer_hide_main":"","cozystay_single_custom_site_footer_main_source":"","cozystay_single_custom_site_footer_main":"0","cozystay_single_page_site_footer_hide_above":"","cozystay_single_custom_site_footer_above_source":"","cozystay_single_custom_site_footer_above":"0","cozystay_single_page_site_footer_hide_instagram":"","cozystay_single_page_site_footer_hide_bottom":"","cozystay_single_custom_mobile_menu_source":"","cozystay_single_custom_mobile_menu":"0","cozystay_single_custom_mobile_menu_animation":"","cozystay_single_custom_mobile_menu_width":"","cozystay_single_custom_mobile_menu_custom_width":375,"footnotes":""},"class_list":["post-9447","page","type-page","status-publish","hentry"],"yoast_head":"<!-- This site is optimized with the Yoast SEO plugin v27.1.1 - https:\/\/yoast.com\/product\/yoast-seo-wordpress\/ -->\n<title>Contact | Hotel Bernat II<\/title>\n<meta name=\"robots\" content=\"index, follow, max-snippet:-1, max-image-preview:large, max-video-preview:-1\" \/>\n<link rel=\"canonical\" href=\"https:\/\/hotelbernatcalella.com\/fr\/contact\/\" \/>\n<meta property=\"og:locale\" content=\"fr_FR\" \/>\n<meta property=\"og:type\" content=\"article\" \/>\n<meta property=\"og:title\" content=\"Contact | Hotel Bernat II\" \/>\n<meta property=\"og:description\" content=\"Contact Votre premi\u00e8re r\u00e9servation, avec un cadeau ! Inscrivez votre adresse e-mail et b\u00e9n\u00e9ficiez d&rsquo;une r\u00e9duction de 5 % sur votre premi\u00e8re r\u00e9servation. En vous inscrivant, vous recevrez nos meilleures offres exclusives et toutes les nouveaut\u00e9s avant tout le monde. Pour b\u00e9n\u00e9ficier de la r\u00e9duction sur votre premi\u00e8re r\u00e9servation, vous n&rsquo;avez pas besoin de code ...\" \/>\n<meta property=\"og:url\" content=\"https:\/\/hotelbernatcalella.com\/fr\/contact\/\" \/>\n<meta property=\"og:site_name\" content=\"Hotel Bernat II\" \/>\n<meta property=\"article:modified_time\" content=\"2026-03-17T15:28:09+00:00\" \/>\n<meta name=\"twitter:card\" content=\"summary_large_image\" \/>\n<meta name=\"twitter:label1\" content=\"Dur\u00e9e de lecture estim\u00e9e\" \/>\n\t<meta name=\"twitter:data1\" content=\"1 minute\" \/>\n<script type=\"application\/ld+json\" class=\"yoast-schema-graph\">{\"@context\":\"https:\/\/schema.org\",\"@graph\":[{\"@type\":\"WebPage\",\"@id\":\"https:\/\/hotelbernatcalella.com\/fr\/contact\/\",\"url\":\"https:\/\/hotelbernatcalella.com\/fr\/contact\/\",\"name\":\"Contact | Hotel Bernat II\",\"isPartOf\":{\"@id\":\"https:\/\/www.hotelbernatcalella.com\/fr\/#website\"},\"datePublished\":\"2023-03-28T04:35:12+00:00\",\"dateModified\":\"2026-03-17T15:28:09+00:00\",\"breadcrumb\":{\"@id\":\"https:\/\/hotelbernatcalella.com\/fr\/contact\/#breadcrumb\"},\"inLanguage\":\"fr-FR\",\"potentialAction\":[{\"@type\":\"ReadAction\",\"target\":[\"https:\/\/hotelbernatcalella.com\/fr\/contact\/\"]}]},{\"@type\":\"BreadcrumbList\",\"@id\":\"https:\/\/hotelbernatcalella.com\/fr\/contact\/#breadcrumb\",\"itemListElement\":[{\"@type\":\"ListItem\",\"position\":1,\"name\":\"Portada\",\"item\":\"https:\/\/www.hotelbernatcalella.com\/fr\/\"},{\"@type\":\"ListItem\",\"position\":2,\"name\":\"Contact\"}]},{\"@type\":\"WebSite\",\"@id\":\"https:\/\/www.hotelbernatcalella.com\/fr\/#website\",\"url\":\"https:\/\/www.hotelbernatcalella.com\/fr\/\",\"name\":\"Hotel Bernat II & Spa Calella\",\"description\":\"H\u00f4tel \u00e0 Calella\",\"alternateName\":\"Hotel Bernat II & Spa\",\"potentialAction\":[{\"@type\":\"SearchAction\",\"target\":{\"@type\":\"EntryPoint\",\"urlTemplate\":\"https:\/\/www.hotelbernatcalella.com\/fr\/?s={search_term_string}\"},\"query-input\":{\"@type\":\"PropertyValueSpecification\",\"valueRequired\":true,\"valueName\":\"search_term_string\"}}],\"inLanguage\":\"fr-FR\"}]}<\/script>\n<!-- \/ Yoast SEO plugin. -->","yoast_head_json":{"title":"Contact | Hotel Bernat II","robots":{"index":"index","follow":"follow","max-snippet":"max-snippet:-1","max-image-preview":"max-image-preview:large","max-video-preview":"max-video-preview:-1"},"canonical":"https:\/\/hotelbernatcalella.com\/fr\/contact\/","og_locale":"fr_FR","og_type":"article","og_title":"Contact | Hotel Bernat II","og_description":"Contact Votre premi\u00e8re r\u00e9servation, avec un cadeau ! Inscrivez votre adresse e-mail et b\u00e9n\u00e9ficiez d&rsquo;une r\u00e9duction de 5 % sur votre premi\u00e8re r\u00e9servation. En vous inscrivant, vous recevrez nos meilleures offres exclusives et toutes les nouveaut\u00e9s avant tout le monde. Pour b\u00e9n\u00e9ficier de la r\u00e9duction sur votre premi\u00e8re r\u00e9servation, vous n&rsquo;avez pas besoin de code ...","og_url":"https:\/\/hotelbernatcalella.com\/fr\/contact\/","og_site_name":"Hotel Bernat II","article_modified_time":"2026-03-17T15:28:09+00:00","twitter_card":"summary_large_image","twitter_misc":{"Dur\u00e9e de lecture estim\u00e9e":"1 minute"},"schema":{"@context":"https:\/\/schema.org","@graph":[{"@type":"WebPage","@id":"https:\/\/hotelbernatcalella.com\/fr\/contact\/","url":"https:\/\/hotelbernatcalella.com\/fr\/contact\/","name":"Contact | Hotel Bernat II","isPartOf":{"@id":"https:\/\/www.hotelbernatcalella.com\/fr\/#website"},"datePublished":"2023-03-28T04:35:12+00:00","dateModified":"2026-03-17T15:28:09+00:00","breadcrumb":{"@id":"https:\/\/hotelbernatcalella.com\/fr\/contact\/#breadcrumb"},"inLanguage":"fr-FR","potentialAction":[{"@type":"ReadAction","target":["https:\/\/hotelbernatcalella.com\/fr\/contact\/"]}]},{"@type":"BreadcrumbList","@id":"https:\/\/hotelbernatcalella.com\/fr\/contact\/#breadcrumb","itemListElement":[{"@type":"ListItem","position":1,"name":"Portada","item":"https:\/\/www.hotelbernatcalella.com\/fr\/"},{"@type":"ListItem","position":2,"name":"Contact"}]},{"@type":"WebSite","@id":"https:\/\/www.hotelbernatcalella.com\/fr\/#website","url":"https:\/\/www.hotelbernatcalella.com\/fr\/","name":"Hotel Bernat II & Spa Calella","description":"H\u00f4tel \u00e0 Calella","alternateName":"Hotel Bernat II & Spa","potentialAction":[{"@type":"SearchAction","target":{"@type":"EntryPoint","urlTemplate":"https:\/\/www.hotelbernatcalella.com\/fr\/?s={search_term_string}"},"query-input":{"@type":"PropertyValueSpecification","valueRequired":true,"valueName":"search_term_string"}}],"inLanguage":"fr-FR"}]}},"_links":{"self":[{"href":"https:\/\/hotelbernatcalella.com\/fr\/wp-json\/wp\/v2\/pages\/9447","targetHints":{"allow":["GET"]}}],"collection":[{"href":"https:\/\/hotelbernatcalella.com\/fr\/wp-json\/wp\/v2\/pages"}],"about":[{"href":"https:\/\/hotelbernatcalella.com\/fr\/wp-json\/wp\/v2\/types\/page"}],"author":[{"embeddable":true,"href":"https:\/\/hotelbernatcalella.com\/fr\/wp-json\/wp\/v2\/users\/1"}],"replies":[{"embeddable":true,"href":"https:\/\/hotelbernatcalella.com\/fr\/wp-json\/wp\/v2\/comments?post=9447"}],"version-history":[{"count":2,"href":"https:\/\/hotelbernatcalella.com\/fr\/wp-json\/wp\/v2\/pages\/9447\/revisions"}],"predecessor-version":[{"id":20029,"href":"https:\/\/hotelbernatcalella.com\/fr\/wp-json\/wp\/v2\/pages\/9447\/revisions\/20029"}],"wp:attachment":[{"href":"https:\/\/hotelbernatcalella.com\/fr\/wp-json\/wp\/v2\/media?parent=9447"}],"curies":[{"name":"wp","href":"https:\/\/api.w.org\/{rel}","templated":true}]}}