{"id":9116,"date":"2024-07-03T15:46:48","date_gmt":"2024-07-03T15:46:48","guid":{"rendered":"https:\/\/hotelbernatcalella.com\/falta-traduccion\/"},"modified":"2025-11-19T15:51:22","modified_gmt":"2025-11-19T15:51:22","slug":"a-offrir","status":"publish","type":"page","link":"https:\/\/hotelbernatcalella.com\/fr\/a-offrir\/","title":{"rendered":"\u00c0 Offrir"},"content":{"rendered":"\t\t<div data-elementor-type=\"wp-page\" data-elementor-id=\"9116\" class=\"elementor elementor-9116 elementor-4328\" data-elementor-post-type=\"page\">\n\t\t\t\t\t\t<section class=\"elementor-section elementor-top-section elementor-element elementor-element-38b8f755 elementor-section-height-min-height cs-section-content-fullwidth cs-parallax-on-scroll cs_scroll_y_100 elementor-section-boxed elementor-section-height-default elementor-section-items-middle\" data-id=\"38b8f755\" data-element_type=\"section\" data-e-type=\"section\" data-settings=\"{&quot;background_background&quot;:&quot;classic&quot;}\" data-cs-parallax-y=\"100\" style=\"background-image: none;\" data-cs-background-image=\"https:\/\/www.hotelbernatcalella.com\/wp-content\/uploads\/2025\/06\/regalar-hotel-calella.webp\" data-cs-background-image-alt-text=\"regalar hotel calella\">\n\t\t\t\t\t\t\t<div class=\"elementor-background-overlay\"><\/div>\n\t\t\t\t\t\t\t<div class=\"elementor-container elementor-column-gap-no\">\n\t\t\t\t\t<div class=\"elementor-column elementor-col-100 elementor-top-column elementor-element elementor-element-3b5053b dark-color\" data-id=\"3b5053b\" data-element_type=\"column\" data-e-type=\"column\">\n\t\t\t<div class=\"elementor-widget-wrap elementor-element-populated\">\n\t\t\t\t\t\t<div class=\"elementor-element elementor-element-13233b53 elementor-widget elementor-widget-cs_title\" data-id=\"13233b53\" data-element_type=\"widget\" data-e-type=\"widget\" data-widget_type=\"cs_title.default\">\n\t\t\t\t<div class=\"elementor-widget-container\">\n\t\t\t\t\t\n        <div class=\"cs-title-wrap text-center\">\t            <h1 class=\"cs-title\">\n\t                \u00c0 Offrir\t            <\/h1>\t            <div class=\"cs-title-text\">\n\t                <p>L&rsquo;importance des d\u00e9tails<\/p>\t            <\/div>        <\/div>\t\t\t\t<\/div>\n\t\t\t\t<\/div>\n\t\t\t\t\t<\/div>\n\t\t<\/div>\n\t\t\t\t\t<\/div>\n\t\t<\/section>\n\t\t<div class=\"elementor-element elementor-element-fa895ec e-flex e-con-boxed e-con e-parent\" data-id=\"fa895ec\" data-element_type=\"container\" data-e-type=\"container\">\n\t\t\t\t\t<div class=\"e-con-inner\">\n\t\t\t\t<div class=\"elementor-element elementor-element-dd73239 entradilla elementor-widget elementor-widget-cs_title\" data-id=\"dd73239\" data-element_type=\"widget\" data-e-type=\"widget\" data-widget_type=\"cs_title.default\">\n\t\t\t\t<div class=\"elementor-widget-container\">\n\t\t\t\t\t\n        <div class=\"cs-title-wrap text-center\">\t            <h4 class=\"cs-title\">\n\t                Vous voulez surprendre un \u00eatre cher ?\t            <\/h4>\t            <div class=\"cs-title-text\">\n\t                <p>L&rsquo;H\u00f4tel Bernat II vous facilite la t\u00e2che ! R\u00e9servez l&rsquo;un de nos packs et offrez une exp\u00e9rience agr\u00e9able dans notre h\u00f4tel : ch\u00e8ques cadeaux, s\u00e9ances de spa, h\u00e9bergement&#8230;  <br>Laissez-vous surprendre par nos services.<\/p>\t            <\/div>        <\/div>\t\t\t\t<\/div>\n\t\t\t\t<\/div>\n\t\t\t\t\t<\/div>\n\t\t\t\t<\/div>\n\t\t\t\t<section class=\"elementor-section elementor-top-section elementor-element elementor-element-73042e32 elementor-section-full_width elementor-section-height-default elementor-section-height-default\" data-id=\"73042e32\" data-element_type=\"section\" data-e-type=\"section\" data-settings=\"{&quot;background_background&quot;:&quot;classic&quot;}\">\n\t\t\t\t\t\t<div class=\"elementor-container elementor-column-gap-no\">\n\t\t\t\t\t<div class=\"elementor-column elementor-col-100 elementor-top-column elementor-element elementor-element-29c070b\" data-id=\"29c070b\" data-element_type=\"column\" data-e-type=\"column\">\n\t\t\t<div class=\"elementor-widget-wrap elementor-element-populated\">\n\t\t\t\t\t\t<div class=\"elementor-element elementor-element-f1c8f39 elementor-widget elementor-widget-shortcode\" data-id=\"f1c8f39\" data-element_type=\"widget\" data-e-type=\"widget\" data-widget_type=\"shortcode.default\">\n\t\t\t\t\tlist\t\t<div class=\"elementor-shortcode\"><!--<script src=\"https:\/\/code.jquery.com\/jquery-3.7.0.min.js\" integrity=\"sha256-2Pmvv0kuTBOenSvLm6bvfBSSHrUJ+3A7x6P5Ebd07\/g=\" crossorigin=\"anonymous\"><\/script>\n<script src=\"https:\/\/code.jquery.com\/ui\/1.13.2\/jquery-ui.min.js\" integrity=\"sha256-lSjKY0\/srUM9BE3dPm+c4fBo1dky2v27Gdjm2uoZaL0=\" crossorigin=\"anonymous\"><\/script>\n<script src=\"https:\/\/cdn.jsdelivr.net\/npm\/bootstrap@5.2.3\/dist\/js\/bootstrap.min.js\" integrity=\"sha384-cuYeSxntonz0PPNlHhBs68uyIAVpIIOZZ5JqeqvYYIcEL727kskC66kF92t6Xl2V\" crossorigin=\"anonymous\"><\/script>\n<link rel=\"stylesheet\" href=\"https:\/\/cdnjs.cloudflare.com\/ajax\/libs\/jqueryui\/1.13.2\/themes\/base\/jquery-ui.min.css\">\n<link rel=\"stylesheet\" href=\"https:\/\/cdn.jsdelivr.net\/npm\/bootstrap@5.2.3\/dist\/css\/bootstrap.min.css\" integrity=\"sha384-rbsA2VBKQhggwzxH7pPCaAqO46MgnOM80zW1RWuH61DGLwZJEdK2Kadq2F9CUG65\" crossorigin=\"anonymous\">-->\n<!-- jQuery 3.7.1 -->\n<script src=\"https:\/\/widget4.alojapro.com\/packages\/jQuery\/jquery-3.7.1.min.js\"><\/script>\n<script src=\"https:\/\/widget4.alojapro.com\/packages\/jquery-ui-1.13.2\/jquery-ui.min.js\"><\/script>\n<link rel=\"stylesheet\" href=\"https:\/\/widget4.alojapro.com\/packages\/jquery-ui-1.13.2\/jquery-ui.min.css\">\n<!-- Bootstrap 5.3.1 -->\n<script src=\"https:\/\/widget4.alojapro.com\/packages\/bootstrap\/js\/bootstrap.bundle.min.js\" type=\"text\/javascript\"><\/script>\n<link rel=\"stylesheet\" href=\"https:\/\/widget4.alojapro.com\/packages\/bootstrap\/css\/bootstrap.min.css\">\n<link href=\"https:\/\/widget4.alojapro.com\/packages\/bootstrap-formhelpers\/dist\/css\/bootstrap-formhelpers.min.css\" rel=\"stylesheet\" type=\"text\/css\"\/>\n<!-- jquery notify -->\n<link rel=\"stylesheet\" href=\"https:\/\/widget4.alojapro.com\/packages\/notify\/css\/notify.css\">\n<!-- font awwesome -->\n<link rel=\"stylesheet\" href=\"https:\/\/maxst.icons8.com\/vue-static\/landings\/line-awesome\/line-awesome\/1.3.0\/css\/line-awesome.min.css\">\n<link rel=\"stylesheet\" href=\"https:\/\/widget4.alojapro.com\/packages\/fontawesome\/css\/all.min.css\">\n<script src=\"https:\/\/kit.fontawesome.com\/0d38249a73.js\" crossorigin=\"anonymous\"><\/script>\n<!-- Platform CSS -->\n<link rel=\"stylesheet\" href=\"https:\/\/widget4.alojapro.com\/css\/base_giftbox.css?1776914317\">\n<link rel=\"stylesheet\" href=\"https:\/\/widget4.alojapro.com\/css\/customers\/bernat_giftbox.css?1776914317\">\n<script src=\"https:\/\/widget4.alojapro.com\/js\/engine.js\"><\/script>\n<div class=\"row\">\n\t<div class=\"col-lg-12 text-right\">\n\t\t<ul class=\"nav navbar-nav navbar-right\">\n\t\t\t\t\t<\/ul>\n\t<\/div>\n<\/div>\n<div class=\"container aljpr-container mt-3\">\n\t    <div class=\"row p-5 justify-content-center\">\n                    \n            <div class=\"col-12\">\n                <div class=\"card aljpr-card mb-4\">\n                                            <div class=\"row \">\n                            <div class=\"col-md-6\">\n                                <img decoding=\"async\" src=\"https:\/\/admin.alojapro.com\/files\/32352\/view?origin=giftBox\" class=\"card-img\" alt=\"Giftbox Image\"\/>\n                            <\/div>\n                            <div class=\"col-md-6 d-flex align-items-center\">\n                                <div class=\"card-body text-center\">\n                                    <h3 class=\"card-title\">S\u00e9jour Spa<\/h3>\n                                    <div class=\"card-text m-3\">\n                                        <ul>\r\n\t<li>Un nuit dans une chambre double pour deux personnes.<\/li>\r\n\t<li>H&eacute;bergement + petit-d&eacute;jeuner.<\/li>\r\n\t<li>Acc&egrave;s &agrave; l&rsquo;espace Wellness : 1 heure par personne.<\/li>\r\n\t<li>Selon la disponibilit&eacute;.<\/li>\r\n\t<li>Taxe touristique non comprise<\/li>\r\n\t<li>Valable pour un an<\/li>\r\n<\/ul>\n                                    <\/div>\n                                    <form action=\"?method=search\" method=\"post\">\n                                        <input type=\"hidden\" name=\"uniqId\" id=\"uniqId\" value=\"69e98f8d1073d\"\/>\n                                        <button type=\"submit\" class=\"btn btn-lg btn-outline-primary btn-block w-50\">R\u00e9servez maintenant<\/button>\n                                    <\/form>\n                                <\/div>\n                            <\/div>\n                        <\/div>\n                    \n                <\/div>\n            <\/div>\n                    \n            <div class=\"col-12\">\n                <div class=\"card aljpr-card mb-4\">\n                                            <div class=\"row flex-column-reverse flex-md-row\">\n                            <div class=\"col-md-6 d-flex align-items-center\">\n                                <div class=\"card-body text-center\">\n                                    <h3 class=\"card-title\">S\u00e9jour Spa &amp; d\u00eener<\/h3>\n                                    <div class=\"card-text m-3\">\n                                        <ul>\r\n\t<li>Un nuit dans une chambre double pour deux personnes.<\/li>\r\n\t<li>Demi-pension.<\/li>\r\n\t<li>Acc&egrave;s &agrave; l&rsquo;espace Wellness : 1 heure par personne.<\/li>\r\n\t<li>Selon la disponibilit&eacute;.<\/li>\r\n\t<li>Taxe touristique non comprise&nbsp;<\/li>\r\n\t<li>Valable pour un an<\/li>\r\n<\/ul>\n                                    <\/div>\n                                    <form action=\"?method=search\" method=\"post\">\n                                        <input type=\"hidden\" name=\"uniqId\" id=\"uniqId\" value=\"69e98f8d1073d\"\/>\n                                        <button type=\"submit\" class=\"btn btn-lg btn-outline-primary btn-block w-50\">R\u00e9servez maintenant<\/button>\n                                    <\/form>\n                                <\/div>\n                            <\/div>\n                            <div class=\"col-md-6\">\n                                <img decoding=\"async\" src=\"https:\/\/admin.alojapro.com\/files\/32353\/view?origin=giftBox\" class=\"card-img\" alt=\"Giftbox Image\"\/>\n                            <\/div>\n                        <\/div>\n                    \n                <\/div>\n            <\/div>\n                    \n            <div class=\"col-12\">\n                <div class=\"card aljpr-card mb-4\">\n                                            <div class=\"row \">\n                            <div class=\"col-md-6\">\n                                <img decoding=\"async\" src=\"https:\/\/admin.alojapro.com\/files\/32354\/view?origin=giftBox\" class=\"card-img\" alt=\"Giftbox Image\"\/>\n                            <\/div>\n                            <div class=\"col-md-6 d-flex align-items-center\">\n                                <div class=\"card-body text-center\">\n                                    <h3 class=\"card-title\">Spa en priv\u00e9<\/h3>\n                                    <div class=\"card-text m-3\">\n                                        <ul>\r\n\t<li>Il inclut une heure de Spa priv&eacute;e dans l&rsquo;espacedes eaux pour adultes.<\/li>\r\n\t<li>&Agrave; r&eacute;aliser entre le dimanche au soir et le vendredi au matin.<\/li>\r\n\t<li>Selon la disponibilit&eacute;.<\/li>\r\n\t<li>Valable pour un an<\/li>\r\n<\/ul>\n                                    <\/div>\n                                    <form action=\"?method=search\" method=\"post\">\n                                        <input type=\"hidden\" name=\"uniqId\" id=\"uniqId\" value=\"69e98f8d1073d\"\/>\n                                        <button type=\"submit\" class=\"btn btn-lg btn-outline-primary btn-block w-50\">R\u00e9servez maintenant<\/button>\n                                    <\/form>\n                                <\/div>\n                            <\/div>\n                        <\/div>\n                    \n                <\/div>\n            <\/div>\n                    \n            <div class=\"col-12\">\n                <div class=\"card aljpr-card mb-4\">\n                                            <div class=\"row flex-column-reverse flex-md-row\">\n                            <div class=\"col-md-6 d-flex align-items-center\">\n                                <div class=\"card-body text-center\">\n                                    <h3 class=\"card-title\">Bon Silver<\/h3>\n                                    <div class=\"card-text m-3\">\n                                        <p>D&eacute;couvrez le Silver Voucher ! Pour 50 &euro;, profitez d&rsquo;un bon &agrave; d&eacute;penser dans n&rsquo;importe quelle partie de l&rsquo;H&ocirc;tel Bernat II : restaurant, spa ou services de l&rsquo;h&ocirc;tel. Id&eacute;al pour offrir ou pour vous faire plaisir &agrave; tout moment. R&eacute;servez d&egrave;s maintenant et profitez de cette opportunit&eacute; !<\/p>\n                                    <\/div>\n                                    <form action=\"?method=search\" method=\"post\">\n                                        <input type=\"hidden\" name=\"uniqId\" id=\"uniqId\" value=\"69e98f8d1073d\"\/>\n                                        <button type=\"submit\" class=\"btn btn-lg btn-outline-primary btn-block w-50\">R\u00e9servez maintenant<\/button>\n                                    <\/form>\n                                <\/div>\n                            <\/div>\n                            <div class=\"col-md-6\">\n                                <img decoding=\"async\" src=\"https:\/\/admin.alojapro.com\/files\/32355\/view?origin=giftBox\" class=\"card-img\" alt=\"Giftbox Image\"\/>\n                            <\/div>\n                        <\/div>\n                    \n                <\/div>\n            <\/div>\n                    \n            <div class=\"col-12\">\n                <div class=\"card aljpr-card mb-4\">\n                                            <div class=\"row \">\n                            <div class=\"col-md-6\">\n                                <img decoding=\"async\" src=\"https:\/\/admin.alojapro.com\/files\/32356\/view?origin=giftBox\" class=\"card-img\" alt=\"Giftbox Image\"\/>\n                            <\/div>\n                            <div class=\"col-md-6 d-flex align-items-center\">\n                                <div class=\"card-body text-center\">\n                                    <h3 class=\"card-title\">Bon Gold<\/h3>\n                                    <div class=\"card-text m-3\">\n                                        <p>D&eacute;couvrez le Golden Voucher ! Pour 100 &euro;, profitez d&rsquo;un bon &agrave; d&eacute;penser dans n&rsquo;importe quelle partie de l&rsquo;H&ocirc;tel Bernat II : restaurant, spa ou services de l&rsquo;h&ocirc;tel. Id&eacute;al pour offrir ou pour vous faire plaisir &agrave; tout moment. R&eacute;servez d&egrave;s maintenant et profitez de cette opportunit&eacute; !<\/p>\n                                    <\/div>\n                                    <form action=\"?method=search\" method=\"post\">\n                                        <input type=\"hidden\" name=\"uniqId\" id=\"uniqId\" value=\"69e98f8d1073d\"\/>\n                                        <button type=\"submit\" class=\"btn btn-lg btn-outline-primary btn-block w-50\">R\u00e9servez maintenant<\/button>\n                                    <\/form>\n                                <\/div>\n                            <\/div>\n                        <\/div>\n                    \n                <\/div>\n            <\/div>\n                    \n            <div class=\"col-12\">\n                <div class=\"card aljpr-card mb-4\">\n                                            <div class=\"row flex-column-reverse flex-md-row\">\n                            <div class=\"col-md-6 d-flex align-items-center\">\n                                <div class=\"card-body text-center\">\n                                    <h3 class=\"card-title\">Spa &amp; Buffet<\/h3>\n                                    <div class=\"card-text m-3\">\n                                        <ul>\r\n\t<li>D&eacute;jeuner ou d&icirc;ner pour deux personnes<\/li>\r\n\t<li>Acc&egrave;s &agrave; l&rsquo;espace Wellness en priv&eacute; : 1 heure pour deux personnes<\/li>\r\n\t<li>&Agrave; r&eacute;aliser entre le dimanche au soir et le vendredi au matin.<\/li>\r\n\t<li>Valable pour un an<\/li>\r\n<\/ul>\r\n\n                                    <\/div>\n                                    <form action=\"?method=search\" method=\"post\">\n                                        <input type=\"hidden\" name=\"uniqId\" id=\"uniqId\" value=\"69e98f8d1073d\"\/>\n                                        <button type=\"submit\" class=\"btn btn-lg btn-outline-primary btn-block w-50\">R\u00e9servez maintenant<\/button>\n                                    <\/form>\n                                <\/div>\n                            <\/div>\n                            <div class=\"col-md-6\">\n                                <img decoding=\"async\" src=\"https:\/\/admin.alojapro.com\/files\/32357\/view?origin=giftBox\" class=\"card-img\" alt=\"Giftbox Image\"\/>\n                            <\/div>\n                        <\/div>\n                    \n                <\/div>\n            <\/div>\n        \n    <\/div>\n<\/div>\n<!-- Notify -->\n<script src=\"https:\/\/widget4.alojapro.com\/packages\/notify\/js\/notify.js\"><\/script>\n<script src=\"https:\/\/widget4.alojapro.com\/js\/lib\/alerts.js\"><\/script>\n<script src=\"https:\/\/widget4.alojapro.com\/js\/lib\/modals.js\"><\/script>\n<script src=\"https:\/\/widget4.alojapro.com\/js\/giftbox.js?1776914317\"><\/script>\n<script src=\"https:\/\/widget4.alojapro.com\/js\/app.js?1776914317\"><\/script>\n<script src=\"https:\/\/widget4.alojapro.com\/languages\/fr.js?1776914317\"><\/script>\n<script>\n\tapp.url = 'https:\/\/widget4.alojapro.com';\n\tapp.xSessionId = 'j1nriqgmee8e75rr68o02cbmhd';\n<\/script>\n<\/div>\n\t\t\t\t\t\t<\/div>\n\t\t\t\t\t<\/div>\n\t\t<\/div>\n\t\t\t\t\t<\/div>\n\t\t<\/section>\n\t\t\t\t<\/div>\n\t\t","protected":false},"excerpt":{"rendered":"<p>\u00c0 Offrir L&rsquo;importance des d\u00e9tails Vous voulez surprendre un \u00eatre cher ? L&rsquo;H\u00f4tel Bernat II vous facilite la t\u00e2che ! R\u00e9servez l&rsquo;un de nos packs et offrez une exp\u00e9rience agr\u00e9able dans notre h\u00f4tel : ch\u00e8ques cadeaux, s\u00e9ances de spa, h\u00e9bergement&#8230; Laissez-vous surprendre par nos services.<\/p>\n","protected":false},"author":1,"featured_media":0,"parent":0,"menu_order":0,"comment_status":"closed","ping_status":"closed","template":"elementor_header_footer","meta":{"cozystay_single_page_hide_site_header":"","cozystay_single_page_site_header_source":"","cozystay_single_page_custom_site_header":"0","cozystay_single_page_custom_sticky_site_header":"0","cozystay_single_page_hide_page_title":"","cozystay_single_page_header_section_size":"","cozystay_single_page_header_background_color":"","cozystay_single_page_header_background_position_x":"center","cozystay_single_page_header_background_position_y":"center","cozystay_single_page_header_background_size":"cover","cozystay_single_page_header_background_repeat":"off","cozystay_single_page_header_background_scroll":"on","cozystay_single_page_header_text_color":"","cozystay_single_page_header_show_breadcrumb":"","cozystay_single_page_site_footer_hide_main":"","cozystay_single_custom_site_footer_main_source":"","cozystay_single_custom_site_footer_main":"0","cozystay_single_page_site_footer_hide_above":"","cozystay_single_custom_site_footer_above_source":"","cozystay_single_custom_site_footer_above":"0","cozystay_single_page_site_footer_hide_instagram":"","cozystay_single_page_site_footer_hide_bottom":"","cozystay_single_custom_mobile_menu_source":"","cozystay_single_custom_mobile_menu":"0","cozystay_single_custom_mobile_menu_animation":"","cozystay_single_custom_mobile_menu_width":"","cozystay_single_custom_mobile_menu_custom_width":375,"footnotes":""},"class_list":["post-9116","page","type-page","status-publish","hentry"],"yoast_head":"<!-- This site is optimized with the Yoast SEO plugin v27.1.1 - https:\/\/yoast.com\/product\/yoast-seo-wordpress\/ -->\n<title>\u00c0 Offrir | Hotel Bernat II<\/title>\n<meta name=\"robots\" content=\"index, follow, max-snippet:-1, max-image-preview:large, max-video-preview:-1\" \/>\n<link rel=\"canonical\" href=\"https:\/\/hotelbernatcalella.com\/fr\/a-offrir\/\" \/>\n<meta property=\"og:locale\" content=\"fr_FR\" \/>\n<meta property=\"og:type\" content=\"article\" \/>\n<meta property=\"og:title\" content=\"\u00c0 Offrir | Hotel Bernat II\" \/>\n<meta property=\"og:description\" content=\"\u00c0 Offrir L&rsquo;importance des d\u00e9tails Vous voulez surprendre un \u00eatre cher ? L&rsquo;H\u00f4tel Bernat II vous facilite la t\u00e2che ! R\u00e9servez l&rsquo;un de nos packs et offrez une exp\u00e9rience agr\u00e9able dans notre h\u00f4tel : ch\u00e8ques cadeaux, s\u00e9ances de spa, h\u00e9bergement&#8230; Laissez-vous surprendre par nos services.\" \/>\n<meta property=\"og:url\" content=\"https:\/\/hotelbernatcalella.com\/fr\/a-offrir\/\" \/>\n<meta property=\"og:site_name\" content=\"Hotel Bernat II\" \/>\n<meta property=\"article:modified_time\" content=\"2025-11-19T15:51:22+00:00\" \/>\n<meta name=\"twitter:card\" content=\"summary_large_image\" \/>\n<script type=\"application\/ld+json\" class=\"yoast-schema-graph\">{\"@context\":\"https:\/\/schema.org\",\"@graph\":[{\"@type\":\"WebPage\",\"@id\":\"https:\/\/hotelbernatcalella.com\/fr\/a-offrir\/\",\"url\":\"https:\/\/hotelbernatcalella.com\/fr\/a-offrir\/\",\"name\":\"\u00c0 Offrir | Hotel Bernat II\",\"isPartOf\":{\"@id\":\"https:\/\/www.hotelbernatcalella.com\/fr\/#website\"},\"datePublished\":\"2024-07-03T15:46:48+00:00\",\"dateModified\":\"2025-11-19T15:51:22+00:00\",\"breadcrumb\":{\"@id\":\"https:\/\/hotelbernatcalella.com\/fr\/a-offrir\/#breadcrumb\"},\"inLanguage\":\"fr-FR\",\"potentialAction\":[{\"@type\":\"ReadAction\",\"target\":[\"https:\/\/hotelbernatcalella.com\/fr\/a-offrir\/\"]}]},{\"@type\":\"BreadcrumbList\",\"@id\":\"https:\/\/hotelbernatcalella.com\/fr\/a-offrir\/#breadcrumb\",\"itemListElement\":[{\"@type\":\"ListItem\",\"position\":1,\"name\":\"Portada\",\"item\":\"https:\/\/hotelbernatcalella.com\/fr\/\"},{\"@type\":\"ListItem\",\"position\":2,\"name\":\"\u00c0 Offrir\"}]},{\"@type\":\"WebSite\",\"@id\":\"https:\/\/www.hotelbernatcalella.com\/fr\/#website\",\"url\":\"https:\/\/www.hotelbernatcalella.com\/fr\/\",\"name\":\"Hotel Bernat II & Spa Calella\",\"description\":\"H\u00f4tel \u00e0 Calella\",\"alternateName\":\"Hotel Bernat II & Spa\",\"potentialAction\":[{\"@type\":\"SearchAction\",\"target\":{\"@type\":\"EntryPoint\",\"urlTemplate\":\"https:\/\/www.hotelbernatcalella.com\/fr\/?s={search_term_string}\"},\"query-input\":{\"@type\":\"PropertyValueSpecification\",\"valueRequired\":true,\"valueName\":\"search_term_string\"}}],\"inLanguage\":\"fr-FR\"}]}<\/script>\n<!-- \/ Yoast SEO plugin. -->","yoast_head_json":{"title":"\u00c0 Offrir | Hotel Bernat II","robots":{"index":"index","follow":"follow","max-snippet":"max-snippet:-1","max-image-preview":"max-image-preview:large","max-video-preview":"max-video-preview:-1"},"canonical":"https:\/\/hotelbernatcalella.com\/fr\/a-offrir\/","og_locale":"fr_FR","og_type":"article","og_title":"\u00c0 Offrir | Hotel Bernat II","og_description":"\u00c0 Offrir L&rsquo;importance des d\u00e9tails Vous voulez surprendre un \u00eatre cher ? L&rsquo;H\u00f4tel Bernat II vous facilite la t\u00e2che ! R\u00e9servez l&rsquo;un de nos packs et offrez une exp\u00e9rience agr\u00e9able dans notre h\u00f4tel : ch\u00e8ques cadeaux, s\u00e9ances de spa, h\u00e9bergement&#8230; Laissez-vous surprendre par nos services.","og_url":"https:\/\/hotelbernatcalella.com\/fr\/a-offrir\/","og_site_name":"Hotel Bernat II","article_modified_time":"2025-11-19T15:51:22+00:00","twitter_card":"summary_large_image","schema":{"@context":"https:\/\/schema.org","@graph":[{"@type":"WebPage","@id":"https:\/\/hotelbernatcalella.com\/fr\/a-offrir\/","url":"https:\/\/hotelbernatcalella.com\/fr\/a-offrir\/","name":"\u00c0 Offrir | Hotel Bernat II","isPartOf":{"@id":"https:\/\/www.hotelbernatcalella.com\/fr\/#website"},"datePublished":"2024-07-03T15:46:48+00:00","dateModified":"2025-11-19T15:51:22+00:00","breadcrumb":{"@id":"https:\/\/hotelbernatcalella.com\/fr\/a-offrir\/#breadcrumb"},"inLanguage":"fr-FR","potentialAction":[{"@type":"ReadAction","target":["https:\/\/hotelbernatcalella.com\/fr\/a-offrir\/"]}]},{"@type":"BreadcrumbList","@id":"https:\/\/hotelbernatcalella.com\/fr\/a-offrir\/#breadcrumb","itemListElement":[{"@type":"ListItem","position":1,"name":"Portada","item":"https:\/\/hotelbernatcalella.com\/fr\/"},{"@type":"ListItem","position":2,"name":"\u00c0 Offrir"}]},{"@type":"WebSite","@id":"https:\/\/www.hotelbernatcalella.com\/fr\/#website","url":"https:\/\/www.hotelbernatcalella.com\/fr\/","name":"Hotel Bernat II & Spa Calella","description":"H\u00f4tel \u00e0 Calella","alternateName":"Hotel Bernat II & Spa","potentialAction":[{"@type":"SearchAction","target":{"@type":"EntryPoint","urlTemplate":"https:\/\/www.hotelbernatcalella.com\/fr\/?s={search_term_string}"},"query-input":{"@type":"PropertyValueSpecification","valueRequired":true,"valueName":"search_term_string"}}],"inLanguage":"fr-FR"}]}},"_links":{"self":[{"href":"https:\/\/hotelbernatcalella.com\/fr\/wp-json\/wp\/v2\/pages\/9116","targetHints":{"allow":["GET"]}}],"collection":[{"href":"https:\/\/hotelbernatcalella.com\/fr\/wp-json\/wp\/v2\/pages"}],"about":[{"href":"https:\/\/hotelbernatcalella.com\/fr\/wp-json\/wp\/v2\/types\/page"}],"author":[{"embeddable":true,"href":"https:\/\/hotelbernatcalella.com\/fr\/wp-json\/wp\/v2\/users\/1"}],"replies":[{"embeddable":true,"href":"https:\/\/hotelbernatcalella.com\/fr\/wp-json\/wp\/v2\/comments?post=9116"}],"version-history":[{"count":0,"href":"https:\/\/hotelbernatcalella.com\/fr\/wp-json\/wp\/v2\/pages\/9116\/revisions"}],"wp:attachment":[{"href":"https:\/\/hotelbernatcalella.com\/fr\/wp-json\/wp\/v2\/media?parent=9116"}],"curies":[{"name":"wp","href":"https:\/\/api.w.org\/{rel}","templated":true}]}}