{"id":9351,"date":"2023-03-28T04:38:03","date_gmt":"2023-03-28T04:38:03","guid":{"rendered":"https:\/\/hotelbernatcalella.com\/bahari-club\/"},"modified":"2025-08-13T10:36:19","modified_gmt":"2025-08-13T10:36:19","slug":"bahari-club","status":"publish","type":"page","link":"https:\/\/hotelbernatcalella.com\/de\/bahari-club\/","title":{"rendered":"Bahari Club"},"content":{"rendered":"\t\t<div data-elementor-type=\"wp-page\" data-elementor-id=\"9351\" class=\"elementor elementor-9351 elementor-236\" data-elementor-post-type=\"page\">\n\t\t\t\t\t\t<section class=\"elementor-section elementor-top-section elementor-element elementor-element-45fac64a elementor-section-height-min-height cs-section-content-fullwidth cs-parallax-on-scroll cs_scroll_y_80 elementor-section-boxed elementor-section-height-default elementor-section-items-middle\" data-id=\"45fac64a\" data-element_type=\"section\" data-e-type=\"section\" data-settings=\"{&quot;background_background&quot;:&quot;classic&quot;}\" data-cs-parallax-y=\"80\" style=\"background-image: none;\" data-cs-background-image=\"https:\/\/www.hotelbernatcalella.com\/wp-content\/uploads\/2025\/06\/restaurante-calella-bahari.webp\" data-cs-background-image-alt-text=\"restaurante calella bahari\">\n\t\t\t\t\t\t\t<div class=\"elementor-background-overlay\"><\/div>\n\t\t\t\t\t\t\t<div class=\"elementor-container elementor-column-gap-no\">\n\t\t\t\t\t<div class=\"elementor-column elementor-col-100 elementor-top-column elementor-element elementor-element-7d85fca1 dark-color\" data-id=\"7d85fca1\" data-element_type=\"column\" data-e-type=\"column\">\n\t\t\t<div class=\"elementor-widget-wrap elementor-element-populated\">\n\t\t\t\t\t\t<div class=\"elementor-element elementor-element-3890ab8b elementor-widget elementor-widget-cs_title\" data-id=\"3890ab8b\" data-element_type=\"widget\" data-e-type=\"widget\" data-widget_type=\"cs_title.default\">\n\t\t\t\t<div class=\"elementor-widget-container\">\n\t\t\t\t\t\n        <div class=\"cs-title-wrap text-center\">\t            <div class=\"cs-subtitle-wrap\"><span class=\"cs-subtitle color-white\">Restaurant am Strand von Calella<\/span><\/div>\t            <h1 class=\"cs-title\">\n\t                Bahari Club\t            <\/h1>        <\/div>\t\t\t\t<\/div>\n\t\t\t\t<\/div>\n\t\t\t\t\t<\/div>\n\t\t<\/div>\n\t\t\t\t\t<\/div>\n\t\t<\/section>\n\t\t\t\t<section class=\"elementor-section elementor-top-section elementor-element elementor-element-7e0be11e cs-section-content-fullwidth elementor-section-content-middle elementor-section-boxed elementor-section-height-default elementor-section-height-default\" data-id=\"7e0be11e\" data-element_type=\"section\" data-e-type=\"section\" data-settings=\"{&quot;background_background&quot;:&quot;classic&quot;}\">\n\t\t\t\t\t\t<div class=\"elementor-container elementor-column-gap-no\">\n\t\t\t\t\t<div class=\"elementor-column elementor-col-100 elementor-top-column elementor-element elementor-element-1e69e9da\" data-id=\"1e69e9da\" data-element_type=\"column\" data-e-type=\"column\">\n\t\t\t<div class=\"elementor-widget-wrap elementor-element-populated\">\n\t\t\t\t\t\t<div class=\"elementor-element elementor-element-7392989b elementor-widget elementor-widget-cs_title\" data-id=\"7392989b\" data-element_type=\"widget\" data-e-type=\"widget\" data-widget_type=\"cs_title.default\">\n\t\t\t\t<div class=\"elementor-widget-container\">\n\t\t\t\t\t\n        <div class=\"cs-title-wrap text-center\">\t            <h3 class=\"cs-title\">\n\t                Kenne den Bahari Club\t            <\/h3>\t            <div class=\"cs-title-text\">\n\t                <p>Das Hotel Bernat II verf\u00fcgt \u00fcber ein ausgezeichnetes Restaurant am Strand von Calella, an der Platja de Garb\u00ed \u2013 Costa de Barcelona, die 2016 mit der Blauen Flagge und dem Qualit\u00e4tssiegel \u201eQ f\u00fcr Tourismusqualit\u00e4t\u201c ausgezeichnet wurde.<\/p>\t            <\/div>        <\/div>\t\t\t\t<\/div>\n\t\t\t\t<\/div>\n\t\t\t\t\t<\/div>\n\t\t<\/div>\n\t\t\t\t\t<\/div>\n\t\t<\/section>\n\t\t\t\t<section class=\"elementor-section elementor-top-section elementor-element elementor-element-a475baa cs-section-content-fullwidth elementor-section-boxed elementor-section-height-default elementor-section-height-default\" data-id=\"a475baa\" data-element_type=\"section\" data-e-type=\"section\">\n\t\t\t\t\t\t<div class=\"elementor-container elementor-column-gap-default\">\n\t\t\t\t\t<div class=\"elementor-column elementor-col-33 elementor-top-column elementor-element elementor-element-1fa6ba13\" data-id=\"1fa6ba13\" data-element_type=\"column\" data-e-type=\"column\">\n\t\t\t<div class=\"elementor-widget-wrap elementor-element-populated\">\n\t\t\t\t\t\t<div class=\"elementor-element elementor-element-76d3b3c8 elementor-widget elementor-widget-cs_call_to_action\" data-id=\"76d3b3c8\" data-element_type=\"widget\" data-e-type=\"widget\" data-settings=\"{&quot;overlay_background&quot;:&quot;gradient&quot;}\" data-widget_type=\"cs_call_to_action.default\">\n\t\t\t\t<div class=\"elementor-widget-container\">\n\t\t\t\t\t\n\t\t<div class=\"cs-cta cta-layout-text-overlap content-middle dark-color text-center cta-hover-img-zoom\">\n            <div class=\"cs-cta-wrap\">\t\t               \t<div class=\"cs-cta-img\">\n\t\t                    <img fetchpriority=\"high\" decoding=\"async\" width=\"651\" height=\"976\" src=\"https:\/\/hotelbernatcalella.com\/wp-content\/uploads\/2025\/06\/bodas-maresme.webp\" class=\"attachment-full size-full wp-image-14654\" alt=\"bodas maresme\" srcset=\"https:\/\/hotelbernatcalella.com\/wp-content\/uploads\/2025\/06\/bodas-maresme.webp 651w, https:\/\/hotelbernatcalella.com\/wp-content\/uploads\/2025\/06\/bodas-maresme-200x300.webp 200w, https:\/\/hotelbernatcalella.com\/wp-content\/uploads\/2025\/06\/bodas-maresme-600x900.webp 600w, https:\/\/hotelbernatcalella.com\/wp-content\/uploads\/2025\/06\/bodas-maresme-550x825.webp 550w, https:\/\/hotelbernatcalella.com\/wp-content\/uploads\/2025\/06\/bodas-maresme-370x555.webp 370w, https:\/\/hotelbernatcalella.com\/wp-content\/uploads\/2025\/06\/bodas-maresme-255x382.webp 255w\" sizes=\"(max-width: 651px) 100vw, 651px\" \/>\t\t                <\/div>                <div class=\"cs-cta-overlay\"><\/div>\n                <div class=\"cs-cta-content\">\t\t            <h6 class=\"cs-cta-title cs-title\">\n\t\t                Bahari Club\t\t            <\/h6>\t\t            <div class=\"cs-cta-text\">\n\t\t                <p style=\"text-align: center;\">Bahari Club ist unser Restaurant, direkt am Meer gelegen und perfekt, um etwas unter der Sonne zu trinken oder die mediterrane K\u00fcche am Strand von Calella zu genie\u00dfen.<\/p>\t\t            <\/div>\t\t\t<\/div>                <a class=\"cs-cta-link\" href=\"https:\/\/www.bahariclub.com\/\" target=\"_blank\" aria-label=\"Call to Action Link\"><\/a>            <\/div>\n        <\/div>\t\t\t\t<\/div>\n\t\t\t\t<\/div>\n\t\t\t\t\t<\/div>\n\t\t<\/div>\n\t\t\t\t<div class=\"elementor-column elementor-col-33 elementor-top-column elementor-element elementor-element-236fa1e4\" data-id=\"236fa1e4\" data-element_type=\"column\" data-e-type=\"column\">\n\t\t\t<div class=\"elementor-widget-wrap elementor-element-populated\">\n\t\t\t\t\t\t<div class=\"elementor-element elementor-element-415b5159 elementor-widget elementor-widget-cs_call_to_action\" data-id=\"415b5159\" data-element_type=\"widget\" data-e-type=\"widget\" data-settings=\"{&quot;overlay_background&quot;:&quot;gradient&quot;}\" data-widget_type=\"cs_call_to_action.default\">\n\t\t\t\t<div class=\"elementor-widget-container\">\n\t\t\t\t\t\n\t\t<div class=\"cs-cta cta-layout-text-overlap content-middle dark-color text-center cta-hover-img-zoom\">\n            <div class=\"cs-cta-wrap\">\t\t               \t<div class=\"cs-cta-img\">\n\t\t                    <img decoding=\"async\" width=\"651\" height=\"976\" src=\"https:\/\/hotelbernatcalella.com\/wp-content\/uploads\/2025\/06\/restaurante-calella-barcelona.webp\" class=\"attachment-full size-full wp-image-14661\" alt=\"\" srcset=\"https:\/\/hotelbernatcalella.com\/wp-content\/uploads\/2025\/06\/restaurante-calella-barcelona.webp 651w, https:\/\/hotelbernatcalella.com\/wp-content\/uploads\/2025\/06\/restaurante-calella-barcelona-200x300.webp 200w, https:\/\/hotelbernatcalella.com\/wp-content\/uploads\/2025\/06\/restaurante-calella-barcelona-600x900.webp 600w, https:\/\/hotelbernatcalella.com\/wp-content\/uploads\/2025\/06\/restaurante-calella-barcelona-550x825.webp 550w, https:\/\/hotelbernatcalella.com\/wp-content\/uploads\/2025\/06\/restaurante-calella-barcelona-370x555.webp 370w, https:\/\/hotelbernatcalella.com\/wp-content\/uploads\/2025\/06\/restaurante-calella-barcelona-255x382.webp 255w\" sizes=\"(max-width: 651px) 100vw, 651px\" \/>\t\t                <\/div>                <div class=\"cs-cta-overlay\"><\/div>\n                <div class=\"cs-cta-content\">\t\t            <h6 class=\"cs-cta-title cs-title\">\n\t\t                Gastronomie\t\t            <\/h6>\t\t            <div class=\"cs-cta-text\">\n\t\t                <p style=\"text-align: center;\">Romantisches Abendessen in unserem Beach Club, nur wenige Meter vom Hotel Bernat II entfernt. Ein perfekter Plan, um besondere Momente am Meer zu teilen. Nur w\u00e4hrend der Sommersaison verf\u00fcgbar.<\/p>\t\t            <\/div>\t\t\t<\/div>                <a class=\"cs-cta-link\" href=\"https:\/\/www.bahariclub.com\/cocina\/\" target=\"_blank\" aria-label=\"Call to Action Link\"><\/a>            <\/div>\n        <\/div>\t\t\t\t<\/div>\n\t\t\t\t<\/div>\n\t\t\t\t\t<\/div>\n\t\t<\/div>\n\t\t\t\t<div class=\"elementor-column elementor-col-33 elementor-top-column elementor-element elementor-element-289894e\" data-id=\"289894e\" data-element_type=\"column\" data-e-type=\"column\">\n\t\t\t<div class=\"elementor-widget-wrap elementor-element-populated\">\n\t\t\t\t\t\t<div class=\"elementor-element elementor-element-4498b74c elementor-widget elementor-widget-cs_call_to_action\" data-id=\"4498b74c\" data-element_type=\"widget\" data-e-type=\"widget\" data-settings=\"{&quot;overlay_background&quot;:&quot;gradient&quot;}\" data-widget_type=\"cs_call_to_action.default\">\n\t\t\t\t<div class=\"elementor-widget-container\">\n\t\t\t\t\t\n\t\t<div class=\"cs-cta cta-layout-text-overlap content-middle dark-color text-center cta-hover-img-zoom\">\n            <div class=\"cs-cta-wrap\">\t\t               \t<div class=\"cs-cta-img\">\n\t\t                    <img decoding=\"async\" width=\"651\" height=\"976\" src=\"https:\/\/hotelbernatcalella.com\/wp-content\/uploads\/2025\/06\/bodas-calella.webp\" class=\"attachment-full size-full wp-image-14668\" alt=\"bodas en calella\" srcset=\"https:\/\/hotelbernatcalella.com\/wp-content\/uploads\/2025\/06\/bodas-calella.webp 651w, https:\/\/hotelbernatcalella.com\/wp-content\/uploads\/2025\/06\/bodas-calella-200x300.webp 200w, https:\/\/hotelbernatcalella.com\/wp-content\/uploads\/2025\/06\/bodas-calella-600x900.webp 600w, https:\/\/hotelbernatcalella.com\/wp-content\/uploads\/2025\/06\/bodas-calella-550x825.webp 550w, https:\/\/hotelbernatcalella.com\/wp-content\/uploads\/2025\/06\/bodas-calella-370x555.webp 370w, https:\/\/hotelbernatcalella.com\/wp-content\/uploads\/2025\/06\/bodas-calella-255x382.webp 255w\" sizes=\"(max-width: 651px) 100vw, 651px\" \/>\t\t                <\/div>                <div class=\"cs-cta-overlay\"><\/div>\n                <div class=\"cs-cta-content\">\t\t            <h6 class=\"cs-cta-title cs-title\">\n\t\t                Hochzeiten und Bankette\t\t            <\/h6>\t\t            <div class=\"cs-cta-text\">\n\t\t                <p style=\"text-align: center;\">Das Mittelmeer und der Leuchtturm von Calella machen den Bahari Club zum perfekten Ort f\u00fcr eure Hochzeit. Mit \u00fcber 30 Jahren Erfahrung bieten wir euch alles, was ihr f\u00fcr diesen einzigartigen Tag braucht.  <br>M\u00f6chtet ihr mehr Informationen?<\/p>\t\t            <\/div>\t\t\t<\/div>                <a class=\"cs-cta-link\" href=\"https:\/\/www.bahariclub.com\/boda\/\" target=\"_blank\" aria-label=\"Call to Action Link\"><\/a>            <\/div>\n        <\/div>\t\t\t\t<\/div>\n\t\t\t\t<\/div>\n\t\t\t\t\t<\/div>\n\t\t<\/div>\n\t\t\t\t\t<\/div>\n\t\t<\/section>\n\t\t\t\t<\/div>\n\t\t","protected":false},"excerpt":{"rendered":"<p>Restaurant am Strand von Calella Bahari Club Kenne den Bahari Club Das Hotel Bernat II verf\u00fcgt \u00fcber ein ausgezeichnetes Restaurant am Strand von Calella, an der Platja de Garb\u00ed \u2013 Costa de Barcelona, die 2016 mit der Blauen Flagge und dem Qualit\u00e4tssiegel \u201eQ f\u00fcr Tourismusqualit\u00e4t\u201c ausgezeichnet wurde. Bahari Club Bahari Club ist unser Restaurant, direkt &#8230;<\/p>\n","protected":false},"author":1,"featured_media":14651,"parent":0,"menu_order":0,"comment_status":"closed","ping_status":"closed","template":"template-wide-content.php","meta":{"cozystay_single_page_hide_site_header":"","cozystay_single_page_site_header_source":"","cozystay_single_page_custom_site_header":"0","cozystay_single_page_custom_sticky_site_header":"0","cozystay_single_page_hide_page_title":"","cozystay_single_page_header_section_size":"","cozystay_single_page_header_background_color":"","cozystay_single_page_header_background_position_x":"center","cozystay_single_page_header_background_position_y":"center","cozystay_single_page_header_background_size":"cover","cozystay_single_page_header_background_repeat":"off","cozystay_single_page_header_background_scroll":"on","cozystay_single_page_header_text_color":"","cozystay_single_page_header_show_breadcrumb":"","cozystay_single_page_site_footer_hide_main":"","cozystay_single_custom_site_footer_main_source":"","cozystay_single_custom_site_footer_main":"0","cozystay_single_page_site_footer_hide_above":"","cozystay_single_custom_site_footer_above_source":"","cozystay_single_custom_site_footer_above":"0","cozystay_single_page_site_footer_hide_instagram":"","cozystay_single_page_site_footer_hide_bottom":"","cozystay_single_custom_mobile_menu_source":"","cozystay_single_custom_mobile_menu":"0","cozystay_single_custom_mobile_menu_animation":"","cozystay_single_custom_mobile_menu_width":"","cozystay_single_custom_mobile_menu_custom_width":375,"footnotes":""},"class_list":["post-9351","page","type-page","status-publish","has-post-thumbnail","hentry"],"yoast_head":"<!-- This site is optimized with the Yoast SEO plugin v27.1.1 - https:\/\/yoast.com\/product\/yoast-seo-wordpress\/ -->\n<title>Restaurant am Strand von Calella | Bahari Club | Hotel Bernat II<\/title>\n<meta name=\"description\" content=\"Entdecken Sie unser Strandrestaurant in Calella. Wir bieten Vorspeisen, eine vielf\u00e4ltige Auswahl an Hauptgerichten, Cocktails und die M\u00f6glichkeit, Hochzeiten auszurichten.\" \/>\n<meta name=\"robots\" content=\"index, follow, max-snippet:-1, max-image-preview:large, max-video-preview:-1\" \/>\n<link rel=\"canonical\" href=\"https:\/\/hotelbernatcalella.com\/de\/bahari-club\/\" \/>\n<meta property=\"og:locale\" content=\"de_DE\" \/>\n<meta property=\"og:type\" content=\"article\" \/>\n<meta property=\"og:title\" content=\"Restaurant am Strand von Calella | Bahari Club | Hotel Bernat II\" \/>\n<meta property=\"og:description\" content=\"Entdecken Sie unser Strandrestaurant in Calella. Wir bieten Vorspeisen, eine vielf\u00e4ltige Auswahl an Hauptgerichten, Cocktails und die M\u00f6glichkeit, Hochzeiten auszurichten.\" \/>\n<meta property=\"og:url\" content=\"https:\/\/hotelbernatcalella.com\/de\/bahari-club\/\" \/>\n<meta property=\"og:site_name\" content=\"Hotel Bernat II\" \/>\n<meta property=\"article:modified_time\" content=\"2025-08-13T10:36:19+00:00\" \/>\n<meta property=\"og:image\" content=\"https:\/\/www.hotelbernatcalella.com\/wp-content\/uploads\/2025\/06\/restaurante-calella-bahari.webp\" \/>\n\t<meta property=\"og:image:width\" content=\"2560\" \/>\n\t<meta property=\"og:image:height\" content=\"1637\" \/>\n\t<meta property=\"og:image:type\" content=\"image\/webp\" \/>\n<meta name=\"twitter:card\" content=\"summary_large_image\" \/>\n<meta name=\"twitter:label1\" content=\"Gesch\u00e4tzte Lesezeit\" \/>\n\t<meta name=\"twitter:data1\" content=\"1\u00a0Minute\" \/>\n<script type=\"application\/ld+json\" class=\"yoast-schema-graph\">{\"@context\":\"https:\/\/schema.org\",\"@graph\":[{\"@type\":\"WebPage\",\"@id\":\"https:\/\/hotelbernatcalella.com\/de\/bahari-club\/\",\"url\":\"https:\/\/hotelbernatcalella.com\/de\/bahari-club\/\",\"name\":\"Restaurant am Strand von Calella | Bahari Club | Hotel Bernat II\",\"isPartOf\":{\"@id\":\"https:\/\/www.hotelbernatcalella.com\/de\/#website\"},\"primaryImageOfPage\":{\"@id\":\"https:\/\/hotelbernatcalella.com\/de\/bahari-club\/#primaryimage\"},\"image\":{\"@id\":\"https:\/\/hotelbernatcalella.com\/de\/bahari-club\/#primaryimage\"},\"thumbnailUrl\":\"https:\/\/hotelbernatcalella.com\/wp-content\/uploads\/2025\/06\/restaurante-calella-bahari.webp\",\"datePublished\":\"2023-03-28T04:38:03+00:00\",\"dateModified\":\"2025-08-13T10:36:19+00:00\",\"description\":\"Entdecken Sie unser Strandrestaurant in Calella. Wir bieten Vorspeisen, eine vielf\u00e4ltige Auswahl an Hauptgerichten, Cocktails und die M\u00f6glichkeit, Hochzeiten auszurichten.\",\"breadcrumb\":{\"@id\":\"https:\/\/hotelbernatcalella.com\/de\/bahari-club\/#breadcrumb\"},\"inLanguage\":\"de\",\"potentialAction\":[{\"@type\":\"ReadAction\",\"target\":[\"https:\/\/hotelbernatcalella.com\/de\/bahari-club\/\"]}]},{\"@type\":\"ImageObject\",\"inLanguage\":\"de\",\"@id\":\"https:\/\/hotelbernatcalella.com\/de\/bahari-club\/#primaryimage\",\"url\":\"https:\/\/hotelbernatcalella.com\/wp-content\/uploads\/2025\/06\/restaurante-calella-bahari.webp\",\"contentUrl\":\"https:\/\/hotelbernatcalella.com\/wp-content\/uploads\/2025\/06\/restaurante-calella-bahari.webp\",\"width\":2560,\"height\":1637,\"caption\":\"restaurante calella bahari\"},{\"@type\":\"BreadcrumbList\",\"@id\":\"https:\/\/hotelbernatcalella.com\/de\/bahari-club\/#breadcrumb\",\"itemListElement\":[{\"@type\":\"ListItem\",\"position\":1,\"name\":\"Portada\",\"item\":\"https:\/\/www.hotelbernatcalella.com\/de\/\"},{\"@type\":\"ListItem\",\"position\":2,\"name\":\"Bahari Club\"}]},{\"@type\":\"WebSite\",\"@id\":\"https:\/\/www.hotelbernatcalella.com\/de\/#website\",\"url\":\"https:\/\/www.hotelbernatcalella.com\/de\/\",\"name\":\"Hotel Bernat II & Spa Calella\",\"description\":\"Hotel in Calella\",\"alternateName\":\"Hotel Bernat II & Spa\",\"potentialAction\":[{\"@type\":\"SearchAction\",\"target\":{\"@type\":\"EntryPoint\",\"urlTemplate\":\"https:\/\/www.hotelbernatcalella.com\/de\/?s={search_term_string}\"},\"query-input\":{\"@type\":\"PropertyValueSpecification\",\"valueRequired\":true,\"valueName\":\"search_term_string\"}}],\"inLanguage\":\"de\"}]}<\/script>\n<!-- \/ Yoast SEO plugin. -->","yoast_head_json":{"title":"Restaurant am Strand von Calella | Bahari Club | Hotel Bernat II","description":"Entdecken Sie unser Strandrestaurant in Calella. Wir bieten Vorspeisen, eine vielf\u00e4ltige Auswahl an Hauptgerichten, Cocktails und die M\u00f6glichkeit, Hochzeiten auszurichten.","robots":{"index":"index","follow":"follow","max-snippet":"max-snippet:-1","max-image-preview":"max-image-preview:large","max-video-preview":"max-video-preview:-1"},"canonical":"https:\/\/hotelbernatcalella.com\/de\/bahari-club\/","og_locale":"de_DE","og_type":"article","og_title":"Restaurant am Strand von Calella | Bahari Club | Hotel Bernat II","og_description":"Entdecken Sie unser Strandrestaurant in Calella. Wir bieten Vorspeisen, eine vielf\u00e4ltige Auswahl an Hauptgerichten, Cocktails und die M\u00f6glichkeit, Hochzeiten auszurichten.","og_url":"https:\/\/hotelbernatcalella.com\/de\/bahari-club\/","og_site_name":"Hotel Bernat II","article_modified_time":"2025-08-13T10:36:19+00:00","og_image":[{"width":2560,"height":1637,"url":"https:\/\/www.hotelbernatcalella.com\/wp-content\/uploads\/2025\/06\/restaurante-calella-bahari.webp","type":"image\/webp"}],"twitter_card":"summary_large_image","twitter_misc":{"Gesch\u00e4tzte Lesezeit":"1\u00a0Minute"},"schema":{"@context":"https:\/\/schema.org","@graph":[{"@type":"WebPage","@id":"https:\/\/hotelbernatcalella.com\/de\/bahari-club\/","url":"https:\/\/hotelbernatcalella.com\/de\/bahari-club\/","name":"Restaurant am Strand von Calella | Bahari Club | Hotel Bernat II","isPartOf":{"@id":"https:\/\/www.hotelbernatcalella.com\/de\/#website"},"primaryImageOfPage":{"@id":"https:\/\/hotelbernatcalella.com\/de\/bahari-club\/#primaryimage"},"image":{"@id":"https:\/\/hotelbernatcalella.com\/de\/bahari-club\/#primaryimage"},"thumbnailUrl":"https:\/\/hotelbernatcalella.com\/wp-content\/uploads\/2025\/06\/restaurante-calella-bahari.webp","datePublished":"2023-03-28T04:38:03+00:00","dateModified":"2025-08-13T10:36:19+00:00","description":"Entdecken Sie unser Strandrestaurant in Calella. Wir bieten Vorspeisen, eine vielf\u00e4ltige Auswahl an Hauptgerichten, Cocktails und die M\u00f6glichkeit, Hochzeiten auszurichten.","breadcrumb":{"@id":"https:\/\/hotelbernatcalella.com\/de\/bahari-club\/#breadcrumb"},"inLanguage":"de","potentialAction":[{"@type":"ReadAction","target":["https:\/\/hotelbernatcalella.com\/de\/bahari-club\/"]}]},{"@type":"ImageObject","inLanguage":"de","@id":"https:\/\/hotelbernatcalella.com\/de\/bahari-club\/#primaryimage","url":"https:\/\/hotelbernatcalella.com\/wp-content\/uploads\/2025\/06\/restaurante-calella-bahari.webp","contentUrl":"https:\/\/hotelbernatcalella.com\/wp-content\/uploads\/2025\/06\/restaurante-calella-bahari.webp","width":2560,"height":1637,"caption":"restaurante calella bahari"},{"@type":"BreadcrumbList","@id":"https:\/\/hotelbernatcalella.com\/de\/bahari-club\/#breadcrumb","itemListElement":[{"@type":"ListItem","position":1,"name":"Portada","item":"https:\/\/www.hotelbernatcalella.com\/de\/"},{"@type":"ListItem","position":2,"name":"Bahari Club"}]},{"@type":"WebSite","@id":"https:\/\/www.hotelbernatcalella.com\/de\/#website","url":"https:\/\/www.hotelbernatcalella.com\/de\/","name":"Hotel Bernat II & Spa Calella","description":"Hotel in Calella","alternateName":"Hotel Bernat II & Spa","potentialAction":[{"@type":"SearchAction","target":{"@type":"EntryPoint","urlTemplate":"https:\/\/www.hotelbernatcalella.com\/de\/?s={search_term_string}"},"query-input":{"@type":"PropertyValueSpecification","valueRequired":true,"valueName":"search_term_string"}}],"inLanguage":"de"}]}},"_links":{"self":[{"href":"https:\/\/hotelbernatcalella.com\/de\/wp-json\/wp\/v2\/pages\/9351","targetHints":{"allow":["GET"]}}],"collection":[{"href":"https:\/\/hotelbernatcalella.com\/de\/wp-json\/wp\/v2\/pages"}],"about":[{"href":"https:\/\/hotelbernatcalella.com\/de\/wp-json\/wp\/v2\/types\/page"}],"author":[{"embeddable":true,"href":"https:\/\/hotelbernatcalella.com\/de\/wp-json\/wp\/v2\/users\/1"}],"replies":[{"embeddable":true,"href":"https:\/\/hotelbernatcalella.com\/de\/wp-json\/wp\/v2\/comments?post=9351"}],"version-history":[{"count":0,"href":"https:\/\/hotelbernatcalella.com\/de\/wp-json\/wp\/v2\/pages\/9351\/revisions"}],"wp:featuredmedia":[{"embeddable":true,"href":"https:\/\/hotelbernatcalella.com\/de\/wp-json\/wp\/v2\/media\/14651"}],"wp:attachment":[{"href":"https:\/\/hotelbernatcalella.com\/de\/wp-json\/wp\/v2\/media?parent=9351"}],"curies":[{"name":"wp","href":"https:\/\/api.w.org\/{rel}","templated":true}]}}