{"id":10045,"date":"2024-09-17T10:56:31","date_gmt":"2024-09-17T10:56:31","guid":{"rendered":"https:\/\/hotelbernatcalella.com\/rechtlicher-hinweis\/"},"modified":"2025-11-19T15:47:22","modified_gmt":"2025-11-19T15:47:22","slug":"rechtlicher-hinweis","status":"publish","type":"page","link":"https:\/\/hotelbernatcalella.com\/de\/rechtlicher-hinweis\/","title":{"rendered":"Rechtlicher Hinweis"},"content":{"rendered":"\t\t<div data-elementor-type=\"wp-page\" data-elementor-id=\"10045\" class=\"elementor elementor-10045 elementor-4744\" data-elementor-post-type=\"page\">\n\t\t\t\t<div class=\"elementor-element elementor-element-3c67ddc e-flex e-con-boxed e-con e-parent\" data-id=\"3c67ddc\" data-element_type=\"container\" data-e-type=\"container\">\n\t\t\t\t\t<div class=\"e-con-inner\">\n\t\t\t\t<div class=\"elementor-element elementor-element-22fb89c8 elementor-widget elementor-widget-text-editor\" data-id=\"22fb89c8\" data-element_type=\"widget\" data-e-type=\"widget\" data-widget_type=\"text-editor.default\">\n\t\t\t\t\t\t\t\t\t\n<h1><strong>Rechtlicher Hinweis<\/strong><\/h1>\n<p>Im Einklang mit dem Gesetz 34\/2002 vom 11. Juli \u00fcber Dienste der Informationsgesellschaft und elektronischen Handel wird der Nutzer dar\u00fcber informiert, dass der Inhaber der Website <a href=\"https:\/\/www.hotelbernatcalella.com\/de\/\">www.hotelbernatcalella.com<\/a> der Gesellschaft VALOM, S.L. ist und die Identifikationsdaten wie folgt lauten:<\/p>\n\n<ul class=\"wp-block-list\">\n<li>Verantwortlicher: VALOM, S.L.<\/li>\n\n<li>NIF (Steueridentifikationsnummer): B08815904<\/li>\n\n<li>Firmenadresse: AVINGUDA DEL TURISME, 42-44<\/li>\n\n<li>Postleitzahl: 08370<\/li>\n\n<li>Ort: CALELLA<\/li>\n\n<li>Provinz: BARCELONA<\/li>\n\n<li>E-Mail: <a href=\"mailto:rgpd@hotelbernat.com\">rgpd@hotelbernat.com <\/a><\/li>\n\n<li>Eintragungsdaten: Die Gesellschaft ist im Handelsregister von BARCELONA unter der Nummer 5391, Folio 56 und Blattnummer B-55450 eingetragen<strong>.<\/strong><\/li>\n<\/ul>\n\n<p><strong>Zugang zur Website <\/strong><\/p>\n\n<p>Der rechtliche Hinweis regelt den Zugang und die Nutzung der Website durch die Nutzer und hat zum Ziel, die Dienste der Gesellschaft bekannt zu machen und den allgemeinen Zugang f\u00fcr alle Internetnutzer zu erm\u00f6glichen.<\/p>\n\n<p>Der Zugang und\/oder die Nutzung der Website verleiht dem Nutzer die Qualit\u00e4t eines Nutzers und die unbedingte Zustimmung zu allen Bedingungen dieses rechtlichen Hinweises sowie zu den spezifischen Bedingungen, die gegebenenfalls f\u00fcr die Nutzung des Portals oder der damit verbundenen Dienste gelten.<\/p>\n\n<p>Der Nutzer muss diesen rechtlichen Hinweis sowie die Datenschutz- und Cookie-Richtlinien sorgf\u00e4ltig lesen, wenn er beabsichtigt, die Website zu nutzen, da VALOM, S.L. sich das Recht vorbeh\u00e4lt, jederzeit und ohne vorherige Ank\u00fcndigung \u00c4nderungen oder Aktualisierungen der Inhalte und Dienste, der Bestimmungen zum Zugang und zur Nutzung sowie aller Elemente, die das Design und die Konfiguration ihrer Website ausmachen, vorzunehmen. Wenn Sie den Bedingungen des Zugangs und der Nutzung nicht zustimmen, bitten wir Sie, die Website und ihren Inhalt nicht zu nutzen. <\/p>\n\n<p><strong>Nutzung der Website<\/strong><\/p>\n\n<p>Der Nutzer verpflichtet sich, die Website sowie die Informationen zu den Diensten und Aktivit\u00e4ten sorgf\u00e4ltig zu nutzen, wobei er alle geltenden gesetzlichen Bestimmungen sowie die allgemein anerkannten moralischen und guten Sitten sowie die \u00f6ffentliche Ordnung, die Bedingungen des Zugangs und der Nutzung und alle weiteren auf der Website festgelegten Bedingungen beachtet.<\/p>\n\n<p>Au\u00dferdem verpflichtet sich der Nutzer, die Inhalte nicht zu illegalen Zwecken zu verwenden oder auf andere Weise zu handeln, die in diesem Text verboten sind, die Rechte und Interessen Dritter zu sch\u00e4digen oder die ordnungsgem\u00e4\u00dfe Nutzung der Inhalte durch andere Nutzer oder Internetnutzer (Hardware und Software) zu gef\u00e4hrden, zu besch\u00e4digen oder zu verhindern.<\/p>\n\n<p><strong>Betrieb der Website<\/strong><\/p>\n\n<p>Im Falle eines Versto\u00dfes gegen die Bedingungen des rechtlichen Hinweises oder die Datenschutz- und Cookie-Richtlinien beh\u00e4lt sich VALOM, S.L. das Recht vor, den Zugang zur Website zu beschr\u00e4nken, zu suspendieren und\/oder auszuschlie\u00dfen und alle erforderlichen technischen Ma\u00dfnahmen zu ergreifen. VALOM, S.L. wird sich bem\u00fchen, die Website in gutem Zustand zu halten, Fehler zu vermeiden oder zu beheben und die Inhalte auf dem neuesten Stand zu halten. VALOM, S.L. garantiert jedoch nicht die Verf\u00fcgbarkeit und kontinuierliche Erreichbarkeit der Website oder das Fehlen von Fehlern im Inhalt.  <\/p>\n\n<p><strong>Haftung<\/strong><\/p>\n\n<p>Der Nutzer ist allein verantwortlich f\u00fcr die Nutzung jeglicher Informationen oder Mechanismen auf der Website.<\/p>\n\n<p>VALOM, S.L. \u00fcbernimmt keine Verantwortung f\u00fcr Sch\u00e4den an der Hardware und\/oder Software des Nutzers, die durch den Zugang und die Nutzung der Website entstehen. Ebenso \u00fcbernimmt VALOM, S.L. keine Verantwortung f\u00fcr Sch\u00e4den oder Verluste, die durch den Zugang und\/oder die Nutzung der Informationen auf der Website entstehen, insbesondere f\u00fcr solche, die in Computersystemen auftreten oder durch Viren und\/oder Cyberangriffe, Ausf\u00e4lle, Unterbrechungen, Fehler oder M\u00e4ngel in der Kommunikation und\/oder im Internet verursacht werden. <\/p>\n\n<p>Der Nutzer haftet f\u00fcr Sch\u00e4den und\/oder Verluste, die VALOM, S.L. aufgrund der Nichteinhaltung der Verpflichtungen entstehen k\u00f6nnen, die er durch diesen rechtlichen Hinweis, die geltenden Vorschriften und die Datenschutz- und Cookie-Richtlinien eingeht.<\/p>\n\n<p><strong>Politik zu &#8222;Links&#8220; (verlinkende und verlinkte Websites)<\/strong><\/p>\n\n<ul class=\"wp-block-list\">\n<li><strong>a) Verlinkende Website:<\/strong><\/li>\n<\/ul>\n\n<p>Dritte, die einen Link zu dieser Website einf\u00fcgen m\u00f6chten, m\u00fcssen die geltenden gesetzlichen Bestimmungen einhalten und d\u00fcrfen keine unangemessenen, illegalen, pornografischen, gewaltt\u00e4tigen oder \u00e4hnlichen Inhalte hosten.<\/p>\n\n<p>VALOM, S.L. \u00fcbernimmt unter keinen Umst\u00e4nden die Verantwortung f\u00fcr die Inhalte der Website und f\u00f6rdert, garantiert, \u00fcberwacht oder empfiehlt diese nicht.<\/p>\n\n<p>Wenn die verlinkende Website gegen einen der oben genannten Punkte verst\u00f6\u00dft, ist sie verpflichtet, den Link sofort zu entfernen.<\/p>\n\n<ul class=\"wp-block-list\">\n<li><strong>b) Verlinkte Website:<\/strong><\/li>\n<\/ul>\n\n<p>Auf dieser Website k\u00f6nnen Links zu Websites Dritter enthalten sein, die dem Nutzer den Zugang erm\u00f6glichen. VALOM, S.L. ist jedoch nicht verantwortlich f\u00fcr die Inhalte dieser verlinkten Websites, der Nutzer ist daf\u00fcr verantwortlich, den Zugang zu akzeptieren und zu \u00fcberpr\u00fcfen, jedes Mal, wenn er darauf zugreift. <\/p>\n\n<p>Solche Links oder Erw\u00e4hnungen haben lediglich informativen Charakter und implizieren keine Unterst\u00fctzung, Genehmigung, Vermarktung oder Beziehung zwischen der Website und den Personen oder Institutionen, die f\u00fcr die verlinkten Seiten verantwortlich sind.<\/p>\n\n<p><strong>Intellektuelle und industrielle Eigentumsrechte an den Inhalten<\/strong><\/p>\n\n<p>VALOM, S.L. oder seine Lizenzgeber sind Inhaber aller Rechte an geistigem Eigentum an den Inhalten der Website, einschlie\u00dflich aller Designs, Datenbanken, zugrunde liegenden Computerprogramme (einschlie\u00dflich Quellcode) sowie der verschiedenen Elemente, die die Website ausmachen (Texte, Grafiken, Fotografien, Videos, Farben usw.), Struktur, Reihenfolge usw. Im Hinblick auf Marken und Handelsnamen (&#8222;unterscheidende Zeichen&#8220;) sind diese Eigentum von VALOM, S.L. oder seinen Lizenzgebern. <\/p>\n\n<p>Die Nutzung der Website durch den Nutzer \u00fcbertr\u00e4gt keine Rechte an geistigem oder industriellem Eigentum. Der Nutzer ist ausdr\u00fccklich untersagt, die Inhalte oder unterscheidenden Zeichen zu reproduzieren, zu kopieren, zu verteilen, bereitzustellen oder in irgendeiner Weise \u00f6ffentlich zu kommunizieren, zu transformieren oder zu ver\u00e4ndern, es sei denn, er hat die Erlaubnis des Inhabers der entsprechenden Rechte oder dies ist gesetzlich zul\u00e4ssig. <\/p>\n\n<p><strong>Werbung<\/strong><\/p>\n\n<p>Auf der Website k\u00f6nnen Werbeinhalte oder gesponserte Inhalte platziert werden. Die Werbetreibenden oder Sponsoren sind allein verantwortlich daf\u00fcr, sicherzustellen, dass das Material, das zur Ver\u00f6ffentlichung auf der Website eingereicht wird, den geltenden Gesetzen entspricht. <\/p>\n\n<p>VALOM, S.L. \u00fcbernimmt keine Verantwortung f\u00fcr Fehler, Ungenauigkeiten oder Unregelm\u00e4\u00dfigkeiten in den Werbeinhalten oder gesponserten Inhalten.<\/p>\n\n<p><strong>Anwendbares Recht<\/strong><\/p>\n\n<p>Der rechtliche Hinweis unterliegt und wird gem\u00e4\u00df der spanischen Gesetzgebung ausgelegt.<\/p>\n\n<p>F\u00fcr die Beilegung von Konflikten, die sich aus dem Zugang zur Website ergeben, sind die zust\u00e4ndigen Gerichte entsprechend den Vorschriften f\u00fcr Verbraucher und Nutzer zust\u00e4ndig.<\/p>\n\n<p><strong>Kontakt<\/strong><\/p>\n\n<p>Bei Fragen oder Kommentaren zu diesem rechtlichen Hinweis k\u00f6nnen Sie uns per E-Mail unter <a href=\"mailto:rgpd@hotelbernat.com\">rgpd@hotelbernat.com<\/a> kontaktieren.<\/p>\n\t\t\t\t\t\t\t\t<\/div>\n\t\t\t\t\t<\/div>\n\t\t\t\t<\/div>\n\t\t\t\t<\/div>\n\t\t","protected":false},"excerpt":{"rendered":"<p>Rechtlicher Hinweis Im Einklang mit dem Gesetz 34\/2002 vom 11. Juli \u00fcber Dienste der Informationsgesellschaft und elektronischen Handel wird der Nutzer dar\u00fcber informiert, dass der Inhaber der Website www.hotelbernatcalella.com der Gesellschaft VALOM, S.L. ist und die Identifikationsdaten wie folgt lauten: Verantwortlicher: VALOM, S.L. NIF (Steueridentifikationsnummer): B08815904 Firmenadresse: AVINGUDA DEL TURISME, 42-44 Postleitzahl: 08370 Ort: CALELLA &#8230;<\/p>\n","protected":false},"author":1,"featured_media":15424,"parent":0,"menu_order":0,"comment_status":"closed","ping_status":"closed","template":"elementor_theme","meta":{"cozystay_single_page_hide_site_header":"","cozystay_single_page_site_header_source":"","cozystay_single_page_custom_site_header":"0","cozystay_single_page_custom_sticky_site_header":"0","cozystay_single_page_hide_page_title":"","cozystay_single_page_header_section_size":"","cozystay_single_page_header_background_color":"","cozystay_single_page_header_background_position_x":"center","cozystay_single_page_header_background_position_y":"center","cozystay_single_page_header_background_size":"cover","cozystay_single_page_header_background_repeat":"off","cozystay_single_page_header_background_scroll":"on","cozystay_single_page_header_text_color":"","cozystay_single_page_header_show_breadcrumb":"","cozystay_single_page_site_footer_hide_main":"","cozystay_single_custom_site_footer_main_source":"","cozystay_single_custom_site_footer_main":"0","cozystay_single_page_site_footer_hide_above":"","cozystay_single_custom_site_footer_above_source":"","cozystay_single_custom_site_footer_above":"0","cozystay_single_page_site_footer_hide_instagram":"","cozystay_single_page_site_footer_hide_bottom":"","cozystay_single_custom_mobile_menu_source":"","cozystay_single_custom_mobile_menu":"0","cozystay_single_custom_mobile_menu_animation":"","cozystay_single_custom_mobile_menu_width":"","cozystay_single_custom_mobile_menu_custom_width":375,"footnotes":""},"class_list":["post-10045","page","type-page","status-publish","has-post-thumbnail","hentry"],"yoast_head":"<!-- This site is optimized with the Yoast SEO plugin v27.1.1 - https:\/\/yoast.com\/product\/yoast-seo-wordpress\/ -->\n<title>Rechtlicher Hinweis | Hotel Bernat II<\/title>\n<meta name=\"robots\" content=\"index, follow, max-snippet:-1, max-image-preview:large, max-video-preview:-1\" \/>\n<link rel=\"canonical\" href=\"https:\/\/hotelbernatcalella.com\/de\/rechtlicher-hinweis\/\" \/>\n<meta property=\"og:locale\" content=\"de_DE\" \/>\n<meta property=\"og:type\" content=\"article\" \/>\n<meta property=\"og:title\" content=\"Rechtlicher Hinweis | Hotel Bernat II\" \/>\n<meta property=\"og:description\" content=\"Rechtlicher Hinweis Im Einklang mit dem Gesetz 34\/2002 vom 11. Juli \u00fcber Dienste der Informationsgesellschaft und elektronischen Handel wird der Nutzer dar\u00fcber informiert, dass der Inhaber der Website www.hotelbernatcalella.com der Gesellschaft VALOM, S.L. ist und die Identifikationsdaten wie folgt lauten: Verantwortlicher: VALOM, S.L. NIF (Steueridentifikationsnummer): B08815904 Firmenadresse: AVINGUDA DEL TURISME, 42-44 Postleitzahl: 08370 Ort: CALELLA ...\" \/>\n<meta property=\"og:url\" content=\"https:\/\/hotelbernatcalella.com\/de\/rechtlicher-hinweis\/\" \/>\n<meta property=\"og:site_name\" content=\"Hotel Bernat II\" \/>\n<meta property=\"article:modified_time\" content=\"2025-11-19T15:47:22+00:00\" \/>\n<meta property=\"og:image\" content=\"https:\/\/hotelbernatcalella.com\/wp-content\/uploads\/2025\/06\/recpecion-hotel-bernat-calella.webp\" \/>\n\t<meta property=\"og:image:width\" content=\"1024\" \/>\n\t<meta property=\"og:image:height\" content=\"768\" \/>\n\t<meta property=\"og:image:type\" content=\"image\/webp\" \/>\n<meta name=\"twitter:card\" content=\"summary_large_image\" \/>\n<meta name=\"twitter:label1\" content=\"Gesch\u00e4tzte Lesezeit\" \/>\n\t<meta name=\"twitter:data1\" content=\"5\u00a0Minuten\" \/>\n<script type=\"application\/ld+json\" class=\"yoast-schema-graph\">{\"@context\":\"https:\/\/schema.org\",\"@graph\":[{\"@type\":\"WebPage\",\"@id\":\"https:\/\/hotelbernatcalella.com\/de\/rechtlicher-hinweis\/\",\"url\":\"https:\/\/hotelbernatcalella.com\/de\/rechtlicher-hinweis\/\",\"name\":\"Rechtlicher Hinweis | Hotel Bernat II\",\"isPartOf\":{\"@id\":\"https:\/\/www.hotelbernatcalella.com\/de\/#website\"},\"primaryImageOfPage\":{\"@id\":\"https:\/\/hotelbernatcalella.com\/de\/rechtlicher-hinweis\/#primaryimage\"},\"image\":{\"@id\":\"https:\/\/hotelbernatcalella.com\/de\/rechtlicher-hinweis\/#primaryimage\"},\"thumbnailUrl\":\"https:\/\/hotelbernatcalella.com\/wp-content\/uploads\/2025\/06\/recpecion-hotel-bernat-calella.webp\",\"datePublished\":\"2024-09-17T10:56:31+00:00\",\"dateModified\":\"2025-11-19T15:47:22+00:00\",\"breadcrumb\":{\"@id\":\"https:\/\/hotelbernatcalella.com\/de\/rechtlicher-hinweis\/#breadcrumb\"},\"inLanguage\":\"de\",\"potentialAction\":[{\"@type\":\"ReadAction\",\"target\":[\"https:\/\/hotelbernatcalella.com\/de\/rechtlicher-hinweis\/\"]}]},{\"@type\":\"ImageObject\",\"inLanguage\":\"de\",\"@id\":\"https:\/\/hotelbernatcalella.com\/de\/rechtlicher-hinweis\/#primaryimage\",\"url\":\"https:\/\/hotelbernatcalella.com\/wp-content\/uploads\/2025\/06\/recpecion-hotel-bernat-calella.webp\",\"contentUrl\":\"https:\/\/hotelbernatcalella.com\/wp-content\/uploads\/2025\/06\/recpecion-hotel-bernat-calella.webp\",\"width\":1024,\"height\":768,\"caption\":\"recepcion hotel bernat calella\"},{\"@type\":\"BreadcrumbList\",\"@id\":\"https:\/\/hotelbernatcalella.com\/de\/rechtlicher-hinweis\/#breadcrumb\",\"itemListElement\":[{\"@type\":\"ListItem\",\"position\":1,\"name\":\"Portada\",\"item\":\"https:\/\/www.hotelbernatcalella.com\/de\/\"},{\"@type\":\"ListItem\",\"position\":2,\"name\":\"Rechtlicher Hinweis\"}]},{\"@type\":\"WebSite\",\"@id\":\"https:\/\/www.hotelbernatcalella.com\/de\/#website\",\"url\":\"https:\/\/www.hotelbernatcalella.com\/de\/\",\"name\":\"Hotel Bernat II & Spa Calella\",\"description\":\"Hotel in Calella\",\"alternateName\":\"Hotel Bernat II & Spa\",\"potentialAction\":[{\"@type\":\"SearchAction\",\"target\":{\"@type\":\"EntryPoint\",\"urlTemplate\":\"https:\/\/www.hotelbernatcalella.com\/de\/?s={search_term_string}\"},\"query-input\":{\"@type\":\"PropertyValueSpecification\",\"valueRequired\":true,\"valueName\":\"search_term_string\"}}],\"inLanguage\":\"de\"}]}<\/script>\n<!-- \/ Yoast SEO plugin. -->","yoast_head_json":{"title":"Rechtlicher Hinweis | Hotel Bernat II","robots":{"index":"index","follow":"follow","max-snippet":"max-snippet:-1","max-image-preview":"max-image-preview:large","max-video-preview":"max-video-preview:-1"},"canonical":"https:\/\/hotelbernatcalella.com\/de\/rechtlicher-hinweis\/","og_locale":"de_DE","og_type":"article","og_title":"Rechtlicher Hinweis | Hotel Bernat II","og_description":"Rechtlicher Hinweis Im Einklang mit dem Gesetz 34\/2002 vom 11. Juli \u00fcber Dienste der Informationsgesellschaft und elektronischen Handel wird der Nutzer dar\u00fcber informiert, dass der Inhaber der Website www.hotelbernatcalella.com der Gesellschaft VALOM, S.L. ist und die Identifikationsdaten wie folgt lauten: Verantwortlicher: VALOM, S.L. NIF (Steueridentifikationsnummer): B08815904 Firmenadresse: AVINGUDA DEL TURISME, 42-44 Postleitzahl: 08370 Ort: CALELLA ...","og_url":"https:\/\/hotelbernatcalella.com\/de\/rechtlicher-hinweis\/","og_site_name":"Hotel Bernat II","article_modified_time":"2025-11-19T15:47:22+00:00","og_image":[{"width":1024,"height":768,"url":"https:\/\/hotelbernatcalella.com\/wp-content\/uploads\/2025\/06\/recpecion-hotel-bernat-calella.webp","type":"image\/webp"}],"twitter_card":"summary_large_image","twitter_misc":{"Gesch\u00e4tzte Lesezeit":"5\u00a0Minuten"},"schema":{"@context":"https:\/\/schema.org","@graph":[{"@type":"WebPage","@id":"https:\/\/hotelbernatcalella.com\/de\/rechtlicher-hinweis\/","url":"https:\/\/hotelbernatcalella.com\/de\/rechtlicher-hinweis\/","name":"Rechtlicher Hinweis | Hotel Bernat II","isPartOf":{"@id":"https:\/\/www.hotelbernatcalella.com\/de\/#website"},"primaryImageOfPage":{"@id":"https:\/\/hotelbernatcalella.com\/de\/rechtlicher-hinweis\/#primaryimage"},"image":{"@id":"https:\/\/hotelbernatcalella.com\/de\/rechtlicher-hinweis\/#primaryimage"},"thumbnailUrl":"https:\/\/hotelbernatcalella.com\/wp-content\/uploads\/2025\/06\/recpecion-hotel-bernat-calella.webp","datePublished":"2024-09-17T10:56:31+00:00","dateModified":"2025-11-19T15:47:22+00:00","breadcrumb":{"@id":"https:\/\/hotelbernatcalella.com\/de\/rechtlicher-hinweis\/#breadcrumb"},"inLanguage":"de","potentialAction":[{"@type":"ReadAction","target":["https:\/\/hotelbernatcalella.com\/de\/rechtlicher-hinweis\/"]}]},{"@type":"ImageObject","inLanguage":"de","@id":"https:\/\/hotelbernatcalella.com\/de\/rechtlicher-hinweis\/#primaryimage","url":"https:\/\/hotelbernatcalella.com\/wp-content\/uploads\/2025\/06\/recpecion-hotel-bernat-calella.webp","contentUrl":"https:\/\/hotelbernatcalella.com\/wp-content\/uploads\/2025\/06\/recpecion-hotel-bernat-calella.webp","width":1024,"height":768,"caption":"recepcion hotel bernat calella"},{"@type":"BreadcrumbList","@id":"https:\/\/hotelbernatcalella.com\/de\/rechtlicher-hinweis\/#breadcrumb","itemListElement":[{"@type":"ListItem","position":1,"name":"Portada","item":"https:\/\/www.hotelbernatcalella.com\/de\/"},{"@type":"ListItem","position":2,"name":"Rechtlicher Hinweis"}]},{"@type":"WebSite","@id":"https:\/\/www.hotelbernatcalella.com\/de\/#website","url":"https:\/\/www.hotelbernatcalella.com\/de\/","name":"Hotel Bernat II & Spa Calella","description":"Hotel in Calella","alternateName":"Hotel Bernat II & Spa","potentialAction":[{"@type":"SearchAction","target":{"@type":"EntryPoint","urlTemplate":"https:\/\/www.hotelbernatcalella.com\/de\/?s={search_term_string}"},"query-input":{"@type":"PropertyValueSpecification","valueRequired":true,"valueName":"search_term_string"}}],"inLanguage":"de"}]}},"_links":{"self":[{"href":"https:\/\/hotelbernatcalella.com\/de\/wp-json\/wp\/v2\/pages\/10045","targetHints":{"allow":["GET"]}}],"collection":[{"href":"https:\/\/hotelbernatcalella.com\/de\/wp-json\/wp\/v2\/pages"}],"about":[{"href":"https:\/\/hotelbernatcalella.com\/de\/wp-json\/wp\/v2\/types\/page"}],"author":[{"embeddable":true,"href":"https:\/\/hotelbernatcalella.com\/de\/wp-json\/wp\/v2\/users\/1"}],"replies":[{"embeddable":true,"href":"https:\/\/hotelbernatcalella.com\/de\/wp-json\/wp\/v2\/comments?post=10045"}],"version-history":[{"count":0,"href":"https:\/\/hotelbernatcalella.com\/de\/wp-json\/wp\/v2\/pages\/10045\/revisions"}],"wp:featuredmedia":[{"embeddable":true,"href":"https:\/\/hotelbernatcalella.com\/de\/wp-json\/wp\/v2\/media\/15424"}],"wp:attachment":[{"href":"https:\/\/hotelbernatcalella.com\/de\/wp-json\/wp\/v2\/media?parent=10045"}],"curies":[{"name":"wp","href":"https:\/\/api.w.org\/{rel}","templated":true}]}}