{"id":9112,"date":"2024-07-03T15:46:48","date_gmt":"2024-07-03T15:46:48","guid":{"rendered":"https:\/\/hotelbernatcalella.com\/per-regalar\/"},"modified":"2025-11-19T15:51:03","modified_gmt":"2025-11-19T15:51:03","slug":"per-regalar","status":"publish","type":"page","link":"https:\/\/hotelbernatcalella.com\/ca\/per-regalar\/","title":{"rendered":"Per Regalar"},"content":{"rendered":"\t\t<div data-elementor-type=\"wp-page\" data-elementor-id=\"9112\" class=\"elementor elementor-9112 elementor-4328\" data-elementor-post-type=\"page\">\n\t\t\t\t\t\t<section class=\"elementor-section elementor-top-section elementor-element elementor-element-38b8f755 elementor-section-height-min-height cs-section-content-fullwidth cs-parallax-on-scroll cs_scroll_y_100 elementor-section-boxed elementor-section-height-default elementor-section-items-middle\" data-id=\"38b8f755\" data-element_type=\"section\" data-e-type=\"section\" data-settings=\"{&quot;background_background&quot;:&quot;classic&quot;}\" data-cs-parallax-y=\"100\" style=\"background-image: none;\" data-cs-background-image=\"https:\/\/www.hotelbernatcalella.com\/wp-content\/uploads\/2025\/06\/regalar-hotel-calella.webp\" data-cs-background-image-alt-text=\"regalar hotel calella\">\n\t\t\t\t\t\t\t<div class=\"elementor-background-overlay\"><\/div>\n\t\t\t\t\t\t\t<div class=\"elementor-container elementor-column-gap-no\">\n\t\t\t\t\t<div class=\"elementor-column elementor-col-100 elementor-top-column elementor-element elementor-element-3b5053b dark-color\" data-id=\"3b5053b\" data-element_type=\"column\" data-e-type=\"column\">\n\t\t\t<div class=\"elementor-widget-wrap elementor-element-populated\">\n\t\t\t\t\t\t<div class=\"elementor-element elementor-element-13233b53 elementor-widget elementor-widget-cs_title\" data-id=\"13233b53\" data-element_type=\"widget\" data-e-type=\"widget\" data-widget_type=\"cs_title.default\">\n\t\t\t\t<div class=\"elementor-widget-container\">\n\t\t\t\t\t\n        <div class=\"cs-title-wrap text-center\">\t            <h1 class=\"cs-title\">\n\t                Per Regalar\t            <\/h1>\t            <div class=\"cs-title-text\">\n\t                <p>La import\u00e0ncia dels detalls<\/p>\t            <\/div>        <\/div>\t\t\t\t<\/div>\n\t\t\t\t<\/div>\n\t\t\t\t\t<\/div>\n\t\t<\/div>\n\t\t\t\t\t<\/div>\n\t\t<\/section>\n\t\t<div class=\"elementor-element elementor-element-fa895ec e-flex e-con-boxed e-con e-parent\" data-id=\"fa895ec\" data-element_type=\"container\" data-e-type=\"container\">\n\t\t\t\t\t<div class=\"e-con-inner\">\n\t\t\t\t<div class=\"elementor-element elementor-element-dd73239 entradilla elementor-widget elementor-widget-cs_title\" data-id=\"dd73239\" data-element_type=\"widget\" data-e-type=\"widget\" data-widget_type=\"cs_title.default\">\n\t\t\t\t<div class=\"elementor-widget-container\">\n\t\t\t\t\t\n        <div class=\"cs-title-wrap text-center\">\t            <h4 class=\"cs-title\">\n\t                Vols sorprendre a un \u00e9sser estimat?\t            <\/h4>\t            <div class=\"cs-title-text\">\n\t                <p>L&#8217;Hotel Bernat II t&#8217;ho posa f\u00e0cil! Reserva algun dels nostres packs i regala una experi\u00e8ncia agradable al nostre hotel: xecs regal, sessions de spa, allotjament&#8230;  <br>Deixa&#8217;t sorprendre pels nostres serveis.<\/p>\t            <\/div>        <\/div>\t\t\t\t<\/div>\n\t\t\t\t<\/div>\n\t\t\t\t\t<\/div>\n\t\t\t\t<\/div>\n\t\t\t\t<section class=\"elementor-section elementor-top-section elementor-element elementor-element-73042e32 elementor-section-full_width elementor-section-height-default elementor-section-height-default\" data-id=\"73042e32\" data-element_type=\"section\" data-e-type=\"section\" data-settings=\"{&quot;background_background&quot;:&quot;classic&quot;}\">\n\t\t\t\t\t\t<div class=\"elementor-container elementor-column-gap-no\">\n\t\t\t\t\t<div class=\"elementor-column elementor-col-100 elementor-top-column elementor-element elementor-element-29c070b\" data-id=\"29c070b\" data-element_type=\"column\" data-e-type=\"column\">\n\t\t\t<div class=\"elementor-widget-wrap elementor-element-populated\">\n\t\t\t\t\t\t<div class=\"elementor-element elementor-element-f1c8f39 elementor-widget elementor-widget-shortcode\" data-id=\"f1c8f39\" data-element_type=\"widget\" data-e-type=\"widget\" data-widget_type=\"shortcode.default\">\n\t\t\t\t\tlist\t\t<div class=\"elementor-shortcode\"><!--<script src=\"https:\/\/code.jquery.com\/jquery-3.7.0.min.js\" integrity=\"sha256-2Pmvv0kuTBOenSvLm6bvfBSSHrUJ+3A7x6P5Ebd07\/g=\" crossorigin=\"anonymous\"><\/script>\n<script src=\"https:\/\/code.jquery.com\/ui\/1.13.2\/jquery-ui.min.js\" integrity=\"sha256-lSjKY0\/srUM9BE3dPm+c4fBo1dky2v27Gdjm2uoZaL0=\" crossorigin=\"anonymous\"><\/script>\n<script src=\"https:\/\/cdn.jsdelivr.net\/npm\/bootstrap@5.2.3\/dist\/js\/bootstrap.min.js\" integrity=\"sha384-cuYeSxntonz0PPNlHhBs68uyIAVpIIOZZ5JqeqvYYIcEL727kskC66kF92t6Xl2V\" crossorigin=\"anonymous\"><\/script>\n<link rel=\"stylesheet\" href=\"https:\/\/cdnjs.cloudflare.com\/ajax\/libs\/jqueryui\/1.13.2\/themes\/base\/jquery-ui.min.css\">\n<link rel=\"stylesheet\" href=\"https:\/\/cdn.jsdelivr.net\/npm\/bootstrap@5.2.3\/dist\/css\/bootstrap.min.css\" integrity=\"sha384-rbsA2VBKQhggwzxH7pPCaAqO46MgnOM80zW1RWuH61DGLwZJEdK2Kadq2F9CUG65\" crossorigin=\"anonymous\">-->\n<!-- jQuery 3.7.1 -->\n<script src=\"https:\/\/widget4.alojapro.com\/packages\/jQuery\/jquery-3.7.1.min.js\"><\/script>\n<script src=\"https:\/\/widget4.alojapro.com\/packages\/jquery-ui-1.13.2\/jquery-ui.min.js\"><\/script>\n<link rel=\"stylesheet\" href=\"https:\/\/widget4.alojapro.com\/packages\/jquery-ui-1.13.2\/jquery-ui.min.css\">\n<!-- Bootstrap 5.3.1 -->\n<script src=\"https:\/\/widget4.alojapro.com\/packages\/bootstrap\/js\/bootstrap.bundle.min.js\" type=\"text\/javascript\"><\/script>\n<link rel=\"stylesheet\" href=\"https:\/\/widget4.alojapro.com\/packages\/bootstrap\/css\/bootstrap.min.css\">\n<link href=\"https:\/\/widget4.alojapro.com\/packages\/bootstrap-formhelpers\/dist\/css\/bootstrap-formhelpers.min.css\" rel=\"stylesheet\" type=\"text\/css\"\/>\n<!-- jquery notify -->\n<link rel=\"stylesheet\" href=\"https:\/\/widget4.alojapro.com\/packages\/notify\/css\/notify.css\">\n<!-- font awwesome -->\n<link rel=\"stylesheet\" href=\"https:\/\/maxst.icons8.com\/vue-static\/landings\/line-awesome\/line-awesome\/1.3.0\/css\/line-awesome.min.css\">\n<link rel=\"stylesheet\" href=\"https:\/\/widget4.alojapro.com\/packages\/fontawesome\/css\/all.min.css\">\n<script src=\"https:\/\/kit.fontawesome.com\/0d38249a73.js\" crossorigin=\"anonymous\"><\/script>\n<!-- Platform CSS -->\n<link rel=\"stylesheet\" href=\"https:\/\/widget4.alojapro.com\/css\/base_giftbox.css?1775831909\">\n<link rel=\"stylesheet\" href=\"https:\/\/widget4.alojapro.com\/css\/customers\/bernat_giftbox.css?1775831909\">\n<script src=\"https:\/\/widget4.alojapro.com\/js\/engine.js\"><\/script>\n<div class=\"row\">\n\t<div class=\"col-lg-12 text-right\">\n\t\t<ul class=\"nav navbar-nav navbar-right\">\n\t\t\t\t\t<\/ul>\n\t<\/div>\n<\/div>\n<div class=\"container aljpr-container mt-3\">\n\t    <div class=\"row p-5 justify-content-center\">\n                    \n            <div class=\"col-12\">\n                <div class=\"card aljpr-card mb-4\">\n                                            <div class=\"row \">\n                            <div class=\"col-md-6\">\n                                <img decoding=\"async\" src=\"https:\/\/admin.alojapro.com\/files\/32352\/view?origin=giftBox\" class=\"card-img\" alt=\"Giftbox Image\"\/>\n                            <\/div>\n                            <div class=\"col-md-6 d-flex align-items-center\">\n                                <div class=\"card-body text-center\">\n                                    <h3 class=\"card-title\">Estada Spa<\/h3>\n                                    <div class=\"card-text m-3\">\n                                        <ul>\r\n\t<li>Una nit en habitaci&oacute; doble per a dues persones<\/li>\r\n\t<li>R&egrave;gim d&rsquo;Allotjament i Esmorzar<\/li>\r\n\t<li>Acc&eacute;s a la Zona Wellness: 1 hora per persona<\/li>\r\n\t<li>Sota disponibilitat<\/li>\r\n\t<li>Taxa Tur&iacute;stica no inclosa<\/li>\r\n\t<li>V&aacute;lid durant un any<\/li>\r\n<\/ul>\n                                    <\/div>\n                                    <form action=\"?method=search\" method=\"post\">\n                                        <input type=\"hidden\" name=\"uniqId\" id=\"uniqId\" value=\"69d90b65a3ab2\"\/>\n                                        <button type=\"submit\" class=\"btn btn-lg btn-outline-primary btn-block w-50\">Reservar ara<\/button>\n                                    <\/form>\n                                <\/div>\n                            <\/div>\n                        <\/div>\n                    \n                <\/div>\n            <\/div>\n                    \n            <div class=\"col-12\">\n                <div class=\"card aljpr-card mb-4\">\n                                            <div class=\"row flex-column-reverse flex-md-row\">\n                            <div class=\"col-md-6 d-flex align-items-center\">\n                                <div class=\"card-body text-center\">\n                                    <h3 class=\"card-title\">Estada Spa &amp; Sopar<\/h3>\n                                    <div class=\"card-text m-3\">\n                                        <ul>\r\n\t<li>Una nit en habitaci&oacute; doble per dues persones<\/li>\r\n\t<li>R&egrave;gim de Mitja Pensi&oacute;<\/li>\r\n\t<li>Acc&eacute;s a la Zona Wellness: 1 hora per persona<\/li>\r\n\t<li>Sota disponibilitat<\/li>\r\n\t<li>Taxa Tur&iacute;stica no inclosa<\/li>\r\n\t<li>V&agrave;lid durant un any<\/li>\r\n<\/ul>\n                                    <\/div>\n                                    <form action=\"?method=search\" method=\"post\">\n                                        <input type=\"hidden\" name=\"uniqId\" id=\"uniqId\" value=\"69d90b65a3ab2\"\/>\n                                        <button type=\"submit\" class=\"btn btn-lg btn-outline-primary btn-block w-50\">Reservar ara<\/button>\n                                    <\/form>\n                                <\/div>\n                            <\/div>\n                            <div class=\"col-md-6\">\n                                <img decoding=\"async\" src=\"https:\/\/admin.alojapro.com\/files\/32353\/view?origin=giftBox\" class=\"card-img\" alt=\"Giftbox Image\"\/>\n                            <\/div>\n                        <\/div>\n                    \n                <\/div>\n            <\/div>\n                    \n            <div class=\"col-12\">\n                <div class=\"card aljpr-card mb-4\">\n                                            <div class=\"row \">\n                            <div class=\"col-md-6\">\n                                <img decoding=\"async\" src=\"https:\/\/admin.alojapro.com\/files\/32354\/view?origin=giftBox\" class=\"card-img\" alt=\"Giftbox Image\"\/>\n                            <\/div>\n                            <div class=\"col-md-6 d-flex align-items-center\">\n                                <div class=\"card-body text-center\">\n                                    <h3 class=\"card-title\">Spa Privat<\/h3>\n                                    <div class=\"card-text m-3\">\n                                        <ul>\r\n\t<li>Inclou una hora d&#39;spa privat a la zona d&#39;aig&uuml;es per a dos adults.<\/li>\r\n\t<li>A realitzar de diumenge tarda a divendres al mat&iacute;<\/li>\r\n\t<li>Sota disponibilitat.<\/li>\r\n\t<li>V&agrave;lid durant un any.<\/li>\r\n<\/ul>\n                                    <\/div>\n                                    <form action=\"?method=search\" method=\"post\">\n                                        <input type=\"hidden\" name=\"uniqId\" id=\"uniqId\" value=\"69d90b65a3ab2\"\/>\n                                        <button type=\"submit\" class=\"btn btn-lg btn-outline-primary btn-block w-50\">Reservar ara<\/button>\n                                    <\/form>\n                                <\/div>\n                            <\/div>\n                        <\/div>\n                    \n                <\/div>\n            <\/div>\n                    \n            <div class=\"col-12\">\n                <div class=\"card aljpr-card mb-4\">\n                                            <div class=\"row flex-column-reverse flex-md-row\">\n                            <div class=\"col-md-6 d-flex align-items-center\">\n                                <div class=\"card-body text-center\">\n                                    <h3 class=\"card-title\">Val Silver<\/h3>\n                                    <div class=\"card-text m-3\">\n                                        <p>Descobreix el Silver Voucher! Per 50 &euro;, tindr&agrave;s un val per gastar a qualsevol part de l&#39;Hotel Bernat II: restaurant, spa o serveis de l&#39;hotel. Ideal per regalar o per gaudir-ne tu mateix en qualsevol moment. Reserva ara i aprofita aquesta oportunitat!<\/p>\n                                    <\/div>\n                                    <form action=\"?method=search\" method=\"post\">\n                                        <input type=\"hidden\" name=\"uniqId\" id=\"uniqId\" value=\"69d90b65a3ab2\"\/>\n                                        <button type=\"submit\" class=\"btn btn-lg btn-outline-primary btn-block w-50\">Reservar ara<\/button>\n                                    <\/form>\n                                <\/div>\n                            <\/div>\n                            <div class=\"col-md-6\">\n                                <img decoding=\"async\" src=\"https:\/\/admin.alojapro.com\/files\/32355\/view?origin=giftBox\" class=\"card-img\" alt=\"Giftbox Image\"\/>\n                            <\/div>\n                        <\/div>\n                    \n                <\/div>\n            <\/div>\n                    \n            <div class=\"col-12\">\n                <div class=\"card aljpr-card mb-4\">\n                                            <div class=\"row \">\n                            <div class=\"col-md-6\">\n                                <img decoding=\"async\" src=\"https:\/\/admin.alojapro.com\/files\/32356\/view?origin=giftBox\" class=\"card-img\" alt=\"Giftbox Image\"\/>\n                            <\/div>\n                            <div class=\"col-md-6 d-flex align-items-center\">\n                                <div class=\"card-body text-center\">\n                                    <h3 class=\"card-title\">Val Gold<\/h3>\n                                    <div class=\"card-text m-3\">\n                                        <p>Descobreix el Golden Voucher! Per 100 &euro;, tindr&agrave;s un val per gastar a qualsevol part de l&#39;Hotel Bernat II: restaurant, spa o serveis de l&#39;hotel. Ideal per regalar o per gaudir-ne tu mateix en qualsevol moment. Reserva ara i aprofita aquesta oportunitat!<\/p>\n                                    <\/div>\n                                    <form action=\"?method=search\" method=\"post\">\n                                        <input type=\"hidden\" name=\"uniqId\" id=\"uniqId\" value=\"69d90b65a3ab2\"\/>\n                                        <button type=\"submit\" class=\"btn btn-lg btn-outline-primary btn-block w-50\">Reservar ara<\/button>\n                                    <\/form>\n                                <\/div>\n                            <\/div>\n                        <\/div>\n                    \n                <\/div>\n            <\/div>\n                    \n            <div class=\"col-12\">\n                <div class=\"card aljpr-card mb-4\">\n                                            <div class=\"row flex-column-reverse flex-md-row\">\n                            <div class=\"col-md-6 d-flex align-items-center\">\n                                <div class=\"card-body text-center\">\n                                    <h3 class=\"card-title\">Spa &amp; Buffet<\/h3>\n                                    <div class=\"card-text m-3\">\n                                        <ul>\r\n\t<li>Dinar o sopar per a dues persones<\/li>\r\n\t<li>Acc&eacute;s a la Zona Wellness en privat: 1 hora per a dues persones<\/li>\r\n\t<li>A realitzar de diumenge tarda a divendres al mat&iacute;<\/li>\r\n\t<li>V&agrave;lid durant un any<\/li>\r\n<\/ul>\r\n\n                                    <\/div>\n                                    <form action=\"?method=search\" method=\"post\">\n                                        <input type=\"hidden\" name=\"uniqId\" id=\"uniqId\" value=\"69d90b65a3ab2\"\/>\n                                        <button type=\"submit\" class=\"btn btn-lg btn-outline-primary btn-block w-50\">Reservar ara<\/button>\n                                    <\/form>\n                                <\/div>\n                            <\/div>\n                            <div class=\"col-md-6\">\n                                <img decoding=\"async\" src=\"https:\/\/admin.alojapro.com\/files\/32357\/view?origin=giftBox\" class=\"card-img\" alt=\"Giftbox Image\"\/>\n                            <\/div>\n                        <\/div>\n                    \n                <\/div>\n            <\/div>\n        \n    <\/div>\n<\/div>\n<!-- Notify -->\n<script src=\"https:\/\/widget4.alojapro.com\/packages\/notify\/js\/notify.js\"><\/script>\n<script src=\"https:\/\/widget4.alojapro.com\/js\/lib\/alerts.js\"><\/script>\n<script src=\"https:\/\/widget4.alojapro.com\/js\/lib\/modals.js\"><\/script>\n<script src=\"https:\/\/widget4.alojapro.com\/js\/giftbox.js?1775831909\"><\/script>\n<script src=\"https:\/\/widget4.alojapro.com\/js\/app.js?1775831909\"><\/script>\n<script src=\"https:\/\/widget4.alojapro.com\/languages\/ca.js?1775831909\"><\/script>\n<script>\n\tapp.url = 'https:\/\/widget4.alojapro.com';\n\tapp.xSessionId = '48eq3rbrv05278lvr49vk35mqd';\n<\/script>\n<\/div>\n\t\t\t\t\t\t<\/div>\n\t\t\t\t\t<\/div>\n\t\t<\/div>\n\t\t\t\t\t<\/div>\n\t\t<\/section>\n\t\t\t\t<\/div>\n\t\t","protected":false},"excerpt":{"rendered":"<p>Per Regalar La import\u00e0ncia dels detalls Vols sorprendre a un \u00e9sser estimat? L&#8217;Hotel Bernat II t&#8217;ho posa f\u00e0cil! Reserva algun dels nostres packs i regala una experi\u00e8ncia agradable al nostre hotel: xecs regal, sessions de spa, allotjament&#8230; Deixa&#8217;t sorprendre pels nostres serveis.<\/p>\n","protected":false},"author":1,"featured_media":0,"parent":0,"menu_order":0,"comment_status":"closed","ping_status":"closed","template":"elementor_header_footer","meta":{"cozystay_single_page_hide_site_header":"","cozystay_single_page_site_header_source":"","cozystay_single_page_custom_site_header":"0","cozystay_single_page_custom_sticky_site_header":"0","cozystay_single_page_hide_page_title":"","cozystay_single_page_header_section_size":"","cozystay_single_page_header_background_color":"","cozystay_single_page_header_background_position_x":"center","cozystay_single_page_header_background_position_y":"center","cozystay_single_page_header_background_size":"cover","cozystay_single_page_header_background_repeat":"off","cozystay_single_page_header_background_scroll":"on","cozystay_single_page_header_text_color":"","cozystay_single_page_header_show_breadcrumb":"","cozystay_single_page_site_footer_hide_main":"","cozystay_single_custom_site_footer_main_source":"","cozystay_single_custom_site_footer_main":"0","cozystay_single_page_site_footer_hide_above":"","cozystay_single_custom_site_footer_above_source":"","cozystay_single_custom_site_footer_above":"0","cozystay_single_page_site_footer_hide_instagram":"","cozystay_single_page_site_footer_hide_bottom":"","cozystay_single_custom_mobile_menu_source":"","cozystay_single_custom_mobile_menu":"0","cozystay_single_custom_mobile_menu_animation":"","cozystay_single_custom_mobile_menu_width":"","cozystay_single_custom_mobile_menu_custom_width":375,"footnotes":""},"class_list":["post-9112","page","type-page","status-publish","hentry"],"yoast_head":"<!-- This site is optimized with the Yoast SEO plugin v27.1.1 - https:\/\/yoast.com\/product\/yoast-seo-wordpress\/ -->\n<title>Per Regalar | Hotel Bernat II<\/title>\n<meta name=\"robots\" content=\"index, follow, max-snippet:-1, max-image-preview:large, max-video-preview:-1\" \/>\n<link rel=\"canonical\" href=\"https:\/\/hotelbernatcalella.com\/ca\/per-regalar\/\" \/>\n<meta property=\"og:locale\" content=\"ca_ES\" \/>\n<meta property=\"og:type\" content=\"article\" \/>\n<meta property=\"og:title\" content=\"Per Regalar | Hotel Bernat II\" \/>\n<meta property=\"og:description\" content=\"Per Regalar La import\u00e0ncia dels detalls Vols sorprendre a un \u00e9sser estimat? L&#8217;Hotel Bernat II t&#8217;ho posa f\u00e0cil! Reserva algun dels nostres packs i regala una experi\u00e8ncia agradable al nostre hotel: xecs regal, sessions de spa, allotjament&#8230; Deixa&#8217;t sorprendre pels nostres serveis.\" \/>\n<meta property=\"og:url\" content=\"https:\/\/hotelbernatcalella.com\/ca\/per-regalar\/\" \/>\n<meta property=\"og:site_name\" content=\"Hotel Bernat II\" \/>\n<meta property=\"article:modified_time\" content=\"2025-11-19T15:51:03+00:00\" \/>\n<meta name=\"twitter:card\" content=\"summary_large_image\" \/>\n<script type=\"application\/ld+json\" class=\"yoast-schema-graph\">{\"@context\":\"https:\/\/schema.org\",\"@graph\":[{\"@type\":\"WebPage\",\"@id\":\"https:\/\/hotelbernatcalella.com\/ca\/per-regalar\/\",\"url\":\"https:\/\/hotelbernatcalella.com\/ca\/per-regalar\/\",\"name\":\"Per Regalar | Hotel Bernat II\",\"isPartOf\":{\"@id\":\"https:\/\/www.hotelbernatcalella.com\/ca\/#website\"},\"datePublished\":\"2024-07-03T15:46:48+00:00\",\"dateModified\":\"2025-11-19T15:51:03+00:00\",\"breadcrumb\":{\"@id\":\"https:\/\/hotelbernatcalella.com\/ca\/per-regalar\/#breadcrumb\"},\"inLanguage\":\"ca\",\"potentialAction\":[{\"@type\":\"ReadAction\",\"target\":[\"https:\/\/hotelbernatcalella.com\/ca\/per-regalar\/\"]}]},{\"@type\":\"BreadcrumbList\",\"@id\":\"https:\/\/hotelbernatcalella.com\/ca\/per-regalar\/#breadcrumb\",\"itemListElement\":[{\"@type\":\"ListItem\",\"position\":1,\"name\":\"Portada\",\"item\":\"https:\/\/hotelbernatcalella.com\/ca\/\"},{\"@type\":\"ListItem\",\"position\":2,\"name\":\"Per Regalar\"}]},{\"@type\":\"WebSite\",\"@id\":\"https:\/\/www.hotelbernatcalella.com\/ca\/#website\",\"url\":\"https:\/\/www.hotelbernatcalella.com\/ca\/\",\"name\":\"Hotel Bernat II & Spa Calella\",\"description\":\"Hotel en Calella\",\"alternateName\":\"Hotel Bernat II & Spa\",\"potentialAction\":[{\"@type\":\"SearchAction\",\"target\":{\"@type\":\"EntryPoint\",\"urlTemplate\":\"https:\/\/www.hotelbernatcalella.com\/ca\/?s={search_term_string}\"},\"query-input\":{\"@type\":\"PropertyValueSpecification\",\"valueRequired\":true,\"valueName\":\"search_term_string\"}}],\"inLanguage\":\"ca\"}]}<\/script>\n<!-- \/ Yoast SEO plugin. -->","yoast_head_json":{"title":"Per Regalar | Hotel Bernat II","robots":{"index":"index","follow":"follow","max-snippet":"max-snippet:-1","max-image-preview":"max-image-preview:large","max-video-preview":"max-video-preview:-1"},"canonical":"https:\/\/hotelbernatcalella.com\/ca\/per-regalar\/","og_locale":"ca_ES","og_type":"article","og_title":"Per Regalar | Hotel Bernat II","og_description":"Per Regalar La import\u00e0ncia dels detalls Vols sorprendre a un \u00e9sser estimat? L&#8217;Hotel Bernat II t&#8217;ho posa f\u00e0cil! Reserva algun dels nostres packs i regala una experi\u00e8ncia agradable al nostre hotel: xecs regal, sessions de spa, allotjament&#8230; Deixa&#8217;t sorprendre pels nostres serveis.","og_url":"https:\/\/hotelbernatcalella.com\/ca\/per-regalar\/","og_site_name":"Hotel Bernat II","article_modified_time":"2025-11-19T15:51:03+00:00","twitter_card":"summary_large_image","schema":{"@context":"https:\/\/schema.org","@graph":[{"@type":"WebPage","@id":"https:\/\/hotelbernatcalella.com\/ca\/per-regalar\/","url":"https:\/\/hotelbernatcalella.com\/ca\/per-regalar\/","name":"Per Regalar | Hotel Bernat II","isPartOf":{"@id":"https:\/\/www.hotelbernatcalella.com\/ca\/#website"},"datePublished":"2024-07-03T15:46:48+00:00","dateModified":"2025-11-19T15:51:03+00:00","breadcrumb":{"@id":"https:\/\/hotelbernatcalella.com\/ca\/per-regalar\/#breadcrumb"},"inLanguage":"ca","potentialAction":[{"@type":"ReadAction","target":["https:\/\/hotelbernatcalella.com\/ca\/per-regalar\/"]}]},{"@type":"BreadcrumbList","@id":"https:\/\/hotelbernatcalella.com\/ca\/per-regalar\/#breadcrumb","itemListElement":[{"@type":"ListItem","position":1,"name":"Portada","item":"https:\/\/hotelbernatcalella.com\/ca\/"},{"@type":"ListItem","position":2,"name":"Per Regalar"}]},{"@type":"WebSite","@id":"https:\/\/www.hotelbernatcalella.com\/ca\/#website","url":"https:\/\/www.hotelbernatcalella.com\/ca\/","name":"Hotel Bernat II & Spa Calella","description":"Hotel en Calella","alternateName":"Hotel Bernat II & Spa","potentialAction":[{"@type":"SearchAction","target":{"@type":"EntryPoint","urlTemplate":"https:\/\/www.hotelbernatcalella.com\/ca\/?s={search_term_string}"},"query-input":{"@type":"PropertyValueSpecification","valueRequired":true,"valueName":"search_term_string"}}],"inLanguage":"ca"}]}},"_links":{"self":[{"href":"https:\/\/hotelbernatcalella.com\/ca\/wp-json\/wp\/v2\/pages\/9112","targetHints":{"allow":["GET"]}}],"collection":[{"href":"https:\/\/hotelbernatcalella.com\/ca\/wp-json\/wp\/v2\/pages"}],"about":[{"href":"https:\/\/hotelbernatcalella.com\/ca\/wp-json\/wp\/v2\/types\/page"}],"author":[{"embeddable":true,"href":"https:\/\/hotelbernatcalella.com\/ca\/wp-json\/wp\/v2\/users\/1"}],"replies":[{"embeddable":true,"href":"https:\/\/hotelbernatcalella.com\/ca\/wp-json\/wp\/v2\/comments?post=9112"}],"version-history":[{"count":0,"href":"https:\/\/hotelbernatcalella.com\/ca\/wp-json\/wp\/v2\/pages\/9112\/revisions"}],"wp:attachment":[{"href":"https:\/\/hotelbernatcalella.com\/ca\/wp-json\/wp\/v2\/media?parent=9112"}],"curies":[{"name":"wp","href":"https:\/\/api.w.org\/{rel}","templated":true}]}}