{"id":10030,"date":"2024-09-17T10:56:31","date_gmt":"2024-09-17T10:56:31","guid":{"rendered":"https:\/\/hotelbernatcalella.com\/avis-legal\/"},"modified":"2025-11-19T15:46:29","modified_gmt":"2025-11-19T15:46:29","slug":"avis-legal","status":"publish","type":"page","link":"https:\/\/hotelbernatcalella.com\/ca\/avis-legal\/","title":{"rendered":"Av\u00eds Legal"},"content":{"rendered":"\t\t<div data-elementor-type=\"wp-page\" data-elementor-id=\"10030\" class=\"elementor elementor-10030 elementor-4744\" data-elementor-post-type=\"page\">\n\t\t\t\t<div class=\"elementor-element elementor-element-3c67ddc e-flex e-con-boxed e-con e-parent\" data-id=\"3c67ddc\" data-element_type=\"container\" data-e-type=\"container\">\n\t\t\t\t\t<div class=\"e-con-inner\">\n\t\t\t\t<div class=\"elementor-element elementor-element-22fb89c8 elementor-widget elementor-widget-text-editor\" data-id=\"22fb89c8\" data-element_type=\"widget\" data-e-type=\"widget\" data-widget_type=\"text-editor.default\">\n\t\t\t\t\t\t\t\t\t\n<h1><strong>Av\u00eds Legal<\/strong><\/h1>\n<p>Compliment de la Llei 34\/2002, de 11 de juliol, de Serveis de la Societat de la Informaci\u00f3 i de Comer\u00e7 Electr\u00f2nic, s&#8217;informa l&#8217;usuari que el titular de la p\u00e0gina web <a href=\"https:\/\/www.hotelbernatcalella.com\/ca\/\"> www.hotelbernatcalella.com<\/a> de la societat VALOM, S.L. i les seves dades d&#8217;identificaci\u00f3 s\u00f3n les seg\u00fcents:<\/p>\n\n<ul class=\"wp-block-list\">\n<li>Responsable: VALOM, S.L.<\/li>\n\n<li>NIF: B08815904<\/li>\n\n<li>Domicili social: AVINGUDA DEL TURISME, 42-44<\/li>\n\n<li>Codi Postal: 08370<\/li>\n\n<li>Localitat: CALELLA<\/li>\n\n<li>Prov\u00edncia: BARCELONA<\/li>\n\n<li>Correu Electr\u00f2nic: <a href=\"mailto:rgpd@hotelbernat.com\">rgpd@hotelbernat.com <\/a><\/li>\n\n<li>Dades del registre: la societat est\u00e0 inscrita en el Registre Mercantil de BARCELONA en el Tom 5391, foli 56 i fulla n\u00famero B-55450<strong>.<\/strong><\/li>\n<\/ul>\n\n<p><strong>Accedir a la p\u00e0gina web <\/strong><\/p>\n\n<p>L&#8217;av\u00eds legal regula l&#8217;acc\u00e9s i \u00fas dels Usuaris a la p\u00e0gina web i t\u00e9 per objecte donar a con\u00e8ixer els serveis de l&#8217;entitat i permetre l&#8217;acc\u00e9s general de tots els usuaris d&#8217;Internet.<\/p>\n\n<p>L&#8217;acc\u00e9s i\/o \u00fas de la Web atribueix a qui ho realitza la condici\u00f3 d&#8217;Usuari i l&#8217;acceptaci\u00f3, sense reserves de cap mena, de totes i cadascuna de les presents condicions generals, aix\u00ed com d&#8217;aquelles altres particulars que, si escau, regeixin la utilitzaci\u00f3 del Portal o dels serveis vinculats al mateix.<\/p>\n\n<p>L&#8217;usuari ha de llegir atentament l&#8217;Av\u00eds Legal i les Pol\u00edtiques de Privacitat i de Cookies quan es proposi utilitzar la P\u00e0gina Web, at\u00e8s que VALOM, S.L., es reserva la facultat de realitzar, en qualsevol moment i sense necessitat de cap preav\u00eds, qualsevol modificaci\u00f3 o actualitzaci\u00f3 dels continguts i serveis, de les presents disposicions d&#8217;acc\u00e9s i \u00fas i, en general, de quants elements integrin el disseny i configuraci\u00f3 de la seva Web. Si no accepteu les condicions d&#8217;acc\u00e9s i \u00fas, us preguem que us absteniu d&#8217;utilitzar la Web i el seu contingut. <\/p>\n\n<p><strong>Utilitzaci\u00f3 de la p\u00e0gina web<\/strong><\/p>\n\n<p>L&#8217;Usuari es compromet a fer un \u00fas diligent de la P\u00e0gina Web, aix\u00ed com de la informaci\u00f3 relativa als seus serveis i activitats, amb total subjecci\u00f3 tant a la normativa aplicable, com a la moral i les bones costums generalment acceptades i l&#8217;ordre p\u00fablic, les condicions d&#8217;acc\u00e9s i \u00fas i quantes altres condicions establertes a la P\u00e0gina Web.<\/p>\n\n<p>A m\u00e9s, es compromet a abstenir-se d&#8217;utilitzar qualsevol dels continguts amb finalitats o efectes il\u00b7l\u00edcits, prohibits en el present text, lesions dels drets i interessos de tercers, o que de qualsevol manera puguin danyar, inutilitzar, sobrecarregar, deteriorar o impedir el normal \u00fas dels continguts, altres Usuaris o qualsevol usuari d&#8217;Internet (maquinari i programari).<\/p>\n\n<p><strong>Funcionament de la p\u00e0gina web<\/strong><\/p>\n\n<p>En cas d&#8217;incompliment de les condicions de l&#8217;Av\u00eds Legal, o les Pol\u00edtiques de Privacitat i Cookies, VALOM, S.L., es reserva el dret a limitar, suspendre i\/o excloure l&#8217;acc\u00e9s a la seva P\u00e0gina Web, adoptant qualsevol mesura t\u00e8cnica necess\u00e0ria al respecte. VALOM, S.L., far\u00e0 tot el possible per mantenir la p\u00e0gina Web en bon funcionament, evitant errors, o b\u00e9 reparant-los i mantenint els continguts actualitzats. Ara b\u00e9, VALOM, S.L., no garanteix la disponibilitat i continu\u00eftat en l&#8217;acc\u00e9s a la P\u00e0gina Web ni la inexist\u00e8ncia d&#8217;errors en el contingut.  <\/p>\n\n<p><strong>Responsabilitat<\/strong><\/p>\n\n<p>L&#8217;Usuari \u00e9s l&#8217;\u00fanic responsable de l&#8217;\u00fas que es pugui fer de qualsevol informaci\u00f3 o mecanisme de la P\u00e0gina Web.<\/p>\n\n<p>VALOM, S.L., no es far\u00e0 responsable de cap dany en el maquinari i\/o programari de l&#8217;Usuari que es derivi de l&#8217;acc\u00e9s i \u00fas de la P\u00e0gina Web. Aix\u00ed mateix, tampoc es responsabilitzar\u00e0 d&#8217;aquests danys i\/o perjudicis que es puguin ocasionar per l&#8217;acc\u00e9s i\/o \u00fas de la informaci\u00f3 de la P\u00e0gina Web, i en concret dels que es puguin produir en sistemes inform\u00e0tics o els provocats per virus \/o atacs inform\u00e0tics, caigudes, interrupcions, abs\u00e8ncia o defecte en les comunicacions i\/o Internet. <\/p>\n\n<p>L&#8217;Usuari ser\u00e0 responsable dels danys i\/o perjudicis que VALOM, S.L., pugui patir com a conseq\u00fc\u00e8ncia de l&#8217;incompliment de qualsevol de les obligacions a les quals queda sotm\u00e8s a trav\u00e9s del present Av\u00eds Legal, la normativa aplicable i la Pol\u00edtica de Privacitat i de Cookies.<\/p>\n\n<p><strong>Pol\u00edtica en mat\u00e8ria de \u201cLinks\u201d (Web enlla\u00e7adora i enlla\u00e7ada)<\/strong><\/p>\n\n<ul class=\"wp-block-list\">\n<li><strong>a) Web enlla\u00e7adora:<\/strong><\/li>\n<\/ul>\n\n<p>Els tercers que tinguin la intenci\u00f3 d&#8217;incloure en una p\u00e0gina web un enlla\u00e7 de la present p\u00e0gina hauran de complir amb la legislaci\u00f3 vigent i no podran allotjar continguts que siguin inapropiats, il\u00b7legals, pornogr\u00e0fics, violents, etc.<\/p>\n\n<p>En cap cas VALOM, S.L., es fa responsable del contingut de la P\u00e0gina Web, ni promou, garanteix, supervisa ni recomana els continguts d&#8217;aquesta.<\/p>\n\n<p>Si la Web enlla\u00e7adora incompleix algun dels aspectes anteriors estar\u00e0 obligada a suprimir l&#8217;enlla\u00e7 de manera immediata.<\/p>\n\n<ul class=\"wp-block-list\">\n<li><strong>b) Web enlla\u00e7ada:<\/strong><\/li>\n<\/ul>\n\n<p>En aquesta P\u00e0gina Web es poden incloure enlla\u00e7os de p\u00e0gines web de tercers que permetin a l&#8217;Usuari accedir-hi. No obstant aix\u00f2, VALOM, S.L., no es fa responsable del contingut d&#8217;aquestes p\u00e0gines web enlla\u00e7ades, sin\u00f3 que ser\u00e0 l&#8217;Usuari qui haur\u00e0 d&#8217;acceptar i comprovar els accessos cada vegada que accedeixi. <\/p>\n\n<p>Tals enlla\u00e7os o mencions tenen una finalitat que no impliquen el suport, l&#8217;aprovaci\u00f3, comercialitzaci\u00f3 o relaci\u00f3 alguna entre la p\u00e0gina i les persones o entitats titulars dels llocs on es trobin.<\/p>\n\n<p><strong>Propietat Intel\u00b7lectual i Industrial sobre els continguts<\/strong><\/p>\n\n<p>VALOM, S.L., o els seus llicenciants, s\u00f3n titulars de tots els drets de propietat intel\u00b7lectual sobre els Continguts de la P\u00e0gina Web, entenent com a tal tots els dissenys, bases de dades, programes d&#8217;ordinadors subjacents (codi font, incl\u00f2s), aix\u00ed com els diferents elements que integren la P\u00e0gina Web (textos, gr\u00e0fics, fotografies, v\u00eddeos, colors, etc.), estructura, ordre, etc. En relaci\u00f3 a les marques i noms comercials (\u201csignes distintius\u201d) s\u00f3n titularitat de VALOM, S.L., o els llicenciants. <\/p>\n\n<p>L&#8217;\u00fas de la P\u00e0gina Web per part de l&#8217;Usuari no suposa la cessi\u00f3 de cap dret de propietat intel\u00b7lectual ni industrial. L&#8217;Usuari t\u00e9 totalment prohibit reproduir, copiar, distribuir, posar a disposici\u00f3 o de qualsevol altra manera comunicar p\u00fablicament, transformar o modificar els Continguts o els Signes distintius, llevat que es compti amb l&#8217;autoritzaci\u00f3 del titular dels corresponents drets o aix\u00f2 resulti legalment perm\u00e8s. <\/p>\n\n<p><strong>Publicitat<\/strong><\/p>\n\n<p>A la p\u00e0gina Web podran allotjar-se continguts publicitaris o patrocinats. Els anunciants o patrocinadors s\u00f3n els \u00fanics responsables d&#8217;assegurar-se que el material enviat per a la seva inclusi\u00f3 a la Web compleix amb les lleis que en cada cas puguin ser aplicables. <\/p>\n\n<p>VALOM, S.L., no ser\u00e0 responsable de cap error, inexactitud o irregularitat que puguin contenir els continguts publicitaris o dels patrocinadors.<\/p>\n\n<p><strong>Legislaci\u00f3 aplicable<\/strong><\/p>\n\n<p>L&#8217;Av\u00eds Legal es regir\u00e0 i interpretar\u00e0 conforme a la legislaci\u00f3 espanyola.<\/p>\n\n<p>Per a la resoluci\u00f3 de qualsevol conflicte que pogu\u00e9s derivar-se de l&#8217;acc\u00e9s al lloc web, es sotmetran als jutjats o tribunals pertinents conforme a la normativa de consumidors i usuaris.<\/p>\n\n<p><strong>Contacte<\/strong><\/p>\n\n<p>Per a qualsevol pregunta o comentari sobre el present av\u00eds legal us podeu posar en contacte amb nosaltres a trav\u00e9s del correu electr\u00f2nic <a href=\"mailto:rgpd@hotelbernat.com\">rgpd@hotelbernat.com <\/a><\/p>\n\t\t\t\t\t\t\t\t<\/div>\n\t\t\t\t\t<\/div>\n\t\t\t\t<\/div>\n\t\t\t\t<\/div>\n\t\t","protected":false},"excerpt":{"rendered":"<p>Av\u00eds Legal Compliment de la Llei 34\/2002, de 11 de juliol, de Serveis de la Societat de la Informaci\u00f3 i de Comer\u00e7 Electr\u00f2nic, s&#8217;informa l&#8217;usuari que el titular de la p\u00e0gina web www.hotelbernatcalella.com de la societat VALOM, S.L. i les seves dades d&#8217;identificaci\u00f3 s\u00f3n les seg\u00fcents: Responsable: VALOM, S.L. NIF: B08815904 Domicili social: AVINGUDA DEL &#8230;<\/p>\n","protected":false},"author":1,"featured_media":15421,"parent":0,"menu_order":0,"comment_status":"closed","ping_status":"closed","template":"elementor_theme","meta":{"cozystay_single_page_hide_site_header":"","cozystay_single_page_site_header_source":"","cozystay_single_page_custom_site_header":"0","cozystay_single_page_custom_sticky_site_header":"0","cozystay_single_page_hide_page_title":"","cozystay_single_page_header_section_size":"","cozystay_single_page_header_background_color":"","cozystay_single_page_header_background_position_x":"center","cozystay_single_page_header_background_position_y":"center","cozystay_single_page_header_background_size":"cover","cozystay_single_page_header_background_repeat":"off","cozystay_single_page_header_background_scroll":"on","cozystay_single_page_header_text_color":"","cozystay_single_page_header_show_breadcrumb":"","cozystay_single_page_site_footer_hide_main":"","cozystay_single_custom_site_footer_main_source":"","cozystay_single_custom_site_footer_main":"0","cozystay_single_page_site_footer_hide_above":"","cozystay_single_custom_site_footer_above_source":"","cozystay_single_custom_site_footer_above":"0","cozystay_single_page_site_footer_hide_instagram":"","cozystay_single_page_site_footer_hide_bottom":"","cozystay_single_custom_mobile_menu_source":"","cozystay_single_custom_mobile_menu":"0","cozystay_single_custom_mobile_menu_animation":"","cozystay_single_custom_mobile_menu_width":"","cozystay_single_custom_mobile_menu_custom_width":375,"footnotes":""},"class_list":["post-10030","page","type-page","status-publish","has-post-thumbnail","hentry"],"yoast_head":"<!-- This site is optimized with the Yoast SEO plugin v27.1.1 - https:\/\/yoast.com\/product\/yoast-seo-wordpress\/ -->\n<title>Av\u00eds Legal | Hotel Bernat II<\/title>\n<meta name=\"robots\" content=\"index, follow, max-snippet:-1, max-image-preview:large, max-video-preview:-1\" \/>\n<link rel=\"canonical\" href=\"https:\/\/hotelbernatcalella.com\/ca\/avis-legal\/\" \/>\n<meta property=\"og:locale\" content=\"ca_ES\" \/>\n<meta property=\"og:type\" content=\"article\" \/>\n<meta property=\"og:title\" content=\"Av\u00eds Legal | Hotel Bernat II\" \/>\n<meta property=\"og:description\" content=\"Av\u00eds Legal Compliment de la Llei 34\/2002, de 11 de juliol, de Serveis de la Societat de la Informaci\u00f3 i de Comer\u00e7 Electr\u00f2nic, s&#8217;informa l&#8217;usuari que el titular de la p\u00e0gina web www.hotelbernatcalella.com de la societat VALOM, S.L. i les seves dades d&#8217;identificaci\u00f3 s\u00f3n les seg\u00fcents: Responsable: VALOM, S.L. NIF: B08815904 Domicili social: AVINGUDA DEL ...\" \/>\n<meta property=\"og:url\" content=\"https:\/\/hotelbernatcalella.com\/ca\/avis-legal\/\" \/>\n<meta property=\"og:site_name\" content=\"Hotel Bernat II\" \/>\n<meta property=\"article:modified_time\" content=\"2025-11-19T15:46:29+00:00\" \/>\n<meta property=\"og:image\" content=\"https:\/\/www.hotelbernatcalella.com\/wp-content\/uploads\/2025\/06\/recpecion-hotel-bernat-calella.webp\" \/>\n\t<meta property=\"og:image:width\" content=\"1024\" \/>\n\t<meta property=\"og:image:height\" content=\"768\" \/>\n\t<meta property=\"og:image:type\" content=\"image\/webp\" \/>\n<meta name=\"twitter:card\" content=\"summary_large_image\" \/>\n<meta name=\"twitter:label1\" content=\"Temps estimat de lectura\" \/>\n\t<meta name=\"twitter:data1\" content=\"6 minuts\" \/>\n<script type=\"application\/ld+json\" class=\"yoast-schema-graph\">{\"@context\":\"https:\/\/schema.org\",\"@graph\":[{\"@type\":\"WebPage\",\"@id\":\"https:\/\/hotelbernatcalella.com\/ca\/avis-legal\/\",\"url\":\"https:\/\/hotelbernatcalella.com\/ca\/avis-legal\/\",\"name\":\"Av\u00eds Legal | Hotel Bernat II\",\"isPartOf\":{\"@id\":\"https:\/\/www.hotelbernatcalella.com\/ca\/#website\"},\"primaryImageOfPage\":{\"@id\":\"https:\/\/hotelbernatcalella.com\/ca\/avis-legal\/#primaryimage\"},\"image\":{\"@id\":\"https:\/\/hotelbernatcalella.com\/ca\/avis-legal\/#primaryimage\"},\"thumbnailUrl\":\"https:\/\/hotelbernatcalella.com\/wp-content\/uploads\/2025\/06\/recpecion-hotel-bernat-calella.webp\",\"datePublished\":\"2024-09-17T10:56:31+00:00\",\"dateModified\":\"2025-11-19T15:46:29+00:00\",\"breadcrumb\":{\"@id\":\"https:\/\/hotelbernatcalella.com\/ca\/avis-legal\/#breadcrumb\"},\"inLanguage\":\"ca\",\"potentialAction\":[{\"@type\":\"ReadAction\",\"target\":[\"https:\/\/hotelbernatcalella.com\/ca\/avis-legal\/\"]}]},{\"@type\":\"ImageObject\",\"inLanguage\":\"ca\",\"@id\":\"https:\/\/hotelbernatcalella.com\/ca\/avis-legal\/#primaryimage\",\"url\":\"https:\/\/hotelbernatcalella.com\/wp-content\/uploads\/2025\/06\/recpecion-hotel-bernat-calella.webp\",\"contentUrl\":\"https:\/\/hotelbernatcalella.com\/wp-content\/uploads\/2025\/06\/recpecion-hotel-bernat-calella.webp\",\"width\":1024,\"height\":768,\"caption\":\"recepcion hotel bernat calella\"},{\"@type\":\"BreadcrumbList\",\"@id\":\"https:\/\/hotelbernatcalella.com\/ca\/avis-legal\/#breadcrumb\",\"itemListElement\":[{\"@type\":\"ListItem\",\"position\":1,\"name\":\"Portada\",\"item\":\"https:\/\/hotelbernatcalella.com\/ca\/\"},{\"@type\":\"ListItem\",\"position\":2,\"name\":\"Av\u00eds Legal\"}]},{\"@type\":\"WebSite\",\"@id\":\"https:\/\/www.hotelbernatcalella.com\/ca\/#website\",\"url\":\"https:\/\/www.hotelbernatcalella.com\/ca\/\",\"name\":\"Hotel Bernat II & Spa Calella\",\"description\":\"Hotel en Calella\",\"alternateName\":\"Hotel Bernat II & Spa\",\"potentialAction\":[{\"@type\":\"SearchAction\",\"target\":{\"@type\":\"EntryPoint\",\"urlTemplate\":\"https:\/\/www.hotelbernatcalella.com\/ca\/?s={search_term_string}\"},\"query-input\":{\"@type\":\"PropertyValueSpecification\",\"valueRequired\":true,\"valueName\":\"search_term_string\"}}],\"inLanguage\":\"ca\"}]}<\/script>\n<!-- \/ Yoast SEO plugin. -->","yoast_head_json":{"title":"Av\u00eds Legal | Hotel Bernat II","robots":{"index":"index","follow":"follow","max-snippet":"max-snippet:-1","max-image-preview":"max-image-preview:large","max-video-preview":"max-video-preview:-1"},"canonical":"https:\/\/hotelbernatcalella.com\/ca\/avis-legal\/","og_locale":"ca_ES","og_type":"article","og_title":"Av\u00eds Legal | Hotel Bernat II","og_description":"Av\u00eds Legal Compliment de la Llei 34\/2002, de 11 de juliol, de Serveis de la Societat de la Informaci\u00f3 i de Comer\u00e7 Electr\u00f2nic, s&#8217;informa l&#8217;usuari que el titular de la p\u00e0gina web www.hotelbernatcalella.com de la societat VALOM, S.L. i les seves dades d&#8217;identificaci\u00f3 s\u00f3n les seg\u00fcents: Responsable: VALOM, S.L. NIF: B08815904 Domicili social: AVINGUDA DEL ...","og_url":"https:\/\/hotelbernatcalella.com\/ca\/avis-legal\/","og_site_name":"Hotel Bernat II","article_modified_time":"2025-11-19T15:46:29+00:00","og_image":[{"width":1024,"height":768,"url":"https:\/\/www.hotelbernatcalella.com\/wp-content\/uploads\/2025\/06\/recpecion-hotel-bernat-calella.webp","type":"image\/webp"}],"twitter_card":"summary_large_image","twitter_misc":{"Temps estimat de lectura":"6 minuts"},"schema":{"@context":"https:\/\/schema.org","@graph":[{"@type":"WebPage","@id":"https:\/\/hotelbernatcalella.com\/ca\/avis-legal\/","url":"https:\/\/hotelbernatcalella.com\/ca\/avis-legal\/","name":"Av\u00eds Legal | Hotel Bernat II","isPartOf":{"@id":"https:\/\/www.hotelbernatcalella.com\/ca\/#website"},"primaryImageOfPage":{"@id":"https:\/\/hotelbernatcalella.com\/ca\/avis-legal\/#primaryimage"},"image":{"@id":"https:\/\/hotelbernatcalella.com\/ca\/avis-legal\/#primaryimage"},"thumbnailUrl":"https:\/\/hotelbernatcalella.com\/wp-content\/uploads\/2025\/06\/recpecion-hotel-bernat-calella.webp","datePublished":"2024-09-17T10:56:31+00:00","dateModified":"2025-11-19T15:46:29+00:00","breadcrumb":{"@id":"https:\/\/hotelbernatcalella.com\/ca\/avis-legal\/#breadcrumb"},"inLanguage":"ca","potentialAction":[{"@type":"ReadAction","target":["https:\/\/hotelbernatcalella.com\/ca\/avis-legal\/"]}]},{"@type":"ImageObject","inLanguage":"ca","@id":"https:\/\/hotelbernatcalella.com\/ca\/avis-legal\/#primaryimage","url":"https:\/\/hotelbernatcalella.com\/wp-content\/uploads\/2025\/06\/recpecion-hotel-bernat-calella.webp","contentUrl":"https:\/\/hotelbernatcalella.com\/wp-content\/uploads\/2025\/06\/recpecion-hotel-bernat-calella.webp","width":1024,"height":768,"caption":"recepcion hotel bernat calella"},{"@type":"BreadcrumbList","@id":"https:\/\/hotelbernatcalella.com\/ca\/avis-legal\/#breadcrumb","itemListElement":[{"@type":"ListItem","position":1,"name":"Portada","item":"https:\/\/hotelbernatcalella.com\/ca\/"},{"@type":"ListItem","position":2,"name":"Av\u00eds Legal"}]},{"@type":"WebSite","@id":"https:\/\/www.hotelbernatcalella.com\/ca\/#website","url":"https:\/\/www.hotelbernatcalella.com\/ca\/","name":"Hotel Bernat II & Spa Calella","description":"Hotel en Calella","alternateName":"Hotel Bernat II & Spa","potentialAction":[{"@type":"SearchAction","target":{"@type":"EntryPoint","urlTemplate":"https:\/\/www.hotelbernatcalella.com\/ca\/?s={search_term_string}"},"query-input":{"@type":"PropertyValueSpecification","valueRequired":true,"valueName":"search_term_string"}}],"inLanguage":"ca"}]}},"_links":{"self":[{"href":"https:\/\/hotelbernatcalella.com\/ca\/wp-json\/wp\/v2\/pages\/10030","targetHints":{"allow":["GET"]}}],"collection":[{"href":"https:\/\/hotelbernatcalella.com\/ca\/wp-json\/wp\/v2\/pages"}],"about":[{"href":"https:\/\/hotelbernatcalella.com\/ca\/wp-json\/wp\/v2\/types\/page"}],"author":[{"embeddable":true,"href":"https:\/\/hotelbernatcalella.com\/ca\/wp-json\/wp\/v2\/users\/1"}],"replies":[{"embeddable":true,"href":"https:\/\/hotelbernatcalella.com\/ca\/wp-json\/wp\/v2\/comments?post=10030"}],"version-history":[{"count":0,"href":"https:\/\/hotelbernatcalella.com\/ca\/wp-json\/wp\/v2\/pages\/10030\/revisions"}],"wp:featuredmedia":[{"embeddable":true,"href":"https:\/\/hotelbernatcalella.com\/ca\/wp-json\/wp\/v2\/media\/15421"}],"wp:attachment":[{"href":"https:\/\/hotelbernatcalella.com\/ca\/wp-json\/wp\/v2\/media?parent=10030"}],"curies":[{"name":"wp","href":"https:\/\/api.w.org\/{rel}","templated":true}]}}